{"id":2116,"date":"2014-09-05T16:53:35","date_gmt":"2014-09-05T15:53:35","guid":{"rendered":"http:\/\/www.deltaturistic.com\/paquets-turistics\/programa-escolars-4-4-dies-2\/"},"modified":"2014-09-17T16:34:00","modified_gmt":"2014-09-17T15:34:00","slug":"programa-escolars-4-4-dies","status":"publish","type":"product","link":"https:\/\/deltaturistic.com\/es\/paquets-turistics\/programa-escolars-4-4-dies\/","title":{"rendered":"Programa Escolares 04 \/ 4 d\u00edas"},"content":{"rendered":"<p>Programa dise\u00f1ado para pasar dos d\u00edas completos para las Tierras del Ebro, para aquellos que ya tienen m\u00e1s inquietudes y quieren realizar diferentes actividades que nos har\u00e1n conocer a\u00fan m\u00e1s el paraje donde estamos.<\/p>\n<p>Actividades de todo tipo, desde rutas en BTT, talleres varios hasta cruceros por el r\u00edo Ebro.<\/p>\n<p>Una forma de disfrutar de varios d\u00edas por las Tierras del Ebro.<\/p>\n<p><strong>1 \u00ba D\u00cdA: SENDERISMO<\/strong> <br \/>Legada al alojamiento y presentaci\u00f3n del Monitor: <br \/>Acomodaci\u00f3n del grupo. <br \/>Almuerzo. <br \/>Ruta senderista por la laguna de las Ollas <br \/>CENA. <br \/>JUEGOS O DISCOTECA: A concretar con los Profesores. <br \/>DESCANSO.<\/p>\n<p><strong>2 \u00ba D\u00cdA: PORT AVENTURA<\/strong> <br \/>DESAYUNO. <br \/>VISITA AL PARQUE DE PUERTO AVENTURA <br \/>CENA. <br \/>JUEGOS O DISCOTECA: A concretar con los profesores. <br \/>DESCANSO.<\/p>\n<p><strong>3 r D\u00cdA: ORIENTACI\u00d3N Y M\u00f3nNatura<\/strong> <br \/>DESAYUNO. <br \/>CARRERA DE ORIENTACI\u00d3N <br \/>Almuerzo. <br \/>Ecomuseo M\u00f3nNatura + perchar <br \/>CENA. <br \/>JUEGOS O DISCOTECA: A concretar con los profesores. <br \/>DESCANSO.<\/p>\n<p><strong>4 \u00ba D\u00cdA: CRUCERO<\/strong> <br \/>DESAYUNO. <br \/>CRUCERO EN BARCO POR EL EBRO <br \/>Almuerzo. <br \/>FIN de la visita y despedida del grupo.<\/p>\n<p><a href=\"http:\/\/www.deltaturistic.com\/wp-content\/uploads\/2014\/09\/orientacio1.jpg\"><img loading=\"lazy\" decoding=\"async\" class=\"alignnone size-full wp-image-2111\" src=\"http:\/\/www.deltaturistic.com\/wp-content\/uploads\/2014\/09\/orientacio1.jpg\" alt=\"orientacio1\" width=\"276\" height=\"183\" \/><\/a> <a href=\"http:\/\/www.deltaturistic.com\/wp-content\/uploads\/2014\/09\/portaventura.jpg\"><img loading=\"lazy\" decoding=\"async\" class=\"alignnone size-medium wp-image-2067\" src=\"http:\/\/www.deltaturistic.com\/wp-content\/uploads\/2014\/09\/portaventura-300x163.jpg\" alt=\"portaventura\" width=\"300\" height=\"163\" srcset=\"https:\/\/deltaturistic.com\/wp-content\/uploads\/2014\/09\/portaventura-300x164.jpg 300w, https:\/\/deltaturistic.com\/wp-content\/uploads\/2014\/09\/portaventura.jpg 304w\" sizes=\"auto, (max-width: 300px) 100vw, 300px\" \/><\/a> <a href=\"http:\/\/www.deltaturistic.com\/wp-content\/uploads\/2014\/09\/1370424005901.jpg\"><img loading=\"lazy\" decoding=\"async\" class=\"alignnone size-medium wp-image-2043\" src=\"http:\/\/www.deltaturistic.com\/wp-content\/uploads\/2014\/09\/1370424005901-300x240.jpg\" alt=\"1370424005901\" width=\"300\" height=\"240\" srcset=\"https:\/\/deltaturistic.com\/wp-content\/uploads\/2014\/09\/1370424005901-300x240.jpg 300w, https:\/\/deltaturistic.com\/wp-content\/uploads\/2014\/09\/1370424005901.jpg 320w\" sizes=\"auto, (max-width: 300px) 100vw, 300px\" \/><\/a><\/p>\n","protected":false},"excerpt":{"rendered":"<p>Programa dise\u00f1ado para pasar dos d\u00edas completos para las Tierras del Ebro, para aquellos que ya tienen m\u00e1s inquietudes y quieren realizar diferentes actividades que nos har\u00e1n conocer a\u00fan m\u00e1s el paraje donde estamos. Actividades de todo tipo, desde rutas en BTT, talleres varios hasta cruceros por el r\u00edo Ebro. Una forma de disfrutar de [&hellip;]<\/p>\n","protected":false},"featured_media":1392,"template":"","meta":[],"product_brand":[],"product_cat":[143,147],"product_tag":[],"class_list":{"0":"post-2116","1":"product","2":"type-product","3":"status-publish","4":"has-post-thumbnail","6":"product_cat-escolares","7":"product_cat-escolares-4-dias","9":"first","10":"instock","11":"shipping-taxable","12":"product-type-simple"},"yoast_head":"<!-- This site is optimized with the Yoast SEO plugin v27.1.1 - https:\/\/yoast.com\/product\/yoast-seo-wordpress\/ -->\n<title>Programa Escolares 04 \/ 4 d\u00edas - Turismo, excursiones y deportes de aventura en ell delta del Ebro<\/title>\n<meta name=\"robots\" content=\"index, follow, max-snippet:-1, max-image-preview:large, max-video-preview:-1\" \/>\n<link rel=\"canonical\" href=\"https:\/\/deltaturistic.com\/es\/paquets-turistics\/programa-escolars-4-4-dies\/\" \/>\n<meta name=\"twitter:label1\" content=\"Tiempo de lectura\" \/>\n\t<meta name=\"twitter:data1\" content=\"1 minuto\" \/>\n<script type=\"application\/ld+json\" class=\"yoast-schema-graph\">{\"@context\":\"https:\/\/schema.org\",\"@graph\":[{\"@type\":\"WebPage\",\"@id\":\"https:\/\/deltaturistic.com\/es\/paquets-turistics\/programa-escolars-4-4-dies\/\",\"url\":\"https:\/\/deltaturistic.com\/es\/paquets-turistics\/programa-escolars-4-4-dies\/\",\"name\":\"Programa Escolares 04 \/ 4 d\u00edas - Turismo, excursiones y deportes de aventura en ell delta del Ebro\",\"isPartOf\":{\"@id\":\"https:\/\/deltaturistic.com\/es\/#website\"},\"primaryImageOfPage\":{\"@id\":\"https:\/\/deltaturistic.com\/es\/paquets-turistics\/programa-escolars-4-4-dies\/#primaryimage\"},\"image\":{\"@id\":\"https:\/\/deltaturistic.com\/es\/paquets-turistics\/programa-escolars-4-4-dies\/#primaryimage\"},\"thumbnailUrl\":\"https:\/\/deltaturistic.com\/wp-content\/uploads\/2014\/05\/1371637455444.jpg\",\"datePublished\":\"2014-09-05T15:53:35+00:00\",\"dateModified\":\"2014-09-17T15:34:00+00:00\",\"breadcrumb\":{\"@id\":\"https:\/\/deltaturistic.com\/es\/paquets-turistics\/programa-escolars-4-4-dies\/#breadcrumb\"},\"inLanguage\":\"es\",\"potentialAction\":[{\"@type\":\"ReadAction\",\"target\":[\"https:\/\/deltaturistic.com\/es\/paquets-turistics\/programa-escolars-4-4-dies\/\"]}]},{\"@type\":\"ImageObject\",\"inLanguage\":\"es\",\"@id\":\"https:\/\/deltaturistic.com\/es\/paquets-turistics\/programa-escolars-4-4-dies\/#primaryimage\",\"url\":\"https:\/\/deltaturistic.com\/wp-content\/uploads\/2014\/05\/1371637455444.jpg\",\"contentUrl\":\"https:\/\/deltaturistic.com\/wp-content\/uploads\/2014\/05\/1371637455444.jpg\",\"width\":320,\"height\":256},{\"@type\":\"BreadcrumbList\",\"@id\":\"https:\/\/deltaturistic.com\/es\/paquets-turistics\/programa-escolars-4-4-dies\/#breadcrumb\",\"itemListElement\":[{\"@type\":\"ListItem\",\"position\":1,\"name\":\"Inici\",\"item\":\"https:\/\/deltaturistic.com\/es\/\"},{\"@type\":\"ListItem\",\"position\":2,\"name\":\"Productes tur\u00edstics\",\"item\":\"https:\/\/deltaturistic.com\/paquets-turistics\/\"},{\"@type\":\"ListItem\",\"position\":3,\"name\":\"Programa Escolares 04 \/ 4 d\u00edas\"}]},{\"@type\":\"WebSite\",\"@id\":\"https:\/\/deltaturistic.com\/es\/#website\",\"url\":\"https:\/\/deltaturistic.com\/es\/\",\"name\":\"Turismo, excursiones y deportes de aventura en ell delta del Ebro\",\"description\":\"Turismo, excursiones y deportes de aventura en el delta del Ebro. Agencia de Viages Deltaturistic\",\"potentialAction\":[{\"@type\":\"SearchAction\",\"target\":{\"@type\":\"EntryPoint\",\"urlTemplate\":\"https:\/\/deltaturistic.com\/es\/?s={search_term_string}\"},\"query-input\":{\"@type\":\"PropertyValueSpecification\",\"valueRequired\":true,\"valueName\":\"search_term_string\"}}],\"inLanguage\":\"es\"}]}<\/script>\n<!-- \/ Yoast SEO plugin. -->","yoast_head_json":{"title":"Programa Escolares 04 \/ 4 d\u00edas - Turismo, excursiones y deportes de aventura en ell delta del Ebro","robots":{"index":"index","follow":"follow","max-snippet":"max-snippet:-1","max-image-preview":"max-image-preview:large","max-video-preview":"max-video-preview:-1"},"canonical":"https:\/\/deltaturistic.com\/es\/paquets-turistics\/programa-escolars-4-4-dies\/","twitter_misc":{"Tiempo de lectura":"1 minuto"},"schema":{"@context":"https:\/\/schema.org","@graph":[{"@type":"WebPage","@id":"https:\/\/deltaturistic.com\/es\/paquets-turistics\/programa-escolars-4-4-dies\/","url":"https:\/\/deltaturistic.com\/es\/paquets-turistics\/programa-escolars-4-4-dies\/","name":"Programa Escolares 04 \/ 4 d\u00edas - Turismo, excursiones y deportes de aventura en ell delta del Ebro","isPartOf":{"@id":"https:\/\/deltaturistic.com\/es\/#website"},"primaryImageOfPage":{"@id":"https:\/\/deltaturistic.com\/es\/paquets-turistics\/programa-escolars-4-4-dies\/#primaryimage"},"image":{"@id":"https:\/\/deltaturistic.com\/es\/paquets-turistics\/programa-escolars-4-4-dies\/#primaryimage"},"thumbnailUrl":"https:\/\/deltaturistic.com\/wp-content\/uploads\/2014\/05\/1371637455444.jpg","datePublished":"2014-09-05T15:53:35+00:00","dateModified":"2014-09-17T15:34:00+00:00","breadcrumb":{"@id":"https:\/\/deltaturistic.com\/es\/paquets-turistics\/programa-escolars-4-4-dies\/#breadcrumb"},"inLanguage":"es","potentialAction":[{"@type":"ReadAction","target":["https:\/\/deltaturistic.com\/es\/paquets-turistics\/programa-escolars-4-4-dies\/"]}]},{"@type":"ImageObject","inLanguage":"es","@id":"https:\/\/deltaturistic.com\/es\/paquets-turistics\/programa-escolars-4-4-dies\/#primaryimage","url":"https:\/\/deltaturistic.com\/wp-content\/uploads\/2014\/05\/1371637455444.jpg","contentUrl":"https:\/\/deltaturistic.com\/wp-content\/uploads\/2014\/05\/1371637455444.jpg","width":320,"height":256},{"@type":"BreadcrumbList","@id":"https:\/\/deltaturistic.com\/es\/paquets-turistics\/programa-escolars-4-4-dies\/#breadcrumb","itemListElement":[{"@type":"ListItem","position":1,"name":"Inici","item":"https:\/\/deltaturistic.com\/es\/"},{"@type":"ListItem","position":2,"name":"Productes tur\u00edstics","item":"https:\/\/deltaturistic.com\/paquets-turistics\/"},{"@type":"ListItem","position":3,"name":"Programa Escolares 04 \/ 4 d\u00edas"}]},{"@type":"WebSite","@id":"https:\/\/deltaturistic.com\/es\/#website","url":"https:\/\/deltaturistic.com\/es\/","name":"Turismo, excursiones y deportes de aventura en ell delta del Ebro","description":"Turismo, excursiones y deportes de aventura en el delta del Ebro. Agencia de Viages Deltaturistic","potentialAction":[{"@type":"SearchAction","target":{"@type":"EntryPoint","urlTemplate":"https:\/\/deltaturistic.com\/es\/?s={search_term_string}"},"query-input":{"@type":"PropertyValueSpecification","valueRequired":true,"valueName":"search_term_string"}}],"inLanguage":"es"}]}},"_links":{"self":[{"href":"https:\/\/deltaturistic.com\/es\/wp-json\/wp\/v2\/product\/2116","targetHints":{"allow":["GET"]}}],"collection":[{"href":"https:\/\/deltaturistic.com\/es\/wp-json\/wp\/v2\/product"}],"about":[{"href":"https:\/\/deltaturistic.com\/es\/wp-json\/wp\/v2\/types\/product"}],"wp:featuredmedia":[{"embeddable":true,"href":"https:\/\/deltaturistic.com\/es\/wp-json\/wp\/v2\/media\/1392"}],"wp:attachment":[{"href":"https:\/\/deltaturistic.com\/es\/wp-json\/wp\/v2\/media?parent=2116"}],"wp:term":[{"taxonomy":"product_brand","embeddable":true,"href":"https:\/\/deltaturistic.com\/es\/wp-json\/wp\/v2\/product_brand?post=2116"},{"taxonomy":"product_cat","embeddable":true,"href":"https:\/\/deltaturistic.com\/es\/wp-json\/wp\/v2\/product_cat?post=2116"},{"taxonomy":"product_tag","embeddable":true,"href":"https:\/\/deltaturistic.com\/es\/wp-json\/wp\/v2\/product_tag?post=2116"}],"curies":[{"name":"wp","href":"https:\/\/api.w.org\/{rel}","templated":true}]}}