{"id":2164,"date":"2014-09-06T16:00:24","date_gmt":"2014-09-06T15:00:24","guid":{"rendered":"http:\/\/www.deltaturistic.com\/?post_type=product&#038;p=2164"},"modified":"2014-09-06T16:02:07","modified_gmt":"2014-09-06T15:02:07","slug":"programa-escolars-4-6-dies","status":"publish","type":"product","link":"https:\/\/deltaturistic.com\/es\/paquets-turistics\/programa-escolars-4-6-dies\/","title":{"rendered":"Programa Escolares 4 \/ 6 d\u00edas"},"content":{"rendered":"<p>Programa dise\u00f1ado para pasar dos d\u00edas completos para las Tierras del Ebro, para aquellos que ya tienen m\u00e1s inquietudes y quieren realizar diferentes actividades que nos har\u00e1n conocer a\u00fan m\u00e1s el paraje donde estamos.<\/p>\n<p>Actividades de todo tipo, desde rutas en BTT, talleres varios hasta cruceros por el r\u00edo Ebro.<\/p>\n<p>Una forma de disfrutar de varios d\u00edas por las Tierras del Ebro.<\/p>\n<p><strong>1 \u00ba D\u00cdA: LLEGADA Y ALOJAMIENTO<\/strong> <br \/>Llegada al alojamiento y presentaci\u00f3n del monitor: <br \/>ACOMODACI\u00d3N del grupo. <br \/>CENA. JUEGOS O DISCOTECA: A concretar con los profesores. <br \/>DESCANSO.<\/p>\n<p><strong>2 \u00ba D\u00cdA: PORT AVENTURA<\/strong> <br \/>DESAYUNO. <br \/>Visita al Parque tem\u00e1tico de Port Aventura <br \/>COMIDA tipo PIC-NIC. <br \/>Continuaci\u00f3n de la visita <br \/>CENA. JUEGOS O DISCOTECA: A concretar con los profesores. <br \/>DESCANSO.<\/p>\n<p><strong>3 \u00ba D\u00cdA: M\u00f3nNatura Y ORIENTACI\u00d3N<\/strong> <br \/>DESAYUNO. <br \/>M\u00f3nNatura + perchar <br \/>COMIDA. <br \/>Carrera de orientaci\u00f3n. <br \/>CENA. JUEGOS O DISCOTECA: A concretar con los profesores. <br \/>DESCANSO.<\/p>\n<p><strong>4 \u00ba D\u00cdA: DEPORTES<\/strong> <br \/>DESAYUNO. <br \/>Pirag\u00fcismo. <br \/>COMIDA tipo PIC-NIC. <br \/>Multiactividades. <br \/>CENA. JUEGOS O DISCOTECA: A concretar con los profesores. <br \/>DESCANSO.<\/p>\n<p><strong>5 \u00ba D\u00cdA: VISITA AL PARQUE Y ECOMUSEU<\/strong> <br \/>DESAYUNO. <br \/>Visita a la zona Norte del Parque <br \/>Visita al Ecomuseo del Parque <br \/>COMIDA, tipo PIC-NIC <br \/>Crucero en barco por el Ebro <br \/>CENA. JUEGOS O DISCOTECA: A concretar con los profesores. <br \/>DESCANSO.<\/p>\n<p><strong>6 \u00ba D\u00cdA: GOLF O PADEL<\/strong> <br \/>DESAYUNO. <br \/>Iniciaci\u00f3n al Golf. <br \/>COMIDA. <br \/>FIN de la visita y despedida del grupo.<\/p>\n<p><a href=\"http:\/\/www.deltaturistic.com\/wp-content\/uploads\/2014\/09\/portaventura.jpg\"><img loading=\"lazy\" decoding=\"async\" class=\"alignnone size-medium wp-image-2067\" src=\"http:\/\/www.deltaturistic.com\/wp-content\/uploads\/2014\/09\/portaventura-300x163.jpg\" alt=\"portaventura\" width=\"300\" height=\"163\" srcset=\"https:\/\/deltaturistic.com\/wp-content\/uploads\/2014\/09\/portaventura-300x164.jpg 300w, https:\/\/deltaturistic.com\/wp-content\/uploads\/2014\/09\/portaventura.jpg 304w\" sizes=\"auto, (max-width: 300px) 100vw, 300px\" \/><\/a> <a href=\"http:\/\/www.deltaturistic.com\/wp-content\/uploads\/2014\/09\/orientacio1.jpg\"><img loading=\"lazy\" decoding=\"async\" class=\"alignnone size-full wp-image-2111\" src=\"http:\/\/www.deltaturistic.com\/wp-content\/uploads\/2014\/09\/orientacio1.jpg\" alt=\"orientacio1\" width=\"276\" height=\"183\" \/><\/a> <a href=\"http:\/\/www.deltaturistic.com\/wp-content\/uploads\/2014\/07\/CANOA2.jpg\"><img loading=\"lazy\" decoding=\"async\" class=\"alignnone size-medium wp-image-648\" src=\"http:\/\/www.deltaturistic.com\/wp-content\/uploads\/2014\/07\/CANOA2-300x225.jpg\" alt=\"Kayak al delta de l'Ebre\" width=\"300\" height=\"225\" srcset=\"https:\/\/deltaturistic.com\/wp-content\/uploads\/2014\/07\/CANOA2-300x225.jpg 300w, https:\/\/deltaturistic.com\/wp-content\/uploads\/2014\/07\/CANOA2-600x450.jpg 600w, https:\/\/deltaturistic.com\/wp-content\/uploads\/2014\/07\/CANOA2-100x75.jpg 100w, https:\/\/deltaturistic.com\/wp-content\/uploads\/2014\/07\/CANOA2.jpg 1024w\" sizes=\"auto, (max-width: 300px) 100vw, 300px\" \/><\/a> <a href=\"http:\/\/www.deltaturistic.com\/wp-content\/uploads\/2014\/07\/golf.jpg\"><img loading=\"lazy\" decoding=\"async\" class=\"alignnone size-medium wp-image-611\" src=\"http:\/\/www.deltaturistic.com\/wp-content\/uploads\/2014\/07\/golf-300x240.jpg\" alt=\"golf al delta de l'Ebre\" width=\"300\" height=\"240\" srcset=\"https:\/\/deltaturistic.com\/wp-content\/uploads\/2014\/07\/golf-300x240.jpg 300w, https:\/\/deltaturistic.com\/wp-content\/uploads\/2014\/07\/golf.jpg 400w\" sizes=\"auto, (max-width: 300px) 100vw, 300px\" \/><\/a><\/p>\n","protected":false},"excerpt":{"rendered":"<p>Programa dise\u00f1ado para pasar dos d\u00edas completos para las Tierras del Ebro, para aquellos que ya tienen m\u00e1s inquietudes y quieren realizar diferentes actividades que nos har\u00e1n conocer a\u00fan m\u00e1s el paraje donde estamos. Actividades de todo tipo, desde rutas en BTT, talleres varios hasta cruceros por el r\u00edo Ebro. Una forma de disfrutar de [&hellip;]<\/p>\n","protected":false},"featured_media":1392,"template":"","meta":[],"product_brand":[],"product_cat":[143,149],"product_tag":[],"class_list":{"0":"post-2164","1":"product","2":"type-product","3":"status-publish","4":"has-post-thumbnail","6":"product_cat-escolares","7":"product_cat-escolares-6-dias","9":"first","10":"instock","11":"shipping-taxable","12":"product-type-simple"},"yoast_head":"<!-- This site is optimized with the Yoast SEO plugin v27.1.1 - https:\/\/yoast.com\/product\/yoast-seo-wordpress\/ -->\n<title>Programa Escolares 4 \/ 6 d\u00edas - Turismo, excursiones y deportes de aventura en ell delta del Ebro<\/title>\n<meta name=\"robots\" content=\"index, follow, max-snippet:-1, max-image-preview:large, max-video-preview:-1\" \/>\n<link rel=\"canonical\" href=\"https:\/\/deltaturistic.com\/es\/paquets-turistics\/programa-escolars-4-6-dies\/\" \/>\n<meta name=\"twitter:label1\" content=\"Tiempo de lectura\" \/>\n\t<meta name=\"twitter:data1\" content=\"1 minuto\" \/>\n<script type=\"application\/ld+json\" class=\"yoast-schema-graph\">{\"@context\":\"https:\/\/schema.org\",\"@graph\":[{\"@type\":\"WebPage\",\"@id\":\"https:\/\/deltaturistic.com\/es\/paquets-turistics\/programa-escolars-4-6-dies\/\",\"url\":\"https:\/\/deltaturistic.com\/es\/paquets-turistics\/programa-escolars-4-6-dies\/\",\"name\":\"Programa Escolares 4 \/ 6 d\u00edas - Turismo, excursiones y deportes de aventura en ell delta del Ebro\",\"isPartOf\":{\"@id\":\"https:\/\/deltaturistic.com\/es\/#website\"},\"primaryImageOfPage\":{\"@id\":\"https:\/\/deltaturistic.com\/es\/paquets-turistics\/programa-escolars-4-6-dies\/#primaryimage\"},\"image\":{\"@id\":\"https:\/\/deltaturistic.com\/es\/paquets-turistics\/programa-escolars-4-6-dies\/#primaryimage\"},\"thumbnailUrl\":\"https:\/\/deltaturistic.com\/wp-content\/uploads\/2014\/05\/1371637455444.jpg\",\"datePublished\":\"2014-09-06T15:00:24+00:00\",\"dateModified\":\"2014-09-06T15:02:07+00:00\",\"breadcrumb\":{\"@id\":\"https:\/\/deltaturistic.com\/es\/paquets-turistics\/programa-escolars-4-6-dies\/#breadcrumb\"},\"inLanguage\":\"es\",\"potentialAction\":[{\"@type\":\"ReadAction\",\"target\":[\"https:\/\/deltaturistic.com\/es\/paquets-turistics\/programa-escolars-4-6-dies\/\"]}]},{\"@type\":\"ImageObject\",\"inLanguage\":\"es\",\"@id\":\"https:\/\/deltaturistic.com\/es\/paquets-turistics\/programa-escolars-4-6-dies\/#primaryimage\",\"url\":\"https:\/\/deltaturistic.com\/wp-content\/uploads\/2014\/05\/1371637455444.jpg\",\"contentUrl\":\"https:\/\/deltaturistic.com\/wp-content\/uploads\/2014\/05\/1371637455444.jpg\",\"width\":320,\"height\":256},{\"@type\":\"BreadcrumbList\",\"@id\":\"https:\/\/deltaturistic.com\/es\/paquets-turistics\/programa-escolars-4-6-dies\/#breadcrumb\",\"itemListElement\":[{\"@type\":\"ListItem\",\"position\":1,\"name\":\"Inici\",\"item\":\"https:\/\/deltaturistic.com\/es\/\"},{\"@type\":\"ListItem\",\"position\":2,\"name\":\"Productes tur\u00edstics\",\"item\":\"https:\/\/deltaturistic.com\/paquets-turistics\/\"},{\"@type\":\"ListItem\",\"position\":3,\"name\":\"Programa Escolares 4 \/ 6 d\u00edas\"}]},{\"@type\":\"WebSite\",\"@id\":\"https:\/\/deltaturistic.com\/es\/#website\",\"url\":\"https:\/\/deltaturistic.com\/es\/\",\"name\":\"Turismo, excursiones y deportes de aventura en ell delta del Ebro\",\"description\":\"Turismo, excursiones y deportes de aventura en el delta del Ebro. Agencia de Viages Deltaturistic\",\"potentialAction\":[{\"@type\":\"SearchAction\",\"target\":{\"@type\":\"EntryPoint\",\"urlTemplate\":\"https:\/\/deltaturistic.com\/es\/?s={search_term_string}\"},\"query-input\":{\"@type\":\"PropertyValueSpecification\",\"valueRequired\":true,\"valueName\":\"search_term_string\"}}],\"inLanguage\":\"es\"}]}<\/script>\n<!-- \/ Yoast SEO plugin. -->","yoast_head_json":{"title":"Programa Escolares 4 \/ 6 d\u00edas - Turismo, excursiones y deportes de aventura en ell delta del Ebro","robots":{"index":"index","follow":"follow","max-snippet":"max-snippet:-1","max-image-preview":"max-image-preview:large","max-video-preview":"max-video-preview:-1"},"canonical":"https:\/\/deltaturistic.com\/es\/paquets-turistics\/programa-escolars-4-6-dies\/","twitter_misc":{"Tiempo de lectura":"1 minuto"},"schema":{"@context":"https:\/\/schema.org","@graph":[{"@type":"WebPage","@id":"https:\/\/deltaturistic.com\/es\/paquets-turistics\/programa-escolars-4-6-dies\/","url":"https:\/\/deltaturistic.com\/es\/paquets-turistics\/programa-escolars-4-6-dies\/","name":"Programa Escolares 4 \/ 6 d\u00edas - Turismo, excursiones y deportes de aventura en ell delta del Ebro","isPartOf":{"@id":"https:\/\/deltaturistic.com\/es\/#website"},"primaryImageOfPage":{"@id":"https:\/\/deltaturistic.com\/es\/paquets-turistics\/programa-escolars-4-6-dies\/#primaryimage"},"image":{"@id":"https:\/\/deltaturistic.com\/es\/paquets-turistics\/programa-escolars-4-6-dies\/#primaryimage"},"thumbnailUrl":"https:\/\/deltaturistic.com\/wp-content\/uploads\/2014\/05\/1371637455444.jpg","datePublished":"2014-09-06T15:00:24+00:00","dateModified":"2014-09-06T15:02:07+00:00","breadcrumb":{"@id":"https:\/\/deltaturistic.com\/es\/paquets-turistics\/programa-escolars-4-6-dies\/#breadcrumb"},"inLanguage":"es","potentialAction":[{"@type":"ReadAction","target":["https:\/\/deltaturistic.com\/es\/paquets-turistics\/programa-escolars-4-6-dies\/"]}]},{"@type":"ImageObject","inLanguage":"es","@id":"https:\/\/deltaturistic.com\/es\/paquets-turistics\/programa-escolars-4-6-dies\/#primaryimage","url":"https:\/\/deltaturistic.com\/wp-content\/uploads\/2014\/05\/1371637455444.jpg","contentUrl":"https:\/\/deltaturistic.com\/wp-content\/uploads\/2014\/05\/1371637455444.jpg","width":320,"height":256},{"@type":"BreadcrumbList","@id":"https:\/\/deltaturistic.com\/es\/paquets-turistics\/programa-escolars-4-6-dies\/#breadcrumb","itemListElement":[{"@type":"ListItem","position":1,"name":"Inici","item":"https:\/\/deltaturistic.com\/es\/"},{"@type":"ListItem","position":2,"name":"Productes tur\u00edstics","item":"https:\/\/deltaturistic.com\/paquets-turistics\/"},{"@type":"ListItem","position":3,"name":"Programa Escolares 4 \/ 6 d\u00edas"}]},{"@type":"WebSite","@id":"https:\/\/deltaturistic.com\/es\/#website","url":"https:\/\/deltaturistic.com\/es\/","name":"Turismo, excursiones y deportes de aventura en ell delta del Ebro","description":"Turismo, excursiones y deportes de aventura en el delta del Ebro. Agencia de Viages Deltaturistic","potentialAction":[{"@type":"SearchAction","target":{"@type":"EntryPoint","urlTemplate":"https:\/\/deltaturistic.com\/es\/?s={search_term_string}"},"query-input":{"@type":"PropertyValueSpecification","valueRequired":true,"valueName":"search_term_string"}}],"inLanguage":"es"}]}},"_links":{"self":[{"href":"https:\/\/deltaturistic.com\/es\/wp-json\/wp\/v2\/product\/2164","targetHints":{"allow":["GET"]}}],"collection":[{"href":"https:\/\/deltaturistic.com\/es\/wp-json\/wp\/v2\/product"}],"about":[{"href":"https:\/\/deltaturistic.com\/es\/wp-json\/wp\/v2\/types\/product"}],"wp:featuredmedia":[{"embeddable":true,"href":"https:\/\/deltaturistic.com\/es\/wp-json\/wp\/v2\/media\/1392"}],"wp:attachment":[{"href":"https:\/\/deltaturistic.com\/es\/wp-json\/wp\/v2\/media?parent=2164"}],"wp:term":[{"taxonomy":"product_brand","embeddable":true,"href":"https:\/\/deltaturistic.com\/es\/wp-json\/wp\/v2\/product_brand?post=2164"},{"taxonomy":"product_cat","embeddable":true,"href":"https:\/\/deltaturistic.com\/es\/wp-json\/wp\/v2\/product_cat?post=2164"},{"taxonomy":"product_tag","embeddable":true,"href":"https:\/\/deltaturistic.com\/es\/wp-json\/wp\/v2\/product_tag?post=2164"}],"curies":[{"name":"wp","href":"https:\/\/api.w.org\/{rel}","templated":true}]}}