{"id":2258,"date":"2014-09-08T11:19:00","date_gmt":"2014-09-08T10:19:00","guid":{"rendered":"http:\/\/www.deltaturistic.com\/paquets-turistics\/programa-escolars-29-1-dia-2\/"},"modified":"2014-09-08T11:20:12","modified_gmt":"2014-09-08T10:20:12","slug":"programa-escolars-29-1-dia","status":"publish","type":"product","link":"https:\/\/deltaturistic.com\/es\/paquets-turistics\/programa-escolars-29-1-dia\/","title":{"rendered":"Programa Escolares 29 \/ 1 d\u00eda"},"content":{"rendered":"<p>Programa dise\u00f1ado para pasar dos d\u00edas completos para las Tierras del Ebro, para aquellos que ya tienen m\u00e1s inquietudes y quieren realizar diferentes actividades que nos har\u00e1n conocer a\u00fan m\u00e1s el paraje donde estamos.<\/p>\n<p>Actividades de todo tipo, desde rutas en BTT, talleres varios hasta cruceros por el r\u00edo Ebro.<\/p>\n<p>Una forma de disfrutar de varios d\u00edas por las Tierras del Ebro.<\/p>\n<p>\u00a0<\/p>\n<p><strong>RUTA SENDERISTA Y TALLER JUMPING CLAY<\/strong><\/p>\n<p>Punto de encuentro: consultar <br \/>RUTA SENDERISTA <br \/>Comida picnic, que llevar\u00e1 cada alumno desde casa. <br \/>TALLER DEL DELTA CON JUMPING CLAY (tipo de material moldeable con el que haremos un elemento caracter\u00edstico del delta que se pueden llevar de recuerdo). <br \/>Fin de la visita y despedida del grupo.<\/p>\n<p><a href=\"http:\/\/www.deltaturistic.com\/wp-content\/uploads\/2014\/09\/tallers.jpg\"><img loading=\"lazy\" decoding=\"async\" class=\"alignnone size-full wp-image-2194\" src=\"http:\/\/www.deltaturistic.com\/wp-content\/uploads\/2014\/09\/tallers.jpg\" alt=\"tallers\" width=\"240\" height=\"210\" \/><\/a>\u00a0<a href=\"http:\/\/www.deltaturistic.com\/wp-content\/uploads\/2014\/09\/1370424005901.jpg\"><img loading=\"lazy\" decoding=\"async\" class=\"alignnone size-medium wp-image-2043\" src=\"http:\/\/www.deltaturistic.com\/wp-content\/uploads\/2014\/09\/1370424005901-300x240.jpg\" alt=\"1370424005901\" width=\"300\" height=\"240\" srcset=\"https:\/\/deltaturistic.com\/wp-content\/uploads\/2014\/09\/1370424005901-300x240.jpg 300w, https:\/\/deltaturistic.com\/wp-content\/uploads\/2014\/09\/1370424005901.jpg 320w\" sizes=\"auto, (max-width: 300px) 100vw, 300px\" \/><\/a><\/p>\n","protected":false},"excerpt":{"rendered":"<p>Programa dise\u00f1ado para pasar dos d\u00edas completos para las Tierras del Ebro, para aquellos que ya tienen m\u00e1s inquietudes y quieren realizar diferentes actividades que nos har\u00e1n conocer a\u00fan m\u00e1s el paraje donde estamos. Actividades de todo tipo, desde rutas en BTT, talleres varios hasta cruceros por el r\u00edo Ebro. Una forma de disfrutar de [&hellip;]<\/p>\n","protected":false},"featured_media":1392,"template":"","meta":[],"product_brand":[],"product_cat":[143,144],"product_tag":[],"class_list":{"0":"post-2258","1":"product","2":"type-product","3":"status-publish","4":"has-post-thumbnail","6":"product_cat-escolares","7":"product_cat-escolares-1-dia","9":"first","10":"instock","11":"shipping-taxable","12":"product-type-simple"},"yoast_head":"<!-- This site is optimized with the Yoast SEO plugin v27.1.1 - https:\/\/yoast.com\/product\/yoast-seo-wordpress\/ -->\n<title>Programa Escolares 29 \/ 1 d\u00eda - Turismo, excursiones y deportes de aventura en ell delta del Ebro<\/title>\n<meta name=\"robots\" content=\"index, follow, max-snippet:-1, max-image-preview:large, max-video-preview:-1\" \/>\n<link rel=\"canonical\" href=\"https:\/\/deltaturistic.com\/es\/paquets-turistics\/programa-escolars-29-1-dia\/\" \/>\n<meta name=\"twitter:label1\" content=\"Tiempo de lectura\" \/>\n\t<meta name=\"twitter:data1\" content=\"1 minuto\" \/>\n<script type=\"application\/ld+json\" class=\"yoast-schema-graph\">{\"@context\":\"https:\/\/schema.org\",\"@graph\":[{\"@type\":\"WebPage\",\"@id\":\"https:\/\/deltaturistic.com\/es\/paquets-turistics\/programa-escolars-29-1-dia\/\",\"url\":\"https:\/\/deltaturistic.com\/es\/paquets-turistics\/programa-escolars-29-1-dia\/\",\"name\":\"Programa Escolares 29 \/ 1 d\u00eda - Turismo, excursiones y deportes de aventura en ell delta del Ebro\",\"isPartOf\":{\"@id\":\"https:\/\/deltaturistic.com\/es\/#website\"},\"primaryImageOfPage\":{\"@id\":\"https:\/\/deltaturistic.com\/es\/paquets-turistics\/programa-escolars-29-1-dia\/#primaryimage\"},\"image\":{\"@id\":\"https:\/\/deltaturistic.com\/es\/paquets-turistics\/programa-escolars-29-1-dia\/#primaryimage\"},\"thumbnailUrl\":\"https:\/\/deltaturistic.com\/wp-content\/uploads\/2014\/05\/1371637455444.jpg\",\"datePublished\":\"2014-09-08T10:19:00+00:00\",\"dateModified\":\"2014-09-08T10:20:12+00:00\",\"breadcrumb\":{\"@id\":\"https:\/\/deltaturistic.com\/es\/paquets-turistics\/programa-escolars-29-1-dia\/#breadcrumb\"},\"inLanguage\":\"es\",\"potentialAction\":[{\"@type\":\"ReadAction\",\"target\":[\"https:\/\/deltaturistic.com\/es\/paquets-turistics\/programa-escolars-29-1-dia\/\"]}]},{\"@type\":\"ImageObject\",\"inLanguage\":\"es\",\"@id\":\"https:\/\/deltaturistic.com\/es\/paquets-turistics\/programa-escolars-29-1-dia\/#primaryimage\",\"url\":\"https:\/\/deltaturistic.com\/wp-content\/uploads\/2014\/05\/1371637455444.jpg\",\"contentUrl\":\"https:\/\/deltaturistic.com\/wp-content\/uploads\/2014\/05\/1371637455444.jpg\",\"width\":320,\"height\":256},{\"@type\":\"BreadcrumbList\",\"@id\":\"https:\/\/deltaturistic.com\/es\/paquets-turistics\/programa-escolars-29-1-dia\/#breadcrumb\",\"itemListElement\":[{\"@type\":\"ListItem\",\"position\":1,\"name\":\"Inici\",\"item\":\"https:\/\/deltaturistic.com\/es\/\"},{\"@type\":\"ListItem\",\"position\":2,\"name\":\"Productes tur\u00edstics\",\"item\":\"https:\/\/deltaturistic.com\/paquets-turistics\/\"},{\"@type\":\"ListItem\",\"position\":3,\"name\":\"Programa Escolares 29 \/ 1 d\u00eda\"}]},{\"@type\":\"WebSite\",\"@id\":\"https:\/\/deltaturistic.com\/es\/#website\",\"url\":\"https:\/\/deltaturistic.com\/es\/\",\"name\":\"Turismo, excursiones y deportes de aventura en ell delta del Ebro\",\"description\":\"Turismo, excursiones y deportes de aventura en el delta del Ebro. Agencia de Viages Deltaturistic\",\"potentialAction\":[{\"@type\":\"SearchAction\",\"target\":{\"@type\":\"EntryPoint\",\"urlTemplate\":\"https:\/\/deltaturistic.com\/es\/?s={search_term_string}\"},\"query-input\":{\"@type\":\"PropertyValueSpecification\",\"valueRequired\":true,\"valueName\":\"search_term_string\"}}],\"inLanguage\":\"es\"}]}<\/script>\n<!-- \/ Yoast SEO plugin. -->","yoast_head_json":{"title":"Programa Escolares 29 \/ 1 d\u00eda - Turismo, excursiones y deportes de aventura en ell delta del Ebro","robots":{"index":"index","follow":"follow","max-snippet":"max-snippet:-1","max-image-preview":"max-image-preview:large","max-video-preview":"max-video-preview:-1"},"canonical":"https:\/\/deltaturistic.com\/es\/paquets-turistics\/programa-escolars-29-1-dia\/","twitter_misc":{"Tiempo de lectura":"1 minuto"},"schema":{"@context":"https:\/\/schema.org","@graph":[{"@type":"WebPage","@id":"https:\/\/deltaturistic.com\/es\/paquets-turistics\/programa-escolars-29-1-dia\/","url":"https:\/\/deltaturistic.com\/es\/paquets-turistics\/programa-escolars-29-1-dia\/","name":"Programa Escolares 29 \/ 1 d\u00eda - Turismo, excursiones y deportes de aventura en ell delta del Ebro","isPartOf":{"@id":"https:\/\/deltaturistic.com\/es\/#website"},"primaryImageOfPage":{"@id":"https:\/\/deltaturistic.com\/es\/paquets-turistics\/programa-escolars-29-1-dia\/#primaryimage"},"image":{"@id":"https:\/\/deltaturistic.com\/es\/paquets-turistics\/programa-escolars-29-1-dia\/#primaryimage"},"thumbnailUrl":"https:\/\/deltaturistic.com\/wp-content\/uploads\/2014\/05\/1371637455444.jpg","datePublished":"2014-09-08T10:19:00+00:00","dateModified":"2014-09-08T10:20:12+00:00","breadcrumb":{"@id":"https:\/\/deltaturistic.com\/es\/paquets-turistics\/programa-escolars-29-1-dia\/#breadcrumb"},"inLanguage":"es","potentialAction":[{"@type":"ReadAction","target":["https:\/\/deltaturistic.com\/es\/paquets-turistics\/programa-escolars-29-1-dia\/"]}]},{"@type":"ImageObject","inLanguage":"es","@id":"https:\/\/deltaturistic.com\/es\/paquets-turistics\/programa-escolars-29-1-dia\/#primaryimage","url":"https:\/\/deltaturistic.com\/wp-content\/uploads\/2014\/05\/1371637455444.jpg","contentUrl":"https:\/\/deltaturistic.com\/wp-content\/uploads\/2014\/05\/1371637455444.jpg","width":320,"height":256},{"@type":"BreadcrumbList","@id":"https:\/\/deltaturistic.com\/es\/paquets-turistics\/programa-escolars-29-1-dia\/#breadcrumb","itemListElement":[{"@type":"ListItem","position":1,"name":"Inici","item":"https:\/\/deltaturistic.com\/es\/"},{"@type":"ListItem","position":2,"name":"Productes tur\u00edstics","item":"https:\/\/deltaturistic.com\/paquets-turistics\/"},{"@type":"ListItem","position":3,"name":"Programa Escolares 29 \/ 1 d\u00eda"}]},{"@type":"WebSite","@id":"https:\/\/deltaturistic.com\/es\/#website","url":"https:\/\/deltaturistic.com\/es\/","name":"Turismo, excursiones y deportes de aventura en ell delta del Ebro","description":"Turismo, excursiones y deportes de aventura en el delta del Ebro. Agencia de Viages Deltaturistic","potentialAction":[{"@type":"SearchAction","target":{"@type":"EntryPoint","urlTemplate":"https:\/\/deltaturistic.com\/es\/?s={search_term_string}"},"query-input":{"@type":"PropertyValueSpecification","valueRequired":true,"valueName":"search_term_string"}}],"inLanguage":"es"}]}},"_links":{"self":[{"href":"https:\/\/deltaturistic.com\/es\/wp-json\/wp\/v2\/product\/2258","targetHints":{"allow":["GET"]}}],"collection":[{"href":"https:\/\/deltaturistic.com\/es\/wp-json\/wp\/v2\/product"}],"about":[{"href":"https:\/\/deltaturistic.com\/es\/wp-json\/wp\/v2\/types\/product"}],"wp:featuredmedia":[{"embeddable":true,"href":"https:\/\/deltaturistic.com\/es\/wp-json\/wp\/v2\/media\/1392"}],"wp:attachment":[{"href":"https:\/\/deltaturistic.com\/es\/wp-json\/wp\/v2\/media?parent=2258"}],"wp:term":[{"taxonomy":"product_brand","embeddable":true,"href":"https:\/\/deltaturistic.com\/es\/wp-json\/wp\/v2\/product_brand?post=2258"},{"taxonomy":"product_cat","embeddable":true,"href":"https:\/\/deltaturistic.com\/es\/wp-json\/wp\/v2\/product_cat?post=2258"},{"taxonomy":"product_tag","embeddable":true,"href":"https:\/\/deltaturistic.com\/es\/wp-json\/wp\/v2\/product_tag?post=2258"}],"curies":[{"name":"wp","href":"https:\/\/api.w.org\/{rel}","templated":true}]}}