{"id":2279,"date":"2014-09-09T09:26:43","date_gmt":"2014-09-09T08:26:43","guid":{"rendered":"http:\/\/www.deltaturistic.com\/paquets-turistics\/condicions-generals-2\/"},"modified":"2015-09-03T09:24:46","modified_gmt":"2015-09-03T08:24:46","slug":"condicions-generals","status":"publish","type":"product","link":"https:\/\/deltaturistic.com\/es\/paquets-turistics\/condicions-generals\/","title":{"rendered":"Condiciones Generales"},"content":{"rendered":"<p>Programa dise\u00f1ado para pasar un d\u00eda en el Delta del Ebro, realizando diferentes actividades que nos har\u00e1n conocer un poco el entorno donde estamos. <br \/>Actividades de todo tipo, desde rutas en BTT, talleres varios hasta cruceros por el r\u00edo Ebro. <br \/>Una manera de disfrutar de un d\u00eda completo por las Tierras del Ebro.<\/p>\n<p>\u00a0<\/p>\n<p>Presentaci\u00f3n:<a href=\"http:\/\/www.deltaturistic.com\/wp-content\/uploads\/2014\/05\/escolares-presentacion.pdf\">escolares-presentacion<\/a><\/p>\n<p>Actividades\u00a0opcionales:\u00a0<a href=\"http:\/\/www.deltaturistic.com\/wp-content\/uploads\/2014\/05\/escolares-actividades-opcionales.pdf\">escolares-actividades-opcionales<\/a><\/p>\n<p>Condiciones generales:\u00a0<a href=\"http:\/\/www.deltaturistic.com\/wp-content\/uploads\/2014\/05\/escolares-condiciones-generales.pdf\">escolares-condiciones-generales<\/a><\/p>\n<p>Inclusions i\u00a0exclusions:\u00a0<a href=\"http:\/\/www.deltaturistic.com\/wp-content\/uploads\/2014\/05\/escolares-inclusiones-y-exclusiones.pdf\">escolares-inclusiones-y-exclusiones<\/a><\/p>\n<p>Observaciones:\u00a0<a href=\"http:\/\/www.deltaturistic.com\/wp-content\/uploads\/2014\/05\/escolares-observaciones.pdf\">escolares-observaciones<\/a><\/p>\n<p>Recomendaciones:\u00a0<a href=\"http:\/\/www.deltaturistic.com\/wp-content\/uploads\/2014\/05\/escolares-recomendaciones.pdf\">escolares-recomendaciones<\/a><\/p>\n<p>Alojamiento:\u00a0<a href=\"http:\/\/www.deltaturistic.com\/wp-content\/uploads\/2014\/05\/escolares-alojamientos.pdf\">escolares-alojamientos<\/a><\/p>\n<p>Seguro:\u00a0<a href=\"http:\/\/www.deltaturistic.com\/wp-content\/uploads\/2014\/09\/seguro-grupos-con-actividades-intermundial.pdf\">seguro-grupos-con-actividades-intermundial<\/a><\/p>\n","protected":false},"excerpt":{"rendered":"<p>Programa dise\u00f1ado para pasar un d\u00eda en el Delta del Ebro, realizando diferentes actividades que nos har\u00e1n conocer un poco el entorno donde estamos. Actividades de todo tipo, desde rutas en BTT, talleres varios hasta cruceros por el r\u00edo Ebro. Una manera de disfrutar de un d\u00eda completo por las Tierras del Ebro. \u00a0 Presentaci\u00f3n:escolares-presentacion [&hellip;]<\/p>\n","protected":false},"featured_media":506,"template":"","meta":[],"product_brand":[],"product_cat":[143,145],"product_tag":[],"class_list":{"0":"post-2279","1":"product","2":"type-product","3":"status-publish","4":"has-post-thumbnail","6":"product_cat-escolares","7":"product_cat-escolares-2-dias","9":"first","10":"instock","11":"shipping-taxable","12":"product-type-simple"},"yoast_head":"<!-- This site is optimized with the Yoast SEO plugin v27.1.1 - https:\/\/yoast.com\/product\/yoast-seo-wordpress\/ -->\n<title>Condiciones Generales - Turismo, excursiones y deportes de aventura en ell delta del Ebro<\/title>\n<meta name=\"robots\" content=\"index, follow, max-snippet:-1, max-image-preview:large, max-video-preview:-1\" \/>\n<link rel=\"canonical\" href=\"https:\/\/deltaturistic.com\/es\/paquets-turistics\/condicions-generals\/\" \/>\n<script type=\"application\/ld+json\" class=\"yoast-schema-graph\">{\"@context\":\"https:\/\/schema.org\",\"@graph\":[{\"@type\":\"WebPage\",\"@id\":\"https:\/\/deltaturistic.com\/es\/paquets-turistics\/condicions-generals\/\",\"url\":\"https:\/\/deltaturistic.com\/es\/paquets-turistics\/condicions-generals\/\",\"name\":\"Condiciones Generales - Turismo, excursiones y deportes de aventura en ell delta del Ebro\",\"isPartOf\":{\"@id\":\"https:\/\/deltaturistic.com\/es\/#website\"},\"primaryImageOfPage\":{\"@id\":\"https:\/\/deltaturistic.com\/es\/paquets-turistics\/condicions-generals\/#primaryimage\"},\"image\":{\"@id\":\"https:\/\/deltaturistic.com\/es\/paquets-turistics\/condicions-generals\/#primaryimage\"},\"thumbnailUrl\":\"https:\/\/deltaturistic.com\/wp-content\/uploads\/2014\/05\/10-06-08_1750.jpg\",\"datePublished\":\"2014-09-09T08:26:43+00:00\",\"dateModified\":\"2015-09-03T08:24:46+00:00\",\"breadcrumb\":{\"@id\":\"https:\/\/deltaturistic.com\/es\/paquets-turistics\/condicions-generals\/#breadcrumb\"},\"inLanguage\":\"es\",\"potentialAction\":[{\"@type\":\"ReadAction\",\"target\":[\"https:\/\/deltaturistic.com\/es\/paquets-turistics\/condicions-generals\/\"]}]},{\"@type\":\"ImageObject\",\"inLanguage\":\"es\",\"@id\":\"https:\/\/deltaturistic.com\/es\/paquets-turistics\/condicions-generals\/#primaryimage\",\"url\":\"https:\/\/deltaturistic.com\/wp-content\/uploads\/2014\/05\/10-06-08_1750.jpg\",\"contentUrl\":\"https:\/\/deltaturistic.com\/wp-content\/uploads\/2014\/05\/10-06-08_1750.jpg\",\"width\":1280,\"height\":1024},{\"@type\":\"BreadcrumbList\",\"@id\":\"https:\/\/deltaturistic.com\/es\/paquets-turistics\/condicions-generals\/#breadcrumb\",\"itemListElement\":[{\"@type\":\"ListItem\",\"position\":1,\"name\":\"Inici\",\"item\":\"https:\/\/deltaturistic.com\/es\/\"},{\"@type\":\"ListItem\",\"position\":2,\"name\":\"Productes tur\u00edstics\",\"item\":\"https:\/\/deltaturistic.com\/paquets-turistics\/\"},{\"@type\":\"ListItem\",\"position\":3,\"name\":\"Condiciones Generales\"}]},{\"@type\":\"WebSite\",\"@id\":\"https:\/\/deltaturistic.com\/es\/#website\",\"url\":\"https:\/\/deltaturistic.com\/es\/\",\"name\":\"Turismo, excursiones y deportes de aventura en ell delta del Ebro\",\"description\":\"Turismo, excursiones y deportes de aventura en el delta del Ebro. Agencia de Viages Deltaturistic\",\"potentialAction\":[{\"@type\":\"SearchAction\",\"target\":{\"@type\":\"EntryPoint\",\"urlTemplate\":\"https:\/\/deltaturistic.com\/es\/?s={search_term_string}\"},\"query-input\":{\"@type\":\"PropertyValueSpecification\",\"valueRequired\":true,\"valueName\":\"search_term_string\"}}],\"inLanguage\":\"es\"}]}<\/script>\n<!-- \/ Yoast SEO plugin. -->","yoast_head_json":{"title":"Condiciones Generales - Turismo, excursiones y deportes de aventura en ell delta del Ebro","robots":{"index":"index","follow":"follow","max-snippet":"max-snippet:-1","max-image-preview":"max-image-preview:large","max-video-preview":"max-video-preview:-1"},"canonical":"https:\/\/deltaturistic.com\/es\/paquets-turistics\/condicions-generals\/","schema":{"@context":"https:\/\/schema.org","@graph":[{"@type":"WebPage","@id":"https:\/\/deltaturistic.com\/es\/paquets-turistics\/condicions-generals\/","url":"https:\/\/deltaturistic.com\/es\/paquets-turistics\/condicions-generals\/","name":"Condiciones Generales - Turismo, excursiones y deportes de aventura en ell delta del Ebro","isPartOf":{"@id":"https:\/\/deltaturistic.com\/es\/#website"},"primaryImageOfPage":{"@id":"https:\/\/deltaturistic.com\/es\/paquets-turistics\/condicions-generals\/#primaryimage"},"image":{"@id":"https:\/\/deltaturistic.com\/es\/paquets-turistics\/condicions-generals\/#primaryimage"},"thumbnailUrl":"https:\/\/deltaturistic.com\/wp-content\/uploads\/2014\/05\/10-06-08_1750.jpg","datePublished":"2014-09-09T08:26:43+00:00","dateModified":"2015-09-03T08:24:46+00:00","breadcrumb":{"@id":"https:\/\/deltaturistic.com\/es\/paquets-turistics\/condicions-generals\/#breadcrumb"},"inLanguage":"es","potentialAction":[{"@type":"ReadAction","target":["https:\/\/deltaturistic.com\/es\/paquets-turistics\/condicions-generals\/"]}]},{"@type":"ImageObject","inLanguage":"es","@id":"https:\/\/deltaturistic.com\/es\/paquets-turistics\/condicions-generals\/#primaryimage","url":"https:\/\/deltaturistic.com\/wp-content\/uploads\/2014\/05\/10-06-08_1750.jpg","contentUrl":"https:\/\/deltaturistic.com\/wp-content\/uploads\/2014\/05\/10-06-08_1750.jpg","width":1280,"height":1024},{"@type":"BreadcrumbList","@id":"https:\/\/deltaturistic.com\/es\/paquets-turistics\/condicions-generals\/#breadcrumb","itemListElement":[{"@type":"ListItem","position":1,"name":"Inici","item":"https:\/\/deltaturistic.com\/es\/"},{"@type":"ListItem","position":2,"name":"Productes tur\u00edstics","item":"https:\/\/deltaturistic.com\/paquets-turistics\/"},{"@type":"ListItem","position":3,"name":"Condiciones Generales"}]},{"@type":"WebSite","@id":"https:\/\/deltaturistic.com\/es\/#website","url":"https:\/\/deltaturistic.com\/es\/","name":"Turismo, excursiones y deportes de aventura en ell delta del Ebro","description":"Turismo, excursiones y deportes de aventura en el delta del Ebro. Agencia de Viages Deltaturistic","potentialAction":[{"@type":"SearchAction","target":{"@type":"EntryPoint","urlTemplate":"https:\/\/deltaturistic.com\/es\/?s={search_term_string}"},"query-input":{"@type":"PropertyValueSpecification","valueRequired":true,"valueName":"search_term_string"}}],"inLanguage":"es"}]}},"_links":{"self":[{"href":"https:\/\/deltaturistic.com\/es\/wp-json\/wp\/v2\/product\/2279","targetHints":{"allow":["GET"]}}],"collection":[{"href":"https:\/\/deltaturistic.com\/es\/wp-json\/wp\/v2\/product"}],"about":[{"href":"https:\/\/deltaturistic.com\/es\/wp-json\/wp\/v2\/types\/product"}],"wp:featuredmedia":[{"embeddable":true,"href":"https:\/\/deltaturistic.com\/es\/wp-json\/wp\/v2\/media\/506"}],"wp:attachment":[{"href":"https:\/\/deltaturistic.com\/es\/wp-json\/wp\/v2\/media?parent=2279"}],"wp:term":[{"taxonomy":"product_brand","embeddable":true,"href":"https:\/\/deltaturistic.com\/es\/wp-json\/wp\/v2\/product_brand?post=2279"},{"taxonomy":"product_cat","embeddable":true,"href":"https:\/\/deltaturistic.com\/es\/wp-json\/wp\/v2\/product_cat?post=2279"},{"taxonomy":"product_tag","embeddable":true,"href":"https:\/\/deltaturistic.com\/es\/wp-json\/wp\/v2\/product_tag?post=2279"}],"curies":[{"name":"wp","href":"https:\/\/api.w.org\/{rel}","templated":true}]}}