{"id":2308,"date":"2014-09-09T17:04:09","date_gmt":"2014-09-09T16:04:09","guid":{"rendered":"http:\/\/www.deltaturistic.com\/paquets-turistics\/orientacio-2\/"},"modified":"2014-09-09T17:05:23","modified_gmt":"2014-09-09T16:05:23","slug":"orientacio","status":"publish","type":"product","link":"https:\/\/deltaturistic.com\/es\/paquets-turistics\/orientacio\/","title":{"rendered":"Orientaci\u00f3n"},"content":{"rendered":"<p>Carreras de orientaci\u00f3n por diferentes emplazamientos del Delta a elegir, con un aprendizaje de c\u00f3mo funcionan las br\u00fajulas y los mapas.<\/p>\n<p>Consiste en hacer grupos dentro del propio grupo para poder hacer estas carreras, cada alumno ser\u00e1 el encargado de ocuparse de la br\u00fajula, del mapa, de encontrar las balizas &#8230;&#8230;<\/p>\n<p>Hemos creado variantes de las carreras de orientaci\u00f3n que todos conocemos y que esta adaptada a los ni\u00f1o \/ as que no est\u00e1n acostumbrados a hacer.<\/p>\n<p>\u00a0<\/p>\n<p><a href=\"http:\/\/www.deltaturistic.com\/wp-content\/uploads\/2014\/09\/orientacio.jpg\"><img loading=\"lazy\" decoding=\"async\" class=\"alignnone size-full wp-image-2305\" src=\"http:\/\/www.deltaturistic.com\/wp-content\/uploads\/2014\/09\/orientacio.jpg\" alt=\"orientacio\" width=\"275\" height=\"183\" \/><\/a> <a href=\"http:\/\/www.deltaturistic.com\/wp-content\/uploads\/2014\/09\/gr92.jpg\"><img loading=\"lazy\" decoding=\"async\" class=\"alignnone size-full wp-image-2302\" src=\"http:\/\/www.deltaturistic.com\/wp-content\/uploads\/2014\/09\/gr92.jpg\" alt=\"gr92\" width=\"259\" height=\"194\" srcset=\"https:\/\/deltaturistic.com\/wp-content\/uploads\/2014\/09\/gr92.jpg 259w, https:\/\/deltaturistic.com\/wp-content\/uploads\/2014\/09\/gr92-100x75.jpg 100w\" sizes=\"auto, (max-width: 259px) 100vw, 259px\" \/><\/a><\/p>\n<p>\u00a0<\/p>\n<p>\u00a0<\/p>\n","protected":false},"excerpt":{"rendered":"<p>Carreras de orientaci\u00f3n por diferentes emplazamientos del Delta a elegir, con un aprendizaje de c\u00f3mo funcionan las br\u00fajulas y los mapas. Consiste en hacer grupos dentro del propio grupo para poder hacer estas carreras, cada alumno ser\u00e1 el encargado de ocuparse de la br\u00fajula, del mapa, de encontrar las balizas &#8230;&#8230; Hemos creado variantes de [&hellip;]<\/p>\n","protected":false},"featured_media":2113,"template":"","meta":[],"product_brand":[],"product_cat":[391,143],"product_tag":[],"class_list":{"0":"post-2308","1":"product","2":"type-product","3":"status-publish","4":"has-post-thumbnail","6":"product_cat-activitats-es","7":"product_cat-escolares","8":"pa_adicional-calcat-i-roba-esportiva-crema-solar-repellent-de-mosquits-es","10":"first","11":"instock","12":"shipping-taxable","13":"product-type-simple"},"yoast_head":"<!-- This site is optimized with the Yoast SEO plugin v27.1.1 - https:\/\/yoast.com\/product\/yoast-seo-wordpress\/ -->\n<title>Orientaci\u00f3n - Turismo, excursiones y deportes de aventura en ell delta del Ebro<\/title>\n<meta name=\"robots\" content=\"index, follow, max-snippet:-1, max-image-preview:large, max-video-preview:-1\" \/>\n<link rel=\"canonical\" href=\"https:\/\/deltaturistic.com\/es\/paquets-turistics\/orientacio\/\" \/>\n<script type=\"application\/ld+json\" class=\"yoast-schema-graph\">{\"@context\":\"https:\/\/schema.org\",\"@graph\":[{\"@type\":\"WebPage\",\"@id\":\"https:\/\/deltaturistic.com\/es\/paquets-turistics\/orientacio\/\",\"url\":\"https:\/\/deltaturistic.com\/es\/paquets-turistics\/orientacio\/\",\"name\":\"Orientaci\u00f3n - Turismo, excursiones y deportes de aventura en ell delta del Ebro\",\"isPartOf\":{\"@id\":\"https:\/\/deltaturistic.com\/es\/#website\"},\"primaryImageOfPage\":{\"@id\":\"https:\/\/deltaturistic.com\/es\/paquets-turistics\/orientacio\/#primaryimage\"},\"image\":{\"@id\":\"https:\/\/deltaturistic.com\/es\/paquets-turistics\/orientacio\/#primaryimage\"},\"thumbnailUrl\":\"https:\/\/deltaturistic.com\/wp-content\/uploads\/2014\/09\/orientacio1.jpg\",\"datePublished\":\"2014-09-09T16:04:09+00:00\",\"dateModified\":\"2014-09-09T16:05:23+00:00\",\"breadcrumb\":{\"@id\":\"https:\/\/deltaturistic.com\/es\/paquets-turistics\/orientacio\/#breadcrumb\"},\"inLanguage\":\"es\",\"potentialAction\":[{\"@type\":\"ReadAction\",\"target\":[\"https:\/\/deltaturistic.com\/es\/paquets-turistics\/orientacio\/\"]}]},{\"@type\":\"ImageObject\",\"inLanguage\":\"es\",\"@id\":\"https:\/\/deltaturistic.com\/es\/paquets-turistics\/orientacio\/#primaryimage\",\"url\":\"https:\/\/deltaturistic.com\/wp-content\/uploads\/2014\/09\/orientacio1.jpg\",\"contentUrl\":\"https:\/\/deltaturistic.com\/wp-content\/uploads\/2014\/09\/orientacio1.jpg\",\"width\":276,\"height\":183},{\"@type\":\"BreadcrumbList\",\"@id\":\"https:\/\/deltaturistic.com\/es\/paquets-turistics\/orientacio\/#breadcrumb\",\"itemListElement\":[{\"@type\":\"ListItem\",\"position\":1,\"name\":\"Inici\",\"item\":\"https:\/\/deltaturistic.com\/es\/\"},{\"@type\":\"ListItem\",\"position\":2,\"name\":\"Productes tur\u00edstics\",\"item\":\"https:\/\/deltaturistic.com\/paquets-turistics\/\"},{\"@type\":\"ListItem\",\"position\":3,\"name\":\"Orientaci\u00f3n\"}]},{\"@type\":\"WebSite\",\"@id\":\"https:\/\/deltaturistic.com\/es\/#website\",\"url\":\"https:\/\/deltaturistic.com\/es\/\",\"name\":\"Turismo, excursiones y deportes de aventura en ell delta del Ebro\",\"description\":\"Turismo, excursiones y deportes de aventura en el delta del Ebro. Agencia de Viages Deltaturistic\",\"potentialAction\":[{\"@type\":\"SearchAction\",\"target\":{\"@type\":\"EntryPoint\",\"urlTemplate\":\"https:\/\/deltaturistic.com\/es\/?s={search_term_string}\"},\"query-input\":{\"@type\":\"PropertyValueSpecification\",\"valueRequired\":true,\"valueName\":\"search_term_string\"}}],\"inLanguage\":\"es\"}]}<\/script>\n<!-- \/ Yoast SEO plugin. -->","yoast_head_json":{"title":"Orientaci\u00f3n - Turismo, excursiones y deportes de aventura en ell delta del Ebro","robots":{"index":"index","follow":"follow","max-snippet":"max-snippet:-1","max-image-preview":"max-image-preview:large","max-video-preview":"max-video-preview:-1"},"canonical":"https:\/\/deltaturistic.com\/es\/paquets-turistics\/orientacio\/","schema":{"@context":"https:\/\/schema.org","@graph":[{"@type":"WebPage","@id":"https:\/\/deltaturistic.com\/es\/paquets-turistics\/orientacio\/","url":"https:\/\/deltaturistic.com\/es\/paquets-turistics\/orientacio\/","name":"Orientaci\u00f3n - Turismo, excursiones y deportes de aventura en ell delta del Ebro","isPartOf":{"@id":"https:\/\/deltaturistic.com\/es\/#website"},"primaryImageOfPage":{"@id":"https:\/\/deltaturistic.com\/es\/paquets-turistics\/orientacio\/#primaryimage"},"image":{"@id":"https:\/\/deltaturistic.com\/es\/paquets-turistics\/orientacio\/#primaryimage"},"thumbnailUrl":"https:\/\/deltaturistic.com\/wp-content\/uploads\/2014\/09\/orientacio1.jpg","datePublished":"2014-09-09T16:04:09+00:00","dateModified":"2014-09-09T16:05:23+00:00","breadcrumb":{"@id":"https:\/\/deltaturistic.com\/es\/paquets-turistics\/orientacio\/#breadcrumb"},"inLanguage":"es","potentialAction":[{"@type":"ReadAction","target":["https:\/\/deltaturistic.com\/es\/paquets-turistics\/orientacio\/"]}]},{"@type":"ImageObject","inLanguage":"es","@id":"https:\/\/deltaturistic.com\/es\/paquets-turistics\/orientacio\/#primaryimage","url":"https:\/\/deltaturistic.com\/wp-content\/uploads\/2014\/09\/orientacio1.jpg","contentUrl":"https:\/\/deltaturistic.com\/wp-content\/uploads\/2014\/09\/orientacio1.jpg","width":276,"height":183},{"@type":"BreadcrumbList","@id":"https:\/\/deltaturistic.com\/es\/paquets-turistics\/orientacio\/#breadcrumb","itemListElement":[{"@type":"ListItem","position":1,"name":"Inici","item":"https:\/\/deltaturistic.com\/es\/"},{"@type":"ListItem","position":2,"name":"Productes tur\u00edstics","item":"https:\/\/deltaturistic.com\/paquets-turistics\/"},{"@type":"ListItem","position":3,"name":"Orientaci\u00f3n"}]},{"@type":"WebSite","@id":"https:\/\/deltaturistic.com\/es\/#website","url":"https:\/\/deltaturistic.com\/es\/","name":"Turismo, excursiones y deportes de aventura en ell delta del Ebro","description":"Turismo, excursiones y deportes de aventura en el delta del Ebro. Agencia de Viages Deltaturistic","potentialAction":[{"@type":"SearchAction","target":{"@type":"EntryPoint","urlTemplate":"https:\/\/deltaturistic.com\/es\/?s={search_term_string}"},"query-input":{"@type":"PropertyValueSpecification","valueRequired":true,"valueName":"search_term_string"}}],"inLanguage":"es"}]}},"_links":{"self":[{"href":"https:\/\/deltaturistic.com\/es\/wp-json\/wp\/v2\/product\/2308","targetHints":{"allow":["GET"]}}],"collection":[{"href":"https:\/\/deltaturistic.com\/es\/wp-json\/wp\/v2\/product"}],"about":[{"href":"https:\/\/deltaturistic.com\/es\/wp-json\/wp\/v2\/types\/product"}],"wp:featuredmedia":[{"embeddable":true,"href":"https:\/\/deltaturistic.com\/es\/wp-json\/wp\/v2\/media\/2113"}],"wp:attachment":[{"href":"https:\/\/deltaturistic.com\/es\/wp-json\/wp\/v2\/media?parent=2308"}],"wp:term":[{"taxonomy":"product_brand","embeddable":true,"href":"https:\/\/deltaturistic.com\/es\/wp-json\/wp\/v2\/product_brand?post=2308"},{"taxonomy":"product_cat","embeddable":true,"href":"https:\/\/deltaturistic.com\/es\/wp-json\/wp\/v2\/product_cat?post=2308"},{"taxonomy":"product_tag","embeddable":true,"href":"https:\/\/deltaturistic.com\/es\/wp-json\/wp\/v2\/product_tag?post=2308"}],"curies":[{"name":"wp","href":"https:\/\/api.w.org\/{rel}","templated":true}]}}