{"id":2338,"date":"2014-09-09T18:03:09","date_gmt":"2014-09-09T17:03:09","guid":{"rendered":"http:\/\/www.deltaturistic.com\/paquets-turistics\/tallers-varis-2\/"},"modified":"2014-09-09T18:11:31","modified_gmt":"2014-09-09T17:11:31","slug":"tallers-varis","status":"publish","type":"product","link":"https:\/\/deltaturistic.com\/es\/paquets-turistics\/tallers-varis\/","title":{"rendered":"Talleres varios"},"content":{"rendered":"<p>Diferentes talleres como por ejemplo:<\/p>\n<p>Como si de un aut\u00e9ntico malabarista, se tratara, dise\u00f1aremos, realizaremos, confeccionaremos, y jugaremos con varios tipos de juegos malabares<\/p>\n<p>Colores, formas, hilos, nudos, &#8230; se mezclan para dar forma a uno de los objetos m\u00e1s utilizados de la historia, Las pulseras.<\/p>\n<p>Confeccionaremos con cartulinas, uno de los emblemas m\u00e1s t\u00edpicos y caracter\u00edsticos de la zona, La Barraca deltaica. Tambi\u00e9n explicaremos las diversas utilidades a que se destinaba.<\/p>\n<p>Mediante un cuaderno de campo y una pr\u00e1ctica visual con prism\u00e1ticos, conoceremos varios tipos de aves que habitan en el Parque Natural. Apuntaremos, colorearemos &#8230;<\/p>\n<p>Aprender\u00e1n a realizar diversos y muy variados tipos de nudos marineros, como el m\u00e1s experimentado marinero.<\/p>\n<p>Reutilizando el papel de forma que de una simple hoja de peri\u00f3dico, podamos desarrollar una flor, un pato, un libro o cualquier objeto que nos <br \/>proponemos.<\/p>\n<p>\u00a0<\/p>\n<p><a href=\"http:\/\/www.deltaturistic.com\/wp-content\/uploads\/2014\/09\/deltacompleto2.jpg\"><img loading=\"lazy\" decoding=\"async\" class=\"alignnone size-full wp-image-2332\" src=\"http:\/\/www.deltaturistic.com\/wp-content\/uploads\/2014\/09\/deltacompleto2.jpg\" alt=\"deltacompleto2\" width=\"250\" height=\"167\" \/><\/a>\u00a0<a href=\"http:\/\/www.deltaturistic.com\/wp-content\/uploads\/2014\/09\/malabars.jpg\"><img loading=\"lazy\" decoding=\"async\" class=\"alignnone  wp-image-2335\" src=\"http:\/\/www.deltaturistic.com\/wp-content\/uploads\/2014\/09\/malabars.jpg\" alt=\"malabars\" width=\"220\" height=\"165\" srcset=\"https:\/\/deltaturistic.com\/wp-content\/uploads\/2014\/09\/malabars.jpg 156w, https:\/\/deltaturistic.com\/wp-content\/uploads\/2014\/09\/malabars-100x75.jpg 100w\" sizes=\"auto, (max-width: 220px) 100vw, 220px\" \/><\/a><\/p>\n","protected":false},"excerpt":{"rendered":"<p>Diferentes talleres como por ejemplo: Como si de un aut\u00e9ntico malabarista, se tratara, dise\u00f1aremos, realizaremos, confeccionaremos, y jugaremos con varios tipos de juegos malabares Colores, formas, hilos, nudos, &#8230; se mezclan para dar forma a uno de los objetos m\u00e1s utilizados de la historia, Las pulseras. Confeccionaremos con cartulinas, uno de los emblemas m\u00e1s t\u00edpicos [&hellip;]<\/p>\n","protected":false},"featured_media":2196,"template":"","meta":[],"product_brand":[],"product_cat":[391,143],"product_tag":[],"class_list":{"0":"post-2338","1":"product","2":"type-product","3":"status-publish","4":"has-post-thumbnail","6":"product_cat-activitats-es","7":"product_cat-escolares","9":"first","10":"instock","11":"shipping-taxable","12":"product-type-simple"},"yoast_head":"<!-- This site is optimized with the Yoast SEO plugin v27.1.1 - https:\/\/yoast.com\/product\/yoast-seo-wordpress\/ -->\n<title>Talleres varios - Turismo, excursiones y deportes de aventura en ell delta del Ebro<\/title>\n<meta name=\"robots\" content=\"index, follow, max-snippet:-1, max-image-preview:large, max-video-preview:-1\" \/>\n<link rel=\"canonical\" href=\"https:\/\/deltaturistic.com\/es\/paquets-turistics\/tallers-varis\/\" \/>\n<meta name=\"twitter:label1\" content=\"Tiempo de lectura\" \/>\n\t<meta name=\"twitter:data1\" content=\"1 minuto\" \/>\n<script type=\"application\/ld+json\" class=\"yoast-schema-graph\">{\"@context\":\"https:\/\/schema.org\",\"@graph\":[{\"@type\":\"WebPage\",\"@id\":\"https:\/\/deltaturistic.com\/es\/paquets-turistics\/tallers-varis\/\",\"url\":\"https:\/\/deltaturistic.com\/es\/paquets-turistics\/tallers-varis\/\",\"name\":\"Talleres varios - Turismo, excursiones y deportes de aventura en ell delta del Ebro\",\"isPartOf\":{\"@id\":\"https:\/\/deltaturistic.com\/es\/#website\"},\"primaryImageOfPage\":{\"@id\":\"https:\/\/deltaturistic.com\/es\/paquets-turistics\/tallers-varis\/#primaryimage\"},\"image\":{\"@id\":\"https:\/\/deltaturistic.com\/es\/paquets-turistics\/tallers-varis\/#primaryimage\"},\"thumbnailUrl\":\"https:\/\/deltaturistic.com\/wp-content\/uploads\/2014\/09\/tallers.jpg\",\"datePublished\":\"2014-09-09T17:03:09+00:00\",\"dateModified\":\"2014-09-09T17:11:31+00:00\",\"breadcrumb\":{\"@id\":\"https:\/\/deltaturistic.com\/es\/paquets-turistics\/tallers-varis\/#breadcrumb\"},\"inLanguage\":\"es\",\"potentialAction\":[{\"@type\":\"ReadAction\",\"target\":[\"https:\/\/deltaturistic.com\/es\/paquets-turistics\/tallers-varis\/\"]}]},{\"@type\":\"ImageObject\",\"inLanguage\":\"es\",\"@id\":\"https:\/\/deltaturistic.com\/es\/paquets-turistics\/tallers-varis\/#primaryimage\",\"url\":\"https:\/\/deltaturistic.com\/wp-content\/uploads\/2014\/09\/tallers.jpg\",\"contentUrl\":\"https:\/\/deltaturistic.com\/wp-content\/uploads\/2014\/09\/tallers.jpg\",\"width\":240,\"height\":210},{\"@type\":\"BreadcrumbList\",\"@id\":\"https:\/\/deltaturistic.com\/es\/paquets-turistics\/tallers-varis\/#breadcrumb\",\"itemListElement\":[{\"@type\":\"ListItem\",\"position\":1,\"name\":\"Inici\",\"item\":\"https:\/\/deltaturistic.com\/es\/\"},{\"@type\":\"ListItem\",\"position\":2,\"name\":\"Productes tur\u00edstics\",\"item\":\"https:\/\/deltaturistic.com\/paquets-turistics\/\"},{\"@type\":\"ListItem\",\"position\":3,\"name\":\"Talleres varios\"}]},{\"@type\":\"WebSite\",\"@id\":\"https:\/\/deltaturistic.com\/es\/#website\",\"url\":\"https:\/\/deltaturistic.com\/es\/\",\"name\":\"Turismo, excursiones y deportes de aventura en ell delta del Ebro\",\"description\":\"Turismo, excursiones y deportes de aventura en el delta del Ebro. Agencia de Viages Deltaturistic\",\"potentialAction\":[{\"@type\":\"SearchAction\",\"target\":{\"@type\":\"EntryPoint\",\"urlTemplate\":\"https:\/\/deltaturistic.com\/es\/?s={search_term_string}\"},\"query-input\":{\"@type\":\"PropertyValueSpecification\",\"valueRequired\":true,\"valueName\":\"search_term_string\"}}],\"inLanguage\":\"es\"}]}<\/script>\n<!-- \/ Yoast SEO plugin. -->","yoast_head_json":{"title":"Talleres varios - Turismo, excursiones y deportes de aventura en ell delta del Ebro","robots":{"index":"index","follow":"follow","max-snippet":"max-snippet:-1","max-image-preview":"max-image-preview:large","max-video-preview":"max-video-preview:-1"},"canonical":"https:\/\/deltaturistic.com\/es\/paquets-turistics\/tallers-varis\/","twitter_misc":{"Tiempo de lectura":"1 minuto"},"schema":{"@context":"https:\/\/schema.org","@graph":[{"@type":"WebPage","@id":"https:\/\/deltaturistic.com\/es\/paquets-turistics\/tallers-varis\/","url":"https:\/\/deltaturistic.com\/es\/paquets-turistics\/tallers-varis\/","name":"Talleres varios - Turismo, excursiones y deportes de aventura en ell delta del Ebro","isPartOf":{"@id":"https:\/\/deltaturistic.com\/es\/#website"},"primaryImageOfPage":{"@id":"https:\/\/deltaturistic.com\/es\/paquets-turistics\/tallers-varis\/#primaryimage"},"image":{"@id":"https:\/\/deltaturistic.com\/es\/paquets-turistics\/tallers-varis\/#primaryimage"},"thumbnailUrl":"https:\/\/deltaturistic.com\/wp-content\/uploads\/2014\/09\/tallers.jpg","datePublished":"2014-09-09T17:03:09+00:00","dateModified":"2014-09-09T17:11:31+00:00","breadcrumb":{"@id":"https:\/\/deltaturistic.com\/es\/paquets-turistics\/tallers-varis\/#breadcrumb"},"inLanguage":"es","potentialAction":[{"@type":"ReadAction","target":["https:\/\/deltaturistic.com\/es\/paquets-turistics\/tallers-varis\/"]}]},{"@type":"ImageObject","inLanguage":"es","@id":"https:\/\/deltaturistic.com\/es\/paquets-turistics\/tallers-varis\/#primaryimage","url":"https:\/\/deltaturistic.com\/wp-content\/uploads\/2014\/09\/tallers.jpg","contentUrl":"https:\/\/deltaturistic.com\/wp-content\/uploads\/2014\/09\/tallers.jpg","width":240,"height":210},{"@type":"BreadcrumbList","@id":"https:\/\/deltaturistic.com\/es\/paquets-turistics\/tallers-varis\/#breadcrumb","itemListElement":[{"@type":"ListItem","position":1,"name":"Inici","item":"https:\/\/deltaturistic.com\/es\/"},{"@type":"ListItem","position":2,"name":"Productes tur\u00edstics","item":"https:\/\/deltaturistic.com\/paquets-turistics\/"},{"@type":"ListItem","position":3,"name":"Talleres varios"}]},{"@type":"WebSite","@id":"https:\/\/deltaturistic.com\/es\/#website","url":"https:\/\/deltaturistic.com\/es\/","name":"Turismo, excursiones y deportes de aventura en ell delta del Ebro","description":"Turismo, excursiones y deportes de aventura en el delta del Ebro. Agencia de Viages Deltaturistic","potentialAction":[{"@type":"SearchAction","target":{"@type":"EntryPoint","urlTemplate":"https:\/\/deltaturistic.com\/es\/?s={search_term_string}"},"query-input":{"@type":"PropertyValueSpecification","valueRequired":true,"valueName":"search_term_string"}}],"inLanguage":"es"}]}},"_links":{"self":[{"href":"https:\/\/deltaturistic.com\/es\/wp-json\/wp\/v2\/product\/2338","targetHints":{"allow":["GET"]}}],"collection":[{"href":"https:\/\/deltaturistic.com\/es\/wp-json\/wp\/v2\/product"}],"about":[{"href":"https:\/\/deltaturistic.com\/es\/wp-json\/wp\/v2\/types\/product"}],"wp:featuredmedia":[{"embeddable":true,"href":"https:\/\/deltaturistic.com\/es\/wp-json\/wp\/v2\/media\/2196"}],"wp:attachment":[{"href":"https:\/\/deltaturistic.com\/es\/wp-json\/wp\/v2\/media?parent=2338"}],"wp:term":[{"taxonomy":"product_brand","embeddable":true,"href":"https:\/\/deltaturistic.com\/es\/wp-json\/wp\/v2\/product_brand?post=2338"},{"taxonomy":"product_cat","embeddable":true,"href":"https:\/\/deltaturistic.com\/es\/wp-json\/wp\/v2\/product_cat?post=2338"},{"taxonomy":"product_tag","embeddable":true,"href":"https:\/\/deltaturistic.com\/es\/wp-json\/wp\/v2\/product_tag?post=2338"}],"curies":[{"name":"wp","href":"https:\/\/api.w.org\/{rel}","templated":true}]}}