{"id":2369,"date":"2014-09-10T11:46:34","date_gmt":"2014-09-10T10:46:34","guid":{"rendered":"http:\/\/www.deltaturistic.com\/paquets-turistics\/descens-de-barrancs-2\/"},"modified":"2019-07-11T09:06:53","modified_gmt":"2019-07-11T08:06:53","slug":"descens-de-barrancs","status":"publish","type":"product","link":"https:\/\/deltaturistic.com\/es\/paquets-turistics\/descens-de-barrancs\/","title":{"rendered":"Descenso de Barrancos"},"content":{"rendered":"<p>Pr\u00e1ctica deportiva que consiste en seguir el curso de un r\u00edo o de un torrente a trav\u00e9s de un barranco, combinando la nataci\u00f3n, la escalada y la espeleolog\u00eda para salvar los obst\u00e1culos naturales del recorrido.<\/p>\n<p>Este barranco es de nivel inicial, acu\u00e1tico y de una enorme calidad paisaj\u00edstica. Empezamos vende temprano por la ma\u00f1ana para dirigirnos a la zona de los Puertos de Tortosa &#8211; Beceite, nos equipamos con los trajes de neopreno y casco y comenzamos nuestra ascensi\u00f3n a pie hasta el punto de inicio de agua, donde con un primer salto comenzar\u00e1 nuestra aventura del d\u00eda. Finalizado el barranco tendremos tiempo de comer y seguidamente volveremos hacia el hotel.<\/p>\n<p>Es una actividad a partir de secundaria.<\/p>\n<p>\u00a0<\/p>\n<p><a href=\"http:\/\/www.deltaturistic.com\/wp-content\/uploads\/2014\/09\/223475_203891782983156_473172_n.jpg\"><img loading=\"lazy\" decoding=\"async\" class=\"alignnone size-medium wp-image-2208\" src=\"http:\/\/www.deltaturistic.com\/wp-content\/uploads\/2014\/09\/223475_203891782983156_473172_n-300x225.jpg\" alt=\"223475_203891782983156_473172_n\" width=\"300\" height=\"225\" srcset=\"https:\/\/deltaturistic.com\/wp-content\/uploads\/2014\/09\/223475_203891782983156_473172_n-300x225.jpg 300w, https:\/\/deltaturistic.com\/wp-content\/uploads\/2014\/09\/223475_203891782983156_473172_n-600x450.jpg 600w, https:\/\/deltaturistic.com\/wp-content\/uploads\/2014\/09\/223475_203891782983156_473172_n-100x75.jpg 100w, https:\/\/deltaturistic.com\/wp-content\/uploads\/2014\/09\/223475_203891782983156_473172_n.jpg 720w\" sizes=\"auto, (max-width: 300px) 100vw, 300px\" \/><\/a> <a href=\"http:\/\/www.deltaturistic.com\/wp-content\/uploads\/2014\/09\/223448_203891749649826_6038720_n.jpg\"><img loading=\"lazy\" decoding=\"async\" class=\"alignnone size-medium wp-image-2205\" src=\"http:\/\/www.deltaturistic.com\/wp-content\/uploads\/2014\/09\/223448_203891749649826_6038720_n-225x300.jpg\" alt=\"223448_203891749649826_6038720_n\" width=\"225\" height=\"300\" srcset=\"https:\/\/deltaturistic.com\/wp-content\/uploads\/2014\/09\/223448_203891749649826_6038720_n-225x300.jpg 225w, https:\/\/deltaturistic.com\/wp-content\/uploads\/2014\/09\/223448_203891749649826_6038720_n-300x400.jpg 300w, https:\/\/deltaturistic.com\/wp-content\/uploads\/2014\/09\/223448_203891749649826_6038720_n.jpg 540w\" sizes=\"auto, (max-width: 225px) 100vw, 225px\" \/><\/a><\/p>\n<p><a href=\"http:\/\/www.deltaturistic.com\/wp-content\/uploads\/2014\/02\/65101400_1519767.jpg\"><img loading=\"lazy\" decoding=\"async\" class=\"alignnone  wp-image-40\" src=\"http:\/\/www.deltaturistic.com\/wp-content\/uploads\/2014\/02\/65101400_1519767-300x135.jpg\" alt=\"65101400_1519767\" width=\"384\" height=\"173\" srcset=\"https:\/\/deltaturistic.com\/wp-content\/uploads\/2014\/02\/65101400_1519767-300x135.jpg 300w, https:\/\/deltaturistic.com\/wp-content\/uploads\/2014\/02\/65101400_1519767-670x300.jpg 670w, https:\/\/deltaturistic.com\/wp-content\/uploads\/2014\/02\/65101400_1519767.jpg 1018w\" sizes=\"auto, (max-width: 384px) 100vw, 384px\" \/><\/a><\/p>\n<p>\u00a0<\/p>\n","protected":false},"excerpt":{"rendered":"<p>Pr\u00e1ctica deportiva que consiste en seguir el curso de un r\u00edo o de un torrente a trav\u00e9s de un barranco, combinando la nataci\u00f3n, la escalada y la espeleolog\u00eda para salvar los obst\u00e1culos naturales del recorrido. Este barranco es de nivel inicial, acu\u00e1tico y de una enorme calidad paisaj\u00edstica. Empezamos vende temprano por la ma\u00f1ana para [&hellip;]<\/p>\n","protected":false},"featured_media":1522,"template":"","meta":[],"product_brand":[],"product_cat":[391,143],"product_tag":[],"class_list":{"0":"post-2369","1":"product","2":"type-product","3":"status-publish","4":"has-post-thumbnail","6":"product_cat-activitats-es","7":"product_cat-escolares","8":"pa_adicional-banador-toalla-crema-solar-calzado-deportivo","10":"first","11":"instock","12":"shipping-taxable","13":"product-type-simple"},"yoast_head":"<!-- This site is optimized with the Yoast SEO plugin v27.1.1 - https:\/\/yoast.com\/product\/yoast-seo-wordpress\/ -->\n<title>Descenso de Barrancos - Turismo, excursiones y deportes de aventura en ell delta del Ebro<\/title>\n<meta name=\"robots\" content=\"index, follow, max-snippet:-1, max-image-preview:large, max-video-preview:-1\" \/>\n<link rel=\"canonical\" href=\"https:\/\/deltaturistic.com\/es\/paquets-turistics\/descens-de-barrancs\/\" \/>\n<meta name=\"twitter:label1\" content=\"Tiempo de lectura\" \/>\n\t<meta name=\"twitter:data1\" content=\"1 minuto\" \/>\n<script type=\"application\/ld+json\" class=\"yoast-schema-graph\">{\"@context\":\"https:\/\/schema.org\",\"@graph\":[{\"@type\":\"WebPage\",\"@id\":\"https:\/\/deltaturistic.com\/es\/paquets-turistics\/descens-de-barrancs\/\",\"url\":\"https:\/\/deltaturistic.com\/es\/paquets-turistics\/descens-de-barrancs\/\",\"name\":\"Descenso de Barrancos - Turismo, excursiones y deportes de aventura en ell delta del Ebro\",\"isPartOf\":{\"@id\":\"https:\/\/deltaturistic.com\/es\/#website\"},\"primaryImageOfPage\":{\"@id\":\"https:\/\/deltaturistic.com\/es\/paquets-turistics\/descens-de-barrancs\/#primaryimage\"},\"image\":{\"@id\":\"https:\/\/deltaturistic.com\/es\/paquets-turistics\/descens-de-barrancs\/#primaryimage\"},\"thumbnailUrl\":\"https:\/\/deltaturistic.com\/wp-content\/uploads\/2014\/07\/32313500_1071427.jpg\",\"datePublished\":\"2014-09-10T10:46:34+00:00\",\"dateModified\":\"2019-07-11T08:06:53+00:00\",\"breadcrumb\":{\"@id\":\"https:\/\/deltaturistic.com\/es\/paquets-turistics\/descens-de-barrancs\/#breadcrumb\"},\"inLanguage\":\"es\",\"potentialAction\":[{\"@type\":\"ReadAction\",\"target\":[\"https:\/\/deltaturistic.com\/es\/paquets-turistics\/descens-de-barrancs\/\"]}]},{\"@type\":\"ImageObject\",\"inLanguage\":\"es\",\"@id\":\"https:\/\/deltaturistic.com\/es\/paquets-turistics\/descens-de-barrancs\/#primaryimage\",\"url\":\"https:\/\/deltaturistic.com\/wp-content\/uploads\/2014\/07\/32313500_1071427.jpg\",\"contentUrl\":\"https:\/\/deltaturistic.com\/wp-content\/uploads\/2014\/07\/32313500_1071427.jpg\",\"width\":800,\"height\":600},{\"@type\":\"BreadcrumbList\",\"@id\":\"https:\/\/deltaturistic.com\/es\/paquets-turistics\/descens-de-barrancs\/#breadcrumb\",\"itemListElement\":[{\"@type\":\"ListItem\",\"position\":1,\"name\":\"Inici\",\"item\":\"https:\/\/deltaturistic.com\/es\/\"},{\"@type\":\"ListItem\",\"position\":2,\"name\":\"Productes tur\u00edstics\",\"item\":\"https:\/\/deltaturistic.com\/paquets-turistics\/\"},{\"@type\":\"ListItem\",\"position\":3,\"name\":\"Descenso de Barrancos\"}]},{\"@type\":\"WebSite\",\"@id\":\"https:\/\/deltaturistic.com\/es\/#website\",\"url\":\"https:\/\/deltaturistic.com\/es\/\",\"name\":\"Turismo, excursiones y deportes de aventura en ell delta del Ebro\",\"description\":\"Turismo, excursiones y deportes de aventura en el delta del Ebro. Agencia de Viages Deltaturistic\",\"potentialAction\":[{\"@type\":\"SearchAction\",\"target\":{\"@type\":\"EntryPoint\",\"urlTemplate\":\"https:\/\/deltaturistic.com\/es\/?s={search_term_string}\"},\"query-input\":{\"@type\":\"PropertyValueSpecification\",\"valueRequired\":true,\"valueName\":\"search_term_string\"}}],\"inLanguage\":\"es\"}]}<\/script>\n<!-- \/ Yoast SEO plugin. -->","yoast_head_json":{"title":"Descenso de Barrancos - Turismo, excursiones y deportes de aventura en ell delta del Ebro","robots":{"index":"index","follow":"follow","max-snippet":"max-snippet:-1","max-image-preview":"max-image-preview:large","max-video-preview":"max-video-preview:-1"},"canonical":"https:\/\/deltaturistic.com\/es\/paquets-turistics\/descens-de-barrancs\/","twitter_misc":{"Tiempo de lectura":"1 minuto"},"schema":{"@context":"https:\/\/schema.org","@graph":[{"@type":"WebPage","@id":"https:\/\/deltaturistic.com\/es\/paquets-turistics\/descens-de-barrancs\/","url":"https:\/\/deltaturistic.com\/es\/paquets-turistics\/descens-de-barrancs\/","name":"Descenso de Barrancos - Turismo, excursiones y deportes de aventura en ell delta del Ebro","isPartOf":{"@id":"https:\/\/deltaturistic.com\/es\/#website"},"primaryImageOfPage":{"@id":"https:\/\/deltaturistic.com\/es\/paquets-turistics\/descens-de-barrancs\/#primaryimage"},"image":{"@id":"https:\/\/deltaturistic.com\/es\/paquets-turistics\/descens-de-barrancs\/#primaryimage"},"thumbnailUrl":"https:\/\/deltaturistic.com\/wp-content\/uploads\/2014\/07\/32313500_1071427.jpg","datePublished":"2014-09-10T10:46:34+00:00","dateModified":"2019-07-11T08:06:53+00:00","breadcrumb":{"@id":"https:\/\/deltaturistic.com\/es\/paquets-turistics\/descens-de-barrancs\/#breadcrumb"},"inLanguage":"es","potentialAction":[{"@type":"ReadAction","target":["https:\/\/deltaturistic.com\/es\/paquets-turistics\/descens-de-barrancs\/"]}]},{"@type":"ImageObject","inLanguage":"es","@id":"https:\/\/deltaturistic.com\/es\/paquets-turistics\/descens-de-barrancs\/#primaryimage","url":"https:\/\/deltaturistic.com\/wp-content\/uploads\/2014\/07\/32313500_1071427.jpg","contentUrl":"https:\/\/deltaturistic.com\/wp-content\/uploads\/2014\/07\/32313500_1071427.jpg","width":800,"height":600},{"@type":"BreadcrumbList","@id":"https:\/\/deltaturistic.com\/es\/paquets-turistics\/descens-de-barrancs\/#breadcrumb","itemListElement":[{"@type":"ListItem","position":1,"name":"Inici","item":"https:\/\/deltaturistic.com\/es\/"},{"@type":"ListItem","position":2,"name":"Productes tur\u00edstics","item":"https:\/\/deltaturistic.com\/paquets-turistics\/"},{"@type":"ListItem","position":3,"name":"Descenso de Barrancos"}]},{"@type":"WebSite","@id":"https:\/\/deltaturistic.com\/es\/#website","url":"https:\/\/deltaturistic.com\/es\/","name":"Turismo, excursiones y deportes de aventura en ell delta del Ebro","description":"Turismo, excursiones y deportes de aventura en el delta del Ebro. Agencia de Viages Deltaturistic","potentialAction":[{"@type":"SearchAction","target":{"@type":"EntryPoint","urlTemplate":"https:\/\/deltaturistic.com\/es\/?s={search_term_string}"},"query-input":{"@type":"PropertyValueSpecification","valueRequired":true,"valueName":"search_term_string"}}],"inLanguage":"es"}]}},"_links":{"self":[{"href":"https:\/\/deltaturistic.com\/es\/wp-json\/wp\/v2\/product\/2369","targetHints":{"allow":["GET"]}}],"collection":[{"href":"https:\/\/deltaturistic.com\/es\/wp-json\/wp\/v2\/product"}],"about":[{"href":"https:\/\/deltaturistic.com\/es\/wp-json\/wp\/v2\/types\/product"}],"wp:featuredmedia":[{"embeddable":true,"href":"https:\/\/deltaturistic.com\/es\/wp-json\/wp\/v2\/media\/1522"}],"wp:attachment":[{"href":"https:\/\/deltaturistic.com\/es\/wp-json\/wp\/v2\/media?parent=2369"}],"wp:term":[{"taxonomy":"product_brand","embeddable":true,"href":"https:\/\/deltaturistic.com\/es\/wp-json\/wp\/v2\/product_brand?post=2369"},{"taxonomy":"product_cat","embeddable":true,"href":"https:\/\/deltaturistic.com\/es\/wp-json\/wp\/v2\/product_cat?post=2369"},{"taxonomy":"product_tag","embeddable":true,"href":"https:\/\/deltaturistic.com\/es\/wp-json\/wp\/v2\/product_tag?post=2369"}],"curies":[{"name":"wp","href":"https:\/\/api.w.org\/{rel}","templated":true}]}}