{"id":2385,"date":"2014-09-10T17:00:28","date_gmt":"2014-09-10T16:00:28","guid":{"rendered":"http:\/\/www.deltaturistic.com\/paquets-turistics\/creuer-pel-riu-ebre-2\/"},"modified":"2014-09-10T17:04:59","modified_gmt":"2014-09-10T16:04:59","slug":"creuer-pel-riu-ebre","status":"publish","type":"product","link":"https:\/\/deltaturistic.com\/es\/paquets-turistics\/creuer-pel-riu-ebre\/","title":{"rendered":"Crucero por el rio Ebro"},"content":{"rendered":"<p>Disfrutaremos de un fant\u00e1stico crucero por el R\u00edo Ebro, hasta su desembocadura en el Mar Mediterr\u00e1neo, para observar la flora y fauna del bosque de ribera, tambi\u00e9n veremos las aves que se encuentran en la orilla del r\u00edo, en la desembocadura y en las lagunas cercanas el mar.<\/p>\n<p>Tambi\u00e9n tendremos la oportunidad de poder hacer fotos en cuanto llegamos al final del r\u00edo Ebro, ya que la embarcaci\u00f3n reducir\u00e1 la marcha. Fant\u00e1sticas vistas de toda la costa Dorada y del Delta.<\/p>\n<p>Este recorrido ir\u00e1 complementado con las explicaciones del capit\u00e1n del barco<\/p>\n<p>\u00a0<\/p>\n<p><a href=\"http:\/\/www.deltaturistic.com\/wp-content\/uploads\/2014\/07\/100_0660.jpg\"><img loading=\"lazy\" decoding=\"async\" class=\"alignnone size-medium wp-image-547\" src=\"http:\/\/www.deltaturistic.com\/wp-content\/uploads\/2014\/07\/100_0660-300x225.jpg\" alt=\"Creuers delta de l'Ebre\" width=\"300\" height=\"225\" srcset=\"https:\/\/deltaturistic.com\/wp-content\/uploads\/2014\/07\/100_0660-300x225.jpg 300w, https:\/\/deltaturistic.com\/wp-content\/uploads\/2014\/07\/100_0660-1024x768.jpg 1024w, https:\/\/deltaturistic.com\/wp-content\/uploads\/2014\/07\/100_0660-600x450.jpg 600w, https:\/\/deltaturistic.com\/wp-content\/uploads\/2014\/07\/100_0660-1066x800.jpg 1066w, https:\/\/deltaturistic.com\/wp-content\/uploads\/2014\/07\/100_0660-100x75.jpg 100w\" sizes=\"auto, (max-width: 300px) 100vw, 300px\" \/><\/a> <a href=\"http:\/\/www.deltaturistic.com\/wp-content\/uploads\/2014\/09\/1369824696982.jpg\"><img loading=\"lazy\" decoding=\"async\" class=\"alignnone size-medium wp-image-2379\" src=\"http:\/\/www.deltaturistic.com\/wp-content\/uploads\/2014\/09\/1369824696982-300x225.jpg\" alt=\"1369824696982\" width=\"300\" height=\"225\" srcset=\"https:\/\/deltaturistic.com\/wp-content\/uploads\/2014\/09\/1369824696982-300x225.jpg 300w, https:\/\/deltaturistic.com\/wp-content\/uploads\/2014\/09\/1369824696982-100x75.jpg 100w, https:\/\/deltaturistic.com\/wp-content\/uploads\/2014\/09\/1369824696982.jpg 400w\" sizes=\"auto, (max-width: 300px) 100vw, 300px\" \/><\/a> <a href=\"http:\/\/www.deltaturistic.com\/wp-content\/uploads\/2014\/09\/1370684760809.jpg\"><img loading=\"lazy\" decoding=\"async\" class=\"alignnone size-medium wp-image-2382\" src=\"http:\/\/www.deltaturistic.com\/wp-content\/uploads\/2014\/09\/1370684760809-300x225.jpg\" alt=\"1370684760809\" width=\"300\" height=\"225\" srcset=\"https:\/\/deltaturistic.com\/wp-content\/uploads\/2014\/09\/1370684760809-300x225.jpg 300w, https:\/\/deltaturistic.com\/wp-content\/uploads\/2014\/09\/1370684760809-100x75.jpg 100w, https:\/\/deltaturistic.com\/wp-content\/uploads\/2014\/09\/1370684760809.jpg 400w\" sizes=\"auto, (max-width: 300px) 100vw, 300px\" \/><\/a><\/p>\n<p>\u00a0<\/p>\n","protected":false},"excerpt":{"rendered":"<p>Disfrutaremos de un fant\u00e1stico crucero por el R\u00edo Ebro, hasta su desembocadura en el Mar Mediterr\u00e1neo, para observar la flora y fauna del bosque de ribera, tambi\u00e9n veremos las aves que se encuentran en la orilla del r\u00edo, en la desembocadura y en las lagunas cercanas el mar. Tambi\u00e9n tendremos la oportunidad de poder hacer [&hellip;]<\/p>\n","protected":false},"featured_media":1280,"template":"","meta":[],"product_brand":[],"product_cat":[391,143],"product_tag":[],"class_list":{"0":"post-2385","1":"product","2":"type-product","3":"status-publish","4":"has-post-thumbnail","6":"product_cat-activitats-es","7":"product_cat-escolares","9":"first","10":"instock","11":"shipping-taxable","12":"product-type-simple"},"yoast_head":"<!-- This site is optimized with the Yoast SEO plugin v27.1.1 - https:\/\/yoast.com\/product\/yoast-seo-wordpress\/ -->\n<title>Crucero por el rio Ebro - Turismo, excursiones y deportes de aventura en ell delta del Ebro<\/title>\n<meta name=\"robots\" content=\"index, follow, max-snippet:-1, max-image-preview:large, max-video-preview:-1\" \/>\n<link rel=\"canonical\" href=\"https:\/\/deltaturistic.com\/es\/paquets-turistics\/creuer-pel-riu-ebre\/\" \/>\n<meta name=\"twitter:label1\" content=\"Tiempo de lectura\" \/>\n\t<meta name=\"twitter:data1\" content=\"1 minuto\" \/>\n<script type=\"application\/ld+json\" class=\"yoast-schema-graph\">{\"@context\":\"https:\/\/schema.org\",\"@graph\":[{\"@type\":\"WebPage\",\"@id\":\"https:\/\/deltaturistic.com\/es\/paquets-turistics\/creuer-pel-riu-ebre\/\",\"url\":\"https:\/\/deltaturistic.com\/es\/paquets-turistics\/creuer-pel-riu-ebre\/\",\"name\":\"Crucero por el rio Ebro - Turismo, excursiones y deportes de aventura en ell delta del Ebro\",\"isPartOf\":{\"@id\":\"https:\/\/deltaturistic.com\/es\/#website\"},\"primaryImageOfPage\":{\"@id\":\"https:\/\/deltaturistic.com\/es\/paquets-turistics\/creuer-pel-riu-ebre\/#primaryimage\"},\"image\":{\"@id\":\"https:\/\/deltaturistic.com\/es\/paquets-turistics\/creuer-pel-riu-ebre\/#primaryimage\"},\"thumbnailUrl\":\"https:\/\/deltaturistic.com\/wp-content\/uploads\/2014\/02\/el-fangar-delta-del-ebre.jpg\",\"datePublished\":\"2014-09-10T16:00:28+00:00\",\"dateModified\":\"2014-09-10T16:04:59+00:00\",\"breadcrumb\":{\"@id\":\"https:\/\/deltaturistic.com\/es\/paquets-turistics\/creuer-pel-riu-ebre\/#breadcrumb\"},\"inLanguage\":\"es\",\"potentialAction\":[{\"@type\":\"ReadAction\",\"target\":[\"https:\/\/deltaturistic.com\/es\/paquets-turistics\/creuer-pel-riu-ebre\/\"]}]},{\"@type\":\"ImageObject\",\"inLanguage\":\"es\",\"@id\":\"https:\/\/deltaturistic.com\/es\/paquets-turistics\/creuer-pel-riu-ebre\/#primaryimage\",\"url\":\"https:\/\/deltaturistic.com\/wp-content\/uploads\/2014\/02\/el-fangar-delta-del-ebre.jpg\",\"contentUrl\":\"https:\/\/deltaturistic.com\/wp-content\/uploads\/2014\/02\/el-fangar-delta-del-ebre.jpg\",\"width\":400,\"height\":247},{\"@type\":\"BreadcrumbList\",\"@id\":\"https:\/\/deltaturistic.com\/es\/paquets-turistics\/creuer-pel-riu-ebre\/#breadcrumb\",\"itemListElement\":[{\"@type\":\"ListItem\",\"position\":1,\"name\":\"Inici\",\"item\":\"https:\/\/deltaturistic.com\/es\/\"},{\"@type\":\"ListItem\",\"position\":2,\"name\":\"Productes tur\u00edstics\",\"item\":\"https:\/\/deltaturistic.com\/paquets-turistics\/\"},{\"@type\":\"ListItem\",\"position\":3,\"name\":\"Crucero por el rio Ebro\"}]},{\"@type\":\"WebSite\",\"@id\":\"https:\/\/deltaturistic.com\/es\/#website\",\"url\":\"https:\/\/deltaturistic.com\/es\/\",\"name\":\"Turismo, excursiones y deportes de aventura en ell delta del Ebro\",\"description\":\"Turismo, excursiones y deportes de aventura en el delta del Ebro. Agencia de Viages Deltaturistic\",\"potentialAction\":[{\"@type\":\"SearchAction\",\"target\":{\"@type\":\"EntryPoint\",\"urlTemplate\":\"https:\/\/deltaturistic.com\/es\/?s={search_term_string}\"},\"query-input\":{\"@type\":\"PropertyValueSpecification\",\"valueRequired\":true,\"valueName\":\"search_term_string\"}}],\"inLanguage\":\"es\"}]}<\/script>\n<!-- \/ Yoast SEO plugin. -->","yoast_head_json":{"title":"Crucero por el rio Ebro - Turismo, excursiones y deportes de aventura en ell delta del Ebro","robots":{"index":"index","follow":"follow","max-snippet":"max-snippet:-1","max-image-preview":"max-image-preview:large","max-video-preview":"max-video-preview:-1"},"canonical":"https:\/\/deltaturistic.com\/es\/paquets-turistics\/creuer-pel-riu-ebre\/","twitter_misc":{"Tiempo de lectura":"1 minuto"},"schema":{"@context":"https:\/\/schema.org","@graph":[{"@type":"WebPage","@id":"https:\/\/deltaturistic.com\/es\/paquets-turistics\/creuer-pel-riu-ebre\/","url":"https:\/\/deltaturistic.com\/es\/paquets-turistics\/creuer-pel-riu-ebre\/","name":"Crucero por el rio Ebro - Turismo, excursiones y deportes de aventura en ell delta del Ebro","isPartOf":{"@id":"https:\/\/deltaturistic.com\/es\/#website"},"primaryImageOfPage":{"@id":"https:\/\/deltaturistic.com\/es\/paquets-turistics\/creuer-pel-riu-ebre\/#primaryimage"},"image":{"@id":"https:\/\/deltaturistic.com\/es\/paquets-turistics\/creuer-pel-riu-ebre\/#primaryimage"},"thumbnailUrl":"https:\/\/deltaturistic.com\/wp-content\/uploads\/2014\/02\/el-fangar-delta-del-ebre.jpg","datePublished":"2014-09-10T16:00:28+00:00","dateModified":"2014-09-10T16:04:59+00:00","breadcrumb":{"@id":"https:\/\/deltaturistic.com\/es\/paquets-turistics\/creuer-pel-riu-ebre\/#breadcrumb"},"inLanguage":"es","potentialAction":[{"@type":"ReadAction","target":["https:\/\/deltaturistic.com\/es\/paquets-turistics\/creuer-pel-riu-ebre\/"]}]},{"@type":"ImageObject","inLanguage":"es","@id":"https:\/\/deltaturistic.com\/es\/paquets-turistics\/creuer-pel-riu-ebre\/#primaryimage","url":"https:\/\/deltaturistic.com\/wp-content\/uploads\/2014\/02\/el-fangar-delta-del-ebre.jpg","contentUrl":"https:\/\/deltaturistic.com\/wp-content\/uploads\/2014\/02\/el-fangar-delta-del-ebre.jpg","width":400,"height":247},{"@type":"BreadcrumbList","@id":"https:\/\/deltaturistic.com\/es\/paquets-turistics\/creuer-pel-riu-ebre\/#breadcrumb","itemListElement":[{"@type":"ListItem","position":1,"name":"Inici","item":"https:\/\/deltaturistic.com\/es\/"},{"@type":"ListItem","position":2,"name":"Productes tur\u00edstics","item":"https:\/\/deltaturistic.com\/paquets-turistics\/"},{"@type":"ListItem","position":3,"name":"Crucero por el rio Ebro"}]},{"@type":"WebSite","@id":"https:\/\/deltaturistic.com\/es\/#website","url":"https:\/\/deltaturistic.com\/es\/","name":"Turismo, excursiones y deportes de aventura en ell delta del Ebro","description":"Turismo, excursiones y deportes de aventura en el delta del Ebro. Agencia de Viages Deltaturistic","potentialAction":[{"@type":"SearchAction","target":{"@type":"EntryPoint","urlTemplate":"https:\/\/deltaturistic.com\/es\/?s={search_term_string}"},"query-input":{"@type":"PropertyValueSpecification","valueRequired":true,"valueName":"search_term_string"}}],"inLanguage":"es"}]}},"_links":{"self":[{"href":"https:\/\/deltaturistic.com\/es\/wp-json\/wp\/v2\/product\/2385","targetHints":{"allow":["GET"]}}],"collection":[{"href":"https:\/\/deltaturistic.com\/es\/wp-json\/wp\/v2\/product"}],"about":[{"href":"https:\/\/deltaturistic.com\/es\/wp-json\/wp\/v2\/types\/product"}],"wp:featuredmedia":[{"embeddable":true,"href":"https:\/\/deltaturistic.com\/es\/wp-json\/wp\/v2\/media\/1280"}],"wp:attachment":[{"href":"https:\/\/deltaturistic.com\/es\/wp-json\/wp\/v2\/media?parent=2385"}],"wp:term":[{"taxonomy":"product_brand","embeddable":true,"href":"https:\/\/deltaturistic.com\/es\/wp-json\/wp\/v2\/product_brand?post=2385"},{"taxonomy":"product_cat","embeddable":true,"href":"https:\/\/deltaturistic.com\/es\/wp-json\/wp\/v2\/product_cat?post=2385"},{"taxonomy":"product_tag","embeddable":true,"href":"https:\/\/deltaturistic.com\/es\/wp-json\/wp\/v2\/product_tag?post=2385"}],"curies":[{"name":"wp","href":"https:\/\/api.w.org\/{rel}","templated":true}]}}