{"id":2417,"date":"2014-09-12T10:27:17","date_gmt":"2014-09-12T09:27:17","guid":{"rendered":"http:\/\/www.deltaturistic.com\/paquets-turistics\/visites-dinteres-2\/"},"modified":"2014-09-12T10:34:22","modified_gmt":"2014-09-12T09:34:22","slug":"visites-dinteres","status":"publish","type":"product","link":"https:\/\/deltaturistic.com\/es\/paquets-turistics\/visites-dinteres\/","title":{"rendered":"Visitas de inter\u00e9s"},"content":{"rendered":"<p>Disponemos de diferentes visitas a puntos de inter\u00e9s espec\u00edficos tipo parque e\u00f3lico, miradores, centro de astrolog\u00eda, cuevas, castillos, exposici\u00f3n de bons\u00e1is, exposici\u00f3n de ceramistas.<\/p>\n<p>Tambi\u00e9n de diferentes visitas a Museos y ecomuseos del parque ideales para introducirnos en la cultura, historia y tradiciones de la zona.<\/p>\n<p>Visitas guiadas por el Delta, Tarragona, Puertos de Tortosa, Reus, Barcelona, entre otros emplazamientos de inter\u00e9s.<\/p>\n<p>\u00a0<\/p>\n<p>\u00a0<\/p>\n<p><a href=\"http:\/\/www.deltaturistic.com\/wp-content\/uploads\/2014\/09\/tgn.jpg\"><img loading=\"lazy\" decoding=\"async\" class=\"alignnone size-full wp-image-2147\" src=\"http:\/\/www.deltaturistic.com\/wp-content\/uploads\/2014\/09\/tgn.jpg\" alt=\"tgn\" width=\"259\" height=\"194\" srcset=\"https:\/\/deltaturistic.com\/wp-content\/uploads\/2014\/09\/tgn.jpg 259w, https:\/\/deltaturistic.com\/wp-content\/uploads\/2014\/09\/tgn-100x75.jpg 100w\" sizes=\"auto, (max-width: 259px) 100vw, 259px\" \/><\/a> <a href=\"http:\/\/www.deltaturistic.com\/wp-content\/uploads\/2014\/09\/bcn.jpg\"><img loading=\"lazy\" decoding=\"async\" class=\"alignnone  wp-image-2126\" src=\"http:\/\/www.deltaturistic.com\/wp-content\/uploads\/2014\/09\/bcn-300x182.jpg\" alt=\"bcn\" width=\"318\" height=\"193\" srcset=\"https:\/\/deltaturistic.com\/wp-content\/uploads\/2014\/09\/bcn-300x183.jpg 300w, https:\/\/deltaturistic.com\/wp-content\/uploads\/2014\/09\/bcn-600x365.jpg 600w, https:\/\/deltaturistic.com\/wp-content\/uploads\/2014\/09\/bcn.jpg 630w\" sizes=\"auto, (max-width: 318px) 100vw, 318px\" \/><\/a><\/p>\n<p><a href=\"http:\/\/www.deltaturistic.com\/wp-content\/uploads\/2014\/07\/espeologia.jpg\"><img loading=\"lazy\" decoding=\"async\" class=\"alignnone size-medium wp-image-629\" src=\"http:\/\/www.deltaturistic.com\/wp-content\/uploads\/2014\/07\/espeologia-300x231.jpg\" alt=\"espeologia al delta de l'Ebre\" width=\"300\" height=\"231\" srcset=\"https:\/\/deltaturistic.com\/wp-content\/uploads\/2014\/07\/espeologia-300x232.jpg 300w, https:\/\/deltaturistic.com\/wp-content\/uploads\/2014\/07\/espeologia-1024x791.jpg 1024w, https:\/\/deltaturistic.com\/wp-content\/uploads\/2014\/07\/espeologia-600x463.jpg 600w, https:\/\/deltaturistic.com\/wp-content\/uploads\/2014\/07\/espeologia-1034x800.jpg 1034w, https:\/\/deltaturistic.com\/wp-content\/uploads\/2014\/07\/espeologia.jpg 2035w\" sizes=\"auto, (max-width: 300px) 100vw, 300px\" \/><\/a> <a href=\"http:\/\/www.deltaturistic.com\/wp-content\/uploads\/2014\/07\/observatoriebre.jpg\"><img loading=\"lazy\" decoding=\"async\" class=\"alignnone  wp-image-550\" src=\"http:\/\/www.deltaturistic.com\/wp-content\/uploads\/2014\/07\/observatoriebre-300x200.jpg\" alt=\"Observatori de l'Ebre\" width=\"344\" height=\"229\" srcset=\"https:\/\/deltaturistic.com\/wp-content\/uploads\/2014\/07\/observatoriebre-300x200.jpg 300w, https:\/\/deltaturistic.com\/wp-content\/uploads\/2014\/07\/observatoriebre.jpg 450w\" sizes=\"auto, (max-width: 344px) 100vw, 344px\" \/><\/a><\/p>\n","protected":false},"excerpt":{"rendered":"<p>Disponemos de diferentes visitas a puntos de inter\u00e9s espec\u00edficos tipo parque e\u00f3lico, miradores, centro de astrolog\u00eda, cuevas, castillos, exposici\u00f3n de bons\u00e1is, exposici\u00f3n de ceramistas. Tambi\u00e9n de diferentes visitas a Museos y ecomuseos del parque ideales para introducirnos en la cultura, historia y tradiciones de la zona. Visitas guiadas por el Delta, Tarragona, Puertos de Tortosa, [&hellip;]<\/p>\n","protected":false},"featured_media":1274,"template":"","meta":[],"product_brand":[],"product_cat":[391,143],"product_tag":[],"class_list":{"0":"post-2417","1":"product","2":"type-product","3":"status-publish","4":"has-post-thumbnail","6":"product_cat-activitats-es","7":"product_cat-escolares","9":"first","10":"instock","11":"shipping-taxable","12":"product-type-simple"},"yoast_head":"<!-- This site is optimized with the Yoast SEO plugin v27.1.1 - https:\/\/yoast.com\/product\/yoast-seo-wordpress\/ -->\n<title>Visitas de inter\u00e9s  - Turismo, excursiones y deportes de aventura en ell delta del Ebro<\/title>\n<meta name=\"robots\" content=\"index, follow, max-snippet:-1, max-image-preview:large, max-video-preview:-1\" \/>\n<link rel=\"canonical\" href=\"https:\/\/deltaturistic.com\/es\/paquets-turistics\/visites-dinteres\/\" \/>\n<script type=\"application\/ld+json\" class=\"yoast-schema-graph\">{\"@context\":\"https:\/\/schema.org\",\"@graph\":[{\"@type\":\"WebPage\",\"@id\":\"https:\/\/deltaturistic.com\/es\/paquets-turistics\/visites-dinteres\/\",\"url\":\"https:\/\/deltaturistic.com\/es\/paquets-turistics\/visites-dinteres\/\",\"name\":\"Visitas de inter\u00e9s - Turismo, excursiones y deportes de aventura en ell delta del Ebro\",\"isPartOf\":{\"@id\":\"https:\/\/deltaturistic.com\/es\/#website\"},\"primaryImageOfPage\":{\"@id\":\"https:\/\/deltaturistic.com\/es\/paquets-turistics\/visites-dinteres\/#primaryimage\"},\"image\":{\"@id\":\"https:\/\/deltaturistic.com\/es\/paquets-turistics\/visites-dinteres\/#primaryimage\"},\"thumbnailUrl\":\"https:\/\/deltaturistic.com\/wp-content\/uploads\/2014\/02\/casa-de-fusta-delta-de-lebre.jpg\",\"datePublished\":\"2014-09-12T09:27:17+00:00\",\"dateModified\":\"2014-09-12T09:34:22+00:00\",\"breadcrumb\":{\"@id\":\"https:\/\/deltaturistic.com\/es\/paquets-turistics\/visites-dinteres\/#breadcrumb\"},\"inLanguage\":\"es\",\"potentialAction\":[{\"@type\":\"ReadAction\",\"target\":[\"https:\/\/deltaturistic.com\/es\/paquets-turistics\/visites-dinteres\/\"]}]},{\"@type\":\"ImageObject\",\"inLanguage\":\"es\",\"@id\":\"https:\/\/deltaturistic.com\/es\/paquets-turistics\/visites-dinteres\/#primaryimage\",\"url\":\"https:\/\/deltaturistic.com\/wp-content\/uploads\/2014\/02\/casa-de-fusta-delta-de-lebre.jpg\",\"contentUrl\":\"https:\/\/deltaturistic.com\/wp-content\/uploads\/2014\/02\/casa-de-fusta-delta-de-lebre.jpg\",\"width\":369,\"height\":300},{\"@type\":\"BreadcrumbList\",\"@id\":\"https:\/\/deltaturistic.com\/es\/paquets-turistics\/visites-dinteres\/#breadcrumb\",\"itemListElement\":[{\"@type\":\"ListItem\",\"position\":1,\"name\":\"Inici\",\"item\":\"https:\/\/deltaturistic.com\/es\/\"},{\"@type\":\"ListItem\",\"position\":2,\"name\":\"Productes tur\u00edstics\",\"item\":\"https:\/\/deltaturistic.com\/paquets-turistics\/\"},{\"@type\":\"ListItem\",\"position\":3,\"name\":\"Visitas de inter\u00e9s\"}]},{\"@type\":\"WebSite\",\"@id\":\"https:\/\/deltaturistic.com\/es\/#website\",\"url\":\"https:\/\/deltaturistic.com\/es\/\",\"name\":\"Turismo, excursiones y deportes de aventura en ell delta del Ebro\",\"description\":\"Turismo, excursiones y deportes de aventura en el delta del Ebro. Agencia de Viages Deltaturistic\",\"potentialAction\":[{\"@type\":\"SearchAction\",\"target\":{\"@type\":\"EntryPoint\",\"urlTemplate\":\"https:\/\/deltaturistic.com\/es\/?s={search_term_string}\"},\"query-input\":{\"@type\":\"PropertyValueSpecification\",\"valueRequired\":true,\"valueName\":\"search_term_string\"}}],\"inLanguage\":\"es\"}]}<\/script>\n<!-- \/ Yoast SEO plugin. -->","yoast_head_json":{"title":"Visitas de inter\u00e9s  - Turismo, excursiones y deportes de aventura en ell delta del Ebro","robots":{"index":"index","follow":"follow","max-snippet":"max-snippet:-1","max-image-preview":"max-image-preview:large","max-video-preview":"max-video-preview:-1"},"canonical":"https:\/\/deltaturistic.com\/es\/paquets-turistics\/visites-dinteres\/","schema":{"@context":"https:\/\/schema.org","@graph":[{"@type":"WebPage","@id":"https:\/\/deltaturistic.com\/es\/paquets-turistics\/visites-dinteres\/","url":"https:\/\/deltaturistic.com\/es\/paquets-turistics\/visites-dinteres\/","name":"Visitas de inter\u00e9s - Turismo, excursiones y deportes de aventura en ell delta del Ebro","isPartOf":{"@id":"https:\/\/deltaturistic.com\/es\/#website"},"primaryImageOfPage":{"@id":"https:\/\/deltaturistic.com\/es\/paquets-turistics\/visites-dinteres\/#primaryimage"},"image":{"@id":"https:\/\/deltaturistic.com\/es\/paquets-turistics\/visites-dinteres\/#primaryimage"},"thumbnailUrl":"https:\/\/deltaturistic.com\/wp-content\/uploads\/2014\/02\/casa-de-fusta-delta-de-lebre.jpg","datePublished":"2014-09-12T09:27:17+00:00","dateModified":"2014-09-12T09:34:22+00:00","breadcrumb":{"@id":"https:\/\/deltaturistic.com\/es\/paquets-turistics\/visites-dinteres\/#breadcrumb"},"inLanguage":"es","potentialAction":[{"@type":"ReadAction","target":["https:\/\/deltaturistic.com\/es\/paquets-turistics\/visites-dinteres\/"]}]},{"@type":"ImageObject","inLanguage":"es","@id":"https:\/\/deltaturistic.com\/es\/paquets-turistics\/visites-dinteres\/#primaryimage","url":"https:\/\/deltaturistic.com\/wp-content\/uploads\/2014\/02\/casa-de-fusta-delta-de-lebre.jpg","contentUrl":"https:\/\/deltaturistic.com\/wp-content\/uploads\/2014\/02\/casa-de-fusta-delta-de-lebre.jpg","width":369,"height":300},{"@type":"BreadcrumbList","@id":"https:\/\/deltaturistic.com\/es\/paquets-turistics\/visites-dinteres\/#breadcrumb","itemListElement":[{"@type":"ListItem","position":1,"name":"Inici","item":"https:\/\/deltaturistic.com\/es\/"},{"@type":"ListItem","position":2,"name":"Productes tur\u00edstics","item":"https:\/\/deltaturistic.com\/paquets-turistics\/"},{"@type":"ListItem","position":3,"name":"Visitas de inter\u00e9s"}]},{"@type":"WebSite","@id":"https:\/\/deltaturistic.com\/es\/#website","url":"https:\/\/deltaturistic.com\/es\/","name":"Turismo, excursiones y deportes de aventura en ell delta del Ebro","description":"Turismo, excursiones y deportes de aventura en el delta del Ebro. Agencia de Viages Deltaturistic","potentialAction":[{"@type":"SearchAction","target":{"@type":"EntryPoint","urlTemplate":"https:\/\/deltaturistic.com\/es\/?s={search_term_string}"},"query-input":{"@type":"PropertyValueSpecification","valueRequired":true,"valueName":"search_term_string"}}],"inLanguage":"es"}]}},"_links":{"self":[{"href":"https:\/\/deltaturistic.com\/es\/wp-json\/wp\/v2\/product\/2417","targetHints":{"allow":["GET"]}}],"collection":[{"href":"https:\/\/deltaturistic.com\/es\/wp-json\/wp\/v2\/product"}],"about":[{"href":"https:\/\/deltaturistic.com\/es\/wp-json\/wp\/v2\/types\/product"}],"wp:featuredmedia":[{"embeddable":true,"href":"https:\/\/deltaturistic.com\/es\/wp-json\/wp\/v2\/media\/1274"}],"wp:attachment":[{"href":"https:\/\/deltaturistic.com\/es\/wp-json\/wp\/v2\/media?parent=2417"}],"wp:term":[{"taxonomy":"product_brand","embeddable":true,"href":"https:\/\/deltaturistic.com\/es\/wp-json\/wp\/v2\/product_brand?post=2417"},{"taxonomy":"product_cat","embeddable":true,"href":"https:\/\/deltaturistic.com\/es\/wp-json\/wp\/v2\/product_cat?post=2417"},{"taxonomy":"product_tag","embeddable":true,"href":"https:\/\/deltaturistic.com\/es\/wp-json\/wp\/v2\/product_tag?post=2417"}],"curies":[{"name":"wp","href":"https:\/\/api.w.org\/{rel}","templated":true}]}}