{"id":2438,"date":"2014-09-12T11:53:36","date_gmt":"2014-09-12T10:53:36","guid":{"rendered":"http:\/\/www.deltaturistic.com\/paquets-turistics\/aquapaintball-2\/"},"modified":"2014-09-12T11:54:31","modified_gmt":"2014-09-12T10:54:31","slug":"aquapaintball","status":"publish","type":"product","link":"https:\/\/deltaturistic.com\/es\/paquets-turistics\/aquapaintball\/","title":{"rendered":"Aquapaintball"},"content":{"rendered":"<p>Partida de paintball, pero con pistolas de agua. Adaptamos este juego para que puedan jugar todos los ni\u00f1os \/ as de todas las edades. El agua te\u00f1ida con un poco de pintura especial, nos servir\u00e1 para separar los grupos. Los alumnos llevar\u00e1n un gran recuerdo de esta actividad.<\/p>\n<p>Podemos hacer diferentes tipos de juegos, por equipos o individuales, pero la idea es que finalizada la partida los ni\u00f1os \/ as, tendr\u00e1n el recuerdo de la camiseta pintada con diferentes colores y la experiencia de haber convertido un juego de guerra en un divertido juego de ocio.<\/p>\n<p>\u00a0<\/p>\n<p><a href=\"http:\/\/www.deltaturistic.com\/wp-content\/uploads\/2014\/09\/aquapaintball1.jpg\"><img loading=\"lazy\" decoding=\"async\" class=\"alignnone size-medium wp-image-2432\" src=\"http:\/\/www.deltaturistic.com\/wp-content\/uploads\/2014\/09\/aquapaintball1-300x199.jpg\" alt=\"aquapaintball\" width=\"300\" height=\"199\" srcset=\"https:\/\/deltaturistic.com\/wp-content\/uploads\/2014\/09\/aquapaintball1-300x200.jpg 300w, https:\/\/deltaturistic.com\/wp-content\/uploads\/2014\/09\/aquapaintball1-600x400.jpg 600w, https:\/\/deltaturistic.com\/wp-content\/uploads\/2014\/09\/aquapaintball1.jpg 635w\" sizes=\"auto, (max-width: 300px) 100vw, 300px\" \/><\/a> <a href=\"http:\/\/www.deltaturistic.com\/wp-content\/uploads\/2014\/09\/aquapaintball11.jpg\"><img loading=\"lazy\" decoding=\"async\" class=\"alignnone size-medium wp-image-2435\" src=\"http:\/\/www.deltaturistic.com\/wp-content\/uploads\/2014\/09\/aquapaintball11-300x158.jpg\" alt=\"aquapaintball1\" width=\"300\" height=\"158\" srcset=\"https:\/\/deltaturistic.com\/wp-content\/uploads\/2014\/09\/aquapaintball11-300x158.jpg 300w, https:\/\/deltaturistic.com\/wp-content\/uploads\/2014\/09\/aquapaintball11.jpg 309w\" sizes=\"auto, (max-width: 300px) 100vw, 300px\" \/><\/a><\/p>\n","protected":false},"excerpt":{"rendered":"<p>Partida de paintball, pero con pistolas de agua. Adaptamos este juego para que puedan jugar todos los ni\u00f1os \/ as de todas las edades. El agua te\u00f1ida con un poco de pintura especial, nos servir\u00e1 para separar los grupos. Los alumnos llevar\u00e1n un gran recuerdo de esta actividad. Podemos hacer diferentes tipos de juegos, por [&hellip;]<\/p>\n","protected":false},"featured_media":2262,"template":"","meta":[],"product_brand":[],"product_cat":[391,143],"product_tag":[],"class_list":{"0":"post-2438","1":"product","2":"type-product","3":"status-publish","4":"has-post-thumbnail","6":"product_cat-activitats-es","7":"product_cat-escolares","8":"pa_adicional-roba-vella-calcat-tipus-xancleta-tovallola-i-pistola-daigua-es","10":"first","11":"instock","12":"shipping-taxable","13":"product-type-simple"},"yoast_head":"<!-- This site is optimized with the Yoast SEO plugin v27.1.1 - https:\/\/yoast.com\/product\/yoast-seo-wordpress\/ -->\n<title>Aquapaintball - Turismo, excursiones y deportes de aventura en ell delta del Ebro<\/title>\n<meta name=\"robots\" content=\"index, follow, max-snippet:-1, max-image-preview:large, max-video-preview:-1\" \/>\n<link rel=\"canonical\" href=\"https:\/\/deltaturistic.com\/es\/paquets-turistics\/aquapaintball\/\" \/>\n<script type=\"application\/ld+json\" class=\"yoast-schema-graph\">{\"@context\":\"https:\/\/schema.org\",\"@graph\":[{\"@type\":\"WebPage\",\"@id\":\"https:\/\/deltaturistic.com\/es\/paquets-turistics\/aquapaintball\/\",\"url\":\"https:\/\/deltaturistic.com\/es\/paquets-turistics\/aquapaintball\/\",\"name\":\"Aquapaintball - Turismo, excursiones y deportes de aventura en ell delta del Ebro\",\"isPartOf\":{\"@id\":\"https:\/\/deltaturistic.com\/es\/#website\"},\"primaryImageOfPage\":{\"@id\":\"https:\/\/deltaturistic.com\/es\/paquets-turistics\/aquapaintball\/#primaryimage\"},\"image\":{\"@id\":\"https:\/\/deltaturistic.com\/es\/paquets-turistics\/aquapaintball\/#primaryimage\"},\"thumbnailUrl\":\"https:\/\/deltaturistic.com\/wp-content\/uploads\/2014\/09\/aquapaintball.jpg\",\"datePublished\":\"2014-09-12T10:53:36+00:00\",\"dateModified\":\"2014-09-12T10:54:31+00:00\",\"breadcrumb\":{\"@id\":\"https:\/\/deltaturistic.com\/es\/paquets-turistics\/aquapaintball\/#breadcrumb\"},\"inLanguage\":\"es\",\"potentialAction\":[{\"@type\":\"ReadAction\",\"target\":[\"https:\/\/deltaturistic.com\/es\/paquets-turistics\/aquapaintball\/\"]}]},{\"@type\":\"ImageObject\",\"inLanguage\":\"es\",\"@id\":\"https:\/\/deltaturistic.com\/es\/paquets-turistics\/aquapaintball\/#primaryimage\",\"url\":\"https:\/\/deltaturistic.com\/wp-content\/uploads\/2014\/09\/aquapaintball.jpg\",\"contentUrl\":\"https:\/\/deltaturistic.com\/wp-content\/uploads\/2014\/09\/aquapaintball.jpg\",\"width\":300,\"height\":275},{\"@type\":\"BreadcrumbList\",\"@id\":\"https:\/\/deltaturistic.com\/es\/paquets-turistics\/aquapaintball\/#breadcrumb\",\"itemListElement\":[{\"@type\":\"ListItem\",\"position\":1,\"name\":\"Inici\",\"item\":\"https:\/\/deltaturistic.com\/es\/\"},{\"@type\":\"ListItem\",\"position\":2,\"name\":\"Productes tur\u00edstics\",\"item\":\"https:\/\/deltaturistic.com\/paquets-turistics\/\"},{\"@type\":\"ListItem\",\"position\":3,\"name\":\"Aquapaintball\"}]},{\"@type\":\"WebSite\",\"@id\":\"https:\/\/deltaturistic.com\/es\/#website\",\"url\":\"https:\/\/deltaturistic.com\/es\/\",\"name\":\"Turismo, excursiones y deportes de aventura en ell delta del Ebro\",\"description\":\"Turismo, excursiones y deportes de aventura en el delta del Ebro. Agencia de Viages Deltaturistic\",\"potentialAction\":[{\"@type\":\"SearchAction\",\"target\":{\"@type\":\"EntryPoint\",\"urlTemplate\":\"https:\/\/deltaturistic.com\/es\/?s={search_term_string}\"},\"query-input\":{\"@type\":\"PropertyValueSpecification\",\"valueRequired\":true,\"valueName\":\"search_term_string\"}}],\"inLanguage\":\"es\"}]}<\/script>\n<!-- \/ Yoast SEO plugin. -->","yoast_head_json":{"title":"Aquapaintball - Turismo, excursiones y deportes de aventura en ell delta del Ebro","robots":{"index":"index","follow":"follow","max-snippet":"max-snippet:-1","max-image-preview":"max-image-preview:large","max-video-preview":"max-video-preview:-1"},"canonical":"https:\/\/deltaturistic.com\/es\/paquets-turistics\/aquapaintball\/","schema":{"@context":"https:\/\/schema.org","@graph":[{"@type":"WebPage","@id":"https:\/\/deltaturistic.com\/es\/paquets-turistics\/aquapaintball\/","url":"https:\/\/deltaturistic.com\/es\/paquets-turistics\/aquapaintball\/","name":"Aquapaintball - Turismo, excursiones y deportes de aventura en ell delta del Ebro","isPartOf":{"@id":"https:\/\/deltaturistic.com\/es\/#website"},"primaryImageOfPage":{"@id":"https:\/\/deltaturistic.com\/es\/paquets-turistics\/aquapaintball\/#primaryimage"},"image":{"@id":"https:\/\/deltaturistic.com\/es\/paquets-turistics\/aquapaintball\/#primaryimage"},"thumbnailUrl":"https:\/\/deltaturistic.com\/wp-content\/uploads\/2014\/09\/aquapaintball.jpg","datePublished":"2014-09-12T10:53:36+00:00","dateModified":"2014-09-12T10:54:31+00:00","breadcrumb":{"@id":"https:\/\/deltaturistic.com\/es\/paquets-turistics\/aquapaintball\/#breadcrumb"},"inLanguage":"es","potentialAction":[{"@type":"ReadAction","target":["https:\/\/deltaturistic.com\/es\/paquets-turistics\/aquapaintball\/"]}]},{"@type":"ImageObject","inLanguage":"es","@id":"https:\/\/deltaturistic.com\/es\/paquets-turistics\/aquapaintball\/#primaryimage","url":"https:\/\/deltaturistic.com\/wp-content\/uploads\/2014\/09\/aquapaintball.jpg","contentUrl":"https:\/\/deltaturistic.com\/wp-content\/uploads\/2014\/09\/aquapaintball.jpg","width":300,"height":275},{"@type":"BreadcrumbList","@id":"https:\/\/deltaturistic.com\/es\/paquets-turistics\/aquapaintball\/#breadcrumb","itemListElement":[{"@type":"ListItem","position":1,"name":"Inici","item":"https:\/\/deltaturistic.com\/es\/"},{"@type":"ListItem","position":2,"name":"Productes tur\u00edstics","item":"https:\/\/deltaturistic.com\/paquets-turistics\/"},{"@type":"ListItem","position":3,"name":"Aquapaintball"}]},{"@type":"WebSite","@id":"https:\/\/deltaturistic.com\/es\/#website","url":"https:\/\/deltaturistic.com\/es\/","name":"Turismo, excursiones y deportes de aventura en ell delta del Ebro","description":"Turismo, excursiones y deportes de aventura en el delta del Ebro. Agencia de Viages Deltaturistic","potentialAction":[{"@type":"SearchAction","target":{"@type":"EntryPoint","urlTemplate":"https:\/\/deltaturistic.com\/es\/?s={search_term_string}"},"query-input":{"@type":"PropertyValueSpecification","valueRequired":true,"valueName":"search_term_string"}}],"inLanguage":"es"}]}},"_links":{"self":[{"href":"https:\/\/deltaturistic.com\/es\/wp-json\/wp\/v2\/product\/2438","targetHints":{"allow":["GET"]}}],"collection":[{"href":"https:\/\/deltaturistic.com\/es\/wp-json\/wp\/v2\/product"}],"about":[{"href":"https:\/\/deltaturistic.com\/es\/wp-json\/wp\/v2\/types\/product"}],"wp:featuredmedia":[{"embeddable":true,"href":"https:\/\/deltaturistic.com\/es\/wp-json\/wp\/v2\/media\/2262"}],"wp:attachment":[{"href":"https:\/\/deltaturistic.com\/es\/wp-json\/wp\/v2\/media?parent=2438"}],"wp:term":[{"taxonomy":"product_brand","embeddable":true,"href":"https:\/\/deltaturistic.com\/es\/wp-json\/wp\/v2\/product_brand?post=2438"},{"taxonomy":"product_cat","embeddable":true,"href":"https:\/\/deltaturistic.com\/es\/wp-json\/wp\/v2\/product_cat?post=2438"},{"taxonomy":"product_tag","embeddable":true,"href":"https:\/\/deltaturistic.com\/es\/wp-json\/wp\/v2\/product_tag?post=2438"}],"curies":[{"name":"wp","href":"https:\/\/api.w.org\/{rel}","templated":true}]}}