{"id":2448,"date":"2014-09-13T16:53:57","date_gmt":"2014-09-13T15:53:57","guid":{"rendered":"http:\/\/www.deltaturistic.com\/paquets-turistics\/2n-sunset-lampolla-2\/"},"modified":"2014-09-13T16:56:51","modified_gmt":"2014-09-13T15:56:51","slug":"2n-sunset-lampolla","status":"publish","type":"product","link":"https:\/\/deltaturistic.com\/es\/paquets-turistics\/2n-sunset-lampolla\/","title":{"rendered":"2n Sunset l&#8217;Ampolla"},"content":{"rendered":"<p>Segundo encuentro para ver salir el sol con Paddle surf y Kayak.<\/p>\n<p>Si quieres pasar una ma\u00f1ana diferente, apuntado al evento del verano, nos encontraremos a las 6 de la ma\u00f1ana en la playa del arenal y nos prepararemos cada uno con su material y nos meteremos en el agua para recibir y ver la salida del sol. Haremos un peque\u00f1o recorrido por la bah\u00eda de los Fangar y volveremos a la costa para ir directos al restaurante Lo Goler\u00f3 donde nos tendr\u00e1n preparado un desayuno de campeones.<\/p>\n<p>Terminado el desayuno daremos un obsequio, de una camiseta para todos los participantes y nos haremos la reglamentaria foto de equipo.<\/p>\n<p>Esperamos vuestra presencia y que quiera madrugar para ver un espect\u00e1culo con la tranquilidad y la calma que nos da esta bah\u00eda.<\/p>\n<p>\u00a0<\/p>\n<p><a href=\"http:\/\/www.deltaturistic.com\/wp-content\/uploads\/2014\/07\/39373100_4063912.jpg\"><img loading=\"lazy\" decoding=\"async\" class=\"alignnone size-medium wp-image-519\" src=\"http:\/\/www.deltaturistic.com\/wp-content\/uploads\/2014\/07\/39373100_4063912-300x204.jpg\" alt=\"Sortida a la matinada amb Paddle i Kayak a L'Ampolla\" width=\"300\" height=\"204\" srcset=\"https:\/\/deltaturistic.com\/wp-content\/uploads\/2014\/07\/39373100_4063912-300x205.jpg 300w, https:\/\/deltaturistic.com\/wp-content\/uploads\/2014\/07\/39373100_4063912.jpg 500w\" sizes=\"auto, (max-width: 300px) 100vw, 300px\" \/><\/a> <a href=\"http:\/\/www.deltaturistic.com\/wp-content\/uploads\/2014\/07\/15773700_8673889.jpg\"><img loading=\"lazy\" decoding=\"async\" class=\"alignnone  wp-image-517\" src=\"http:\/\/www.deltaturistic.com\/wp-content\/uploads\/2014\/07\/15773700_8673889.jpg\" alt=\"Sortida a la matinada amb Paddle i Kayak a L'Ampolla\" width=\"275\" height=\"201\" \/><\/a> <a href=\"http:\/\/www.deltaturistic.com\/wp-content\/uploads\/2014\/07\/15216600_884841.jpg\"><img loading=\"lazy\" decoding=\"async\" class=\"alignnone size-full wp-image-516\" src=\"http:\/\/www.deltaturistic.com\/wp-content\/uploads\/2014\/07\/15216600_884841.jpg\" alt=\"Sortida a la matinada amb Paddle i Kayak a L'Ampolla\" width=\"300\" height=\"225\" srcset=\"https:\/\/deltaturistic.com\/wp-content\/uploads\/2014\/07\/15216600_884841.jpg 300w, https:\/\/deltaturistic.com\/wp-content\/uploads\/2014\/07\/15216600_884841-100x75.jpg 100w\" sizes=\"auto, (max-width: 300px) 100vw, 300px\" \/><\/a><\/p>\n<p>\u00a0<\/p>\n<p>\u00a0<\/p>\n","protected":false},"excerpt":{"rendered":"<p>Segundo encuentro para ver salir el sol con Paddle surf y Kayak. Si quieres pasar una ma\u00f1ana diferente, apuntado al evento del verano, nos encontraremos a las 6 de la ma\u00f1ana en la playa del arenal y nos prepararemos cada uno con su material y nos meteremos en el agua para recibir y ver la [&hellip;]<\/p>\n","protected":false},"featured_media":5904,"template":"","meta":[],"product_brand":[],"product_cat":[154],"product_tag":[],"class_list":{"0":"post-2448","1":"product","2":"type-product","3":"status-publish","4":"has-post-thumbnail","6":"product_cat-eventos-y-fiestas","7":"pa_adicional-si-portes-el-teu-material-nomes-seran-1000e-es","8":"pa_data-dia-16-dagost-del-2014-es-2","9":"pa_duracio-de-600h-a-1000h-es","11":"first","12":"instock","13":"shipping-taxable","14":"product-type-simple"},"yoast_head":"<!-- This site is optimized with the Yoast SEO plugin v27.1.1 - https:\/\/yoast.com\/product\/yoast-seo-wordpress\/ -->\n<title>2n Sunset l&#039;Ampolla - Turismo, excursiones y deportes de aventura en ell delta del Ebro<\/title>\n<meta name=\"robots\" content=\"index, follow, max-snippet:-1, max-image-preview:large, max-video-preview:-1\" \/>\n<link rel=\"canonical\" href=\"https:\/\/deltaturistic.com\/es\/paquets-turistics\/2n-sunset-lampolla\/\" \/>\n<meta name=\"twitter:label1\" content=\"Tiempo de lectura\" \/>\n\t<meta name=\"twitter:data1\" content=\"1 minuto\" \/>\n<script type=\"application\/ld+json\" class=\"yoast-schema-graph\">{\"@context\":\"https:\/\/schema.org\",\"@graph\":[{\"@type\":\"WebPage\",\"@id\":\"https:\/\/deltaturistic.com\/es\/paquets-turistics\/2n-sunset-lampolla\/\",\"url\":\"https:\/\/deltaturistic.com\/es\/paquets-turistics\/2n-sunset-lampolla\/\",\"name\":\"2n Sunset l'Ampolla - Turismo, excursiones y deportes de aventura en ell delta del Ebro\",\"isPartOf\":{\"@id\":\"https:\/\/deltaturistic.com\/es\/#website\"},\"primaryImageOfPage\":{\"@id\":\"https:\/\/deltaturistic.com\/es\/paquets-turistics\/2n-sunset-lampolla\/#primaryimage\"},\"image\":{\"@id\":\"https:\/\/deltaturistic.com\/es\/paquets-turistics\/2n-sunset-lampolla\/#primaryimage\"},\"thumbnailUrl\":\"https:\/\/deltaturistic.com\/wp-content\/uploads\/2014\/09\/sunset.jpg\",\"datePublished\":\"2014-09-13T15:53:57+00:00\",\"dateModified\":\"2014-09-13T15:56:51+00:00\",\"breadcrumb\":{\"@id\":\"https:\/\/deltaturistic.com\/es\/paquets-turistics\/2n-sunset-lampolla\/#breadcrumb\"},\"inLanguage\":\"es\",\"potentialAction\":[{\"@type\":\"ReadAction\",\"target\":[\"https:\/\/deltaturistic.com\/es\/paquets-turistics\/2n-sunset-lampolla\/\"]}]},{\"@type\":\"ImageObject\",\"inLanguage\":\"es\",\"@id\":\"https:\/\/deltaturistic.com\/es\/paquets-turistics\/2n-sunset-lampolla\/#primaryimage\",\"url\":\"https:\/\/deltaturistic.com\/wp-content\/uploads\/2014\/09\/sunset.jpg\",\"contentUrl\":\"https:\/\/deltaturistic.com\/wp-content\/uploads\/2014\/09\/sunset.jpg\",\"width\":720,\"height\":1040},{\"@type\":\"BreadcrumbList\",\"@id\":\"https:\/\/deltaturistic.com\/es\/paquets-turistics\/2n-sunset-lampolla\/#breadcrumb\",\"itemListElement\":[{\"@type\":\"ListItem\",\"position\":1,\"name\":\"Inici\",\"item\":\"https:\/\/deltaturistic.com\/es\/\"},{\"@type\":\"ListItem\",\"position\":2,\"name\":\"Productes tur\u00edstics\",\"item\":\"https:\/\/deltaturistic.com\/paquets-turistics\/\"},{\"@type\":\"ListItem\",\"position\":3,\"name\":\"2n Sunset l&#8217;Ampolla\"}]},{\"@type\":\"WebSite\",\"@id\":\"https:\/\/deltaturistic.com\/es\/#website\",\"url\":\"https:\/\/deltaturistic.com\/es\/\",\"name\":\"Turismo, excursiones y deportes de aventura en ell delta del Ebro\",\"description\":\"Turismo, excursiones y deportes de aventura en el delta del Ebro. Agencia de Viages Deltaturistic\",\"potentialAction\":[{\"@type\":\"SearchAction\",\"target\":{\"@type\":\"EntryPoint\",\"urlTemplate\":\"https:\/\/deltaturistic.com\/es\/?s={search_term_string}\"},\"query-input\":{\"@type\":\"PropertyValueSpecification\",\"valueRequired\":true,\"valueName\":\"search_term_string\"}}],\"inLanguage\":\"es\"}]}<\/script>\n<!-- \/ Yoast SEO plugin. -->","yoast_head_json":{"title":"2n Sunset l'Ampolla - Turismo, excursiones y deportes de aventura en ell delta del Ebro","robots":{"index":"index","follow":"follow","max-snippet":"max-snippet:-1","max-image-preview":"max-image-preview:large","max-video-preview":"max-video-preview:-1"},"canonical":"https:\/\/deltaturistic.com\/es\/paquets-turistics\/2n-sunset-lampolla\/","twitter_misc":{"Tiempo de lectura":"1 minuto"},"schema":{"@context":"https:\/\/schema.org","@graph":[{"@type":"WebPage","@id":"https:\/\/deltaturistic.com\/es\/paquets-turistics\/2n-sunset-lampolla\/","url":"https:\/\/deltaturistic.com\/es\/paquets-turistics\/2n-sunset-lampolla\/","name":"2n Sunset l'Ampolla - Turismo, excursiones y deportes de aventura en ell delta del Ebro","isPartOf":{"@id":"https:\/\/deltaturistic.com\/es\/#website"},"primaryImageOfPage":{"@id":"https:\/\/deltaturistic.com\/es\/paquets-turistics\/2n-sunset-lampolla\/#primaryimage"},"image":{"@id":"https:\/\/deltaturistic.com\/es\/paquets-turistics\/2n-sunset-lampolla\/#primaryimage"},"thumbnailUrl":"https:\/\/deltaturistic.com\/wp-content\/uploads\/2014\/09\/sunset.jpg","datePublished":"2014-09-13T15:53:57+00:00","dateModified":"2014-09-13T15:56:51+00:00","breadcrumb":{"@id":"https:\/\/deltaturistic.com\/es\/paquets-turistics\/2n-sunset-lampolla\/#breadcrumb"},"inLanguage":"es","potentialAction":[{"@type":"ReadAction","target":["https:\/\/deltaturistic.com\/es\/paquets-turistics\/2n-sunset-lampolla\/"]}]},{"@type":"ImageObject","inLanguage":"es","@id":"https:\/\/deltaturistic.com\/es\/paquets-turistics\/2n-sunset-lampolla\/#primaryimage","url":"https:\/\/deltaturistic.com\/wp-content\/uploads\/2014\/09\/sunset.jpg","contentUrl":"https:\/\/deltaturistic.com\/wp-content\/uploads\/2014\/09\/sunset.jpg","width":720,"height":1040},{"@type":"BreadcrumbList","@id":"https:\/\/deltaturistic.com\/es\/paquets-turistics\/2n-sunset-lampolla\/#breadcrumb","itemListElement":[{"@type":"ListItem","position":1,"name":"Inici","item":"https:\/\/deltaturistic.com\/es\/"},{"@type":"ListItem","position":2,"name":"Productes tur\u00edstics","item":"https:\/\/deltaturistic.com\/paquets-turistics\/"},{"@type":"ListItem","position":3,"name":"2n Sunset l&#8217;Ampolla"}]},{"@type":"WebSite","@id":"https:\/\/deltaturistic.com\/es\/#website","url":"https:\/\/deltaturistic.com\/es\/","name":"Turismo, excursiones y deportes de aventura en ell delta del Ebro","description":"Turismo, excursiones y deportes de aventura en el delta del Ebro. Agencia de Viages Deltaturistic","potentialAction":[{"@type":"SearchAction","target":{"@type":"EntryPoint","urlTemplate":"https:\/\/deltaturistic.com\/es\/?s={search_term_string}"},"query-input":{"@type":"PropertyValueSpecification","valueRequired":true,"valueName":"search_term_string"}}],"inLanguage":"es"}]}},"_links":{"self":[{"href":"https:\/\/deltaturistic.com\/es\/wp-json\/wp\/v2\/product\/2448","targetHints":{"allow":["GET"]}}],"collection":[{"href":"https:\/\/deltaturistic.com\/es\/wp-json\/wp\/v2\/product"}],"about":[{"href":"https:\/\/deltaturistic.com\/es\/wp-json\/wp\/v2\/types\/product"}],"wp:featuredmedia":[{"embeddable":true,"href":"https:\/\/deltaturistic.com\/es\/wp-json\/wp\/v2\/media\/5904"}],"wp:attachment":[{"href":"https:\/\/deltaturistic.com\/es\/wp-json\/wp\/v2\/media?parent=2448"}],"wp:term":[{"taxonomy":"product_brand","embeddable":true,"href":"https:\/\/deltaturistic.com\/es\/wp-json\/wp\/v2\/product_brand?post=2448"},{"taxonomy":"product_cat","embeddable":true,"href":"https:\/\/deltaturistic.com\/es\/wp-json\/wp\/v2\/product_cat?post=2448"},{"taxonomy":"product_tag","embeddable":true,"href":"https:\/\/deltaturistic.com\/es\/wp-json\/wp\/v2\/product_tag?post=2448"}],"curies":[{"name":"wp","href":"https:\/\/api.w.org\/{rel}","templated":true}]}}