{"id":5683,"date":"2015-03-30T17:07:25","date_gmt":"2015-03-30T16:07:25","guid":{"rendered":"http:\/\/www.deltaturistic.com\/paquets-turistics\/curs-iniciacio-kitesurf-2\/"},"modified":"2022-02-12T00:17:29","modified_gmt":"2022-02-11T23:17:29","slug":"curs-iniciacio-kitesurf","status":"publish","type":"product","link":"https:\/\/deltaturistic.com\/es\/paquets-turistics\/curs-iniciacio-kitesurf\/","title":{"rendered":"Curso Iniciaci\u00f3n Kitesurf"},"content":{"rendered":"<p>Pasos a realizar para el 1 Nivel de kitesurf:<\/p>\n<p>1. Teor\u00eda, conocimiento de las direcciones y de la ventana del viento donde iremos a empezar a pilotar la estrella, zonas de m\u00e1xima y menos potencia.<br \/>2. Pilotar trainer de 2 l\u00edneas, aprenderemos a direccionar derecha e izquierda y buscar las zonas de mas y menos potencia de la ventana. Importante: El aprendizaje siempre lo realizaremos en la playa con trainer y kites de 3 metros para mayor seguridad.<br \/>3. Pasamos a realizar el montaje de un kite de 3 metros con la barra de 4 l\u00edneas, conoceremos las seguridades de la barra para tener la m\u00e1xima seguridad para poder pilotar en la playa del Delta del Ebro.<br \/>4. pilotar el kite de 4 l\u00edneas, direcciones derecha e izquierda, y a\u00f1adiremos subir barra para sacar potencia al kite y bajar barra para poder tener tensi\u00f3n en las l\u00edneas para direccionar.<br \/>5. Realizaremos ejercicios de posicionamiento del kite en 45 grados en las dos partes de la ventana, conseguiremos tener un mayor control del kite y notar la presi\u00f3n del viento sin realizar movimientos y posicionar la barra paralela al kite, realizaremos ejercicios espec\u00edficos con una mano y empezar a adaptarnos para los siguientes ejercicios al Nivel 2 dentro del agua.<br \/>\u00a0<br \/>Importante: Estos ejercicios se tienen que hacer perfectamente a la playa y con seguridad, antes de entrar al agua realizar el segundo nivel se tiene que adquirir una buena base del primer Nivel, luego dentro del agua todo ser\u00e1 mas f\u00e1cil . Las clases de kitesurf en el Delta del Ebro se realizar\u00e1n con todo lo necesario para poder tener la seguridad indispensable dentro y fuera del agua<\/p>\n","protected":false},"excerpt":{"rendered":"<p>Pasos a realizar para el 1 Nivel de kitesurf: 1. Teor\u00eda, conocimiento de las direcciones y de la ventana del viento donde iremos a empezar a pilotar la estrella, zonas de m\u00e1xima y menos potencia.2. Pilotar trainer de 2 l\u00edneas, aprenderemos a direccionar derecha e izquierda y buscar las zonas de mas y menos potencia [&hellip;]<\/p>\n","protected":false},"featured_media":1496,"template":"","meta":[],"product_brand":[],"product_cat":[505],"product_tag":[],"class_list":{"0":"post-5683","1":"product","2":"type-product","3":"status-publish","4":"has-post-thumbnail","6":"product_cat-kite-es","7":"pa_duracio-2-3-hores-es","8":"pa_preu-5000e-persona-es","10":"first","11":"instock","12":"shipping-taxable","13":"purchasable","14":"product-type-simple"},"yoast_head":"<!-- This site is optimized with the Yoast SEO plugin v27.1.1 - https:\/\/yoast.com\/product\/yoast-seo-wordpress\/ -->\n<title>Curso Iniciaci\u00f3n Kitesurf - Turismo, excursiones y deportes de aventura en ell delta del Ebro<\/title>\n<meta name=\"robots\" content=\"index, follow, max-snippet:-1, max-image-preview:large, max-video-preview:-1\" \/>\n<link rel=\"canonical\" href=\"https:\/\/deltaturistic.com\/es\/paquets-turistics\/curs-iniciacio-kitesurf\/\" \/>\n<meta name=\"twitter:label1\" content=\"Tiempo de lectura\" \/>\n\t<meta name=\"twitter:data1\" content=\"1 minuto\" \/>\n<script type=\"application\/ld+json\" class=\"yoast-schema-graph\">{\"@context\":\"https:\/\/schema.org\",\"@graph\":[{\"@type\":\"WebPage\",\"@id\":\"https:\/\/deltaturistic.com\/es\/paquets-turistics\/curs-iniciacio-kitesurf\/\",\"url\":\"https:\/\/deltaturistic.com\/es\/paquets-turistics\/curs-iniciacio-kitesurf\/\",\"name\":\"Curso Iniciaci\u00f3n Kitesurf - Turismo, excursiones y deportes de aventura en ell delta del Ebro\",\"isPartOf\":{\"@id\":\"https:\/\/deltaturistic.com\/es\/#website\"},\"primaryImageOfPage\":{\"@id\":\"https:\/\/deltaturistic.com\/es\/paquets-turistics\/curs-iniciacio-kitesurf\/#primaryimage\"},\"image\":{\"@id\":\"https:\/\/deltaturistic.com\/es\/paquets-turistics\/curs-iniciacio-kitesurf\/#primaryimage\"},\"thumbnailUrl\":\"https:\/\/deltaturistic.com\/wp-content\/uploads\/2014\/07\/kitesurf.jpg\",\"datePublished\":\"2015-03-30T16:07:25+00:00\",\"dateModified\":\"2022-02-11T23:17:29+00:00\",\"breadcrumb\":{\"@id\":\"https:\/\/deltaturistic.com\/es\/paquets-turistics\/curs-iniciacio-kitesurf\/#breadcrumb\"},\"inLanguage\":\"es\",\"potentialAction\":[{\"@type\":\"ReadAction\",\"target\":[\"https:\/\/deltaturistic.com\/es\/paquets-turistics\/curs-iniciacio-kitesurf\/\"]}]},{\"@type\":\"ImageObject\",\"inLanguage\":\"es\",\"@id\":\"https:\/\/deltaturistic.com\/es\/paquets-turistics\/curs-iniciacio-kitesurf\/#primaryimage\",\"url\":\"https:\/\/deltaturistic.com\/wp-content\/uploads\/2014\/07\/kitesurf.jpg\",\"contentUrl\":\"https:\/\/deltaturistic.com\/wp-content\/uploads\/2014\/07\/kitesurf.jpg\",\"width\":550,\"height\":366},{\"@type\":\"BreadcrumbList\",\"@id\":\"https:\/\/deltaturistic.com\/es\/paquets-turistics\/curs-iniciacio-kitesurf\/#breadcrumb\",\"itemListElement\":[{\"@type\":\"ListItem\",\"position\":1,\"name\":\"Inici\",\"item\":\"https:\/\/deltaturistic.com\/es\/\"},{\"@type\":\"ListItem\",\"position\":2,\"name\":\"Productes tur\u00edstics\",\"item\":\"https:\/\/deltaturistic.com\/paquets-turistics\/\"},{\"@type\":\"ListItem\",\"position\":3,\"name\":\"Curso Iniciaci\u00f3n Kitesurf\"}]},{\"@type\":\"WebSite\",\"@id\":\"https:\/\/deltaturistic.com\/es\/#website\",\"url\":\"https:\/\/deltaturistic.com\/es\/\",\"name\":\"Turismo, excursiones y deportes de aventura en ell delta del Ebro\",\"description\":\"Turismo, excursiones y deportes de aventura en el delta del Ebro. Agencia de Viages Deltaturistic\",\"potentialAction\":[{\"@type\":\"SearchAction\",\"target\":{\"@type\":\"EntryPoint\",\"urlTemplate\":\"https:\/\/deltaturistic.com\/es\/?s={search_term_string}\"},\"query-input\":{\"@type\":\"PropertyValueSpecification\",\"valueRequired\":true,\"valueName\":\"search_term_string\"}}],\"inLanguage\":\"es\"}]}<\/script>\n<!-- \/ Yoast SEO plugin. -->","yoast_head_json":{"title":"Curso Iniciaci\u00f3n Kitesurf - Turismo, excursiones y deportes de aventura en ell delta del Ebro","robots":{"index":"index","follow":"follow","max-snippet":"max-snippet:-1","max-image-preview":"max-image-preview:large","max-video-preview":"max-video-preview:-1"},"canonical":"https:\/\/deltaturistic.com\/es\/paquets-turistics\/curs-iniciacio-kitesurf\/","twitter_misc":{"Tiempo de lectura":"1 minuto"},"schema":{"@context":"https:\/\/schema.org","@graph":[{"@type":"WebPage","@id":"https:\/\/deltaturistic.com\/es\/paquets-turistics\/curs-iniciacio-kitesurf\/","url":"https:\/\/deltaturistic.com\/es\/paquets-turistics\/curs-iniciacio-kitesurf\/","name":"Curso Iniciaci\u00f3n Kitesurf - Turismo, excursiones y deportes de aventura en ell delta del Ebro","isPartOf":{"@id":"https:\/\/deltaturistic.com\/es\/#website"},"primaryImageOfPage":{"@id":"https:\/\/deltaturistic.com\/es\/paquets-turistics\/curs-iniciacio-kitesurf\/#primaryimage"},"image":{"@id":"https:\/\/deltaturistic.com\/es\/paquets-turistics\/curs-iniciacio-kitesurf\/#primaryimage"},"thumbnailUrl":"https:\/\/deltaturistic.com\/wp-content\/uploads\/2014\/07\/kitesurf.jpg","datePublished":"2015-03-30T16:07:25+00:00","dateModified":"2022-02-11T23:17:29+00:00","breadcrumb":{"@id":"https:\/\/deltaturistic.com\/es\/paquets-turistics\/curs-iniciacio-kitesurf\/#breadcrumb"},"inLanguage":"es","potentialAction":[{"@type":"ReadAction","target":["https:\/\/deltaturistic.com\/es\/paquets-turistics\/curs-iniciacio-kitesurf\/"]}]},{"@type":"ImageObject","inLanguage":"es","@id":"https:\/\/deltaturistic.com\/es\/paquets-turistics\/curs-iniciacio-kitesurf\/#primaryimage","url":"https:\/\/deltaturistic.com\/wp-content\/uploads\/2014\/07\/kitesurf.jpg","contentUrl":"https:\/\/deltaturistic.com\/wp-content\/uploads\/2014\/07\/kitesurf.jpg","width":550,"height":366},{"@type":"BreadcrumbList","@id":"https:\/\/deltaturistic.com\/es\/paquets-turistics\/curs-iniciacio-kitesurf\/#breadcrumb","itemListElement":[{"@type":"ListItem","position":1,"name":"Inici","item":"https:\/\/deltaturistic.com\/es\/"},{"@type":"ListItem","position":2,"name":"Productes tur\u00edstics","item":"https:\/\/deltaturistic.com\/paquets-turistics\/"},{"@type":"ListItem","position":3,"name":"Curso Iniciaci\u00f3n Kitesurf"}]},{"@type":"WebSite","@id":"https:\/\/deltaturistic.com\/es\/#website","url":"https:\/\/deltaturistic.com\/es\/","name":"Turismo, excursiones y deportes de aventura en ell delta del Ebro","description":"Turismo, excursiones y deportes de aventura en el delta del Ebro. Agencia de Viages Deltaturistic","potentialAction":[{"@type":"SearchAction","target":{"@type":"EntryPoint","urlTemplate":"https:\/\/deltaturistic.com\/es\/?s={search_term_string}"},"query-input":{"@type":"PropertyValueSpecification","valueRequired":true,"valueName":"search_term_string"}}],"inLanguage":"es"}]}},"_links":{"self":[{"href":"https:\/\/deltaturistic.com\/es\/wp-json\/wp\/v2\/product\/5683","targetHints":{"allow":["GET"]}}],"collection":[{"href":"https:\/\/deltaturistic.com\/es\/wp-json\/wp\/v2\/product"}],"about":[{"href":"https:\/\/deltaturistic.com\/es\/wp-json\/wp\/v2\/types\/product"}],"wp:featuredmedia":[{"embeddable":true,"href":"https:\/\/deltaturistic.com\/es\/wp-json\/wp\/v2\/media\/1496"}],"wp:attachment":[{"href":"https:\/\/deltaturistic.com\/es\/wp-json\/wp\/v2\/media?parent=5683"}],"wp:term":[{"taxonomy":"product_brand","embeddable":true,"href":"https:\/\/deltaturistic.com\/es\/wp-json\/wp\/v2\/product_brand?post=5683"},{"taxonomy":"product_cat","embeddable":true,"href":"https:\/\/deltaturistic.com\/es\/wp-json\/wp\/v2\/product_cat?post=5683"},{"taxonomy":"product_tag","embeddable":true,"href":"https:\/\/deltaturistic.com\/es\/wp-json\/wp\/v2\/product_tag?post=5683"}],"curies":[{"name":"wp","href":"https:\/\/api.w.org\/{rel}","templated":true}]}}