{"id":5689,"date":"2015-03-30T17:34:49","date_gmt":"2015-03-30T16:34:49","guid":{"rendered":"http:\/\/www.deltaturistic.com\/paquets-turistics\/curs-2on-nivell-kitesurf-2\/"},"modified":"2015-03-30T17:37:47","modified_gmt":"2015-03-30T16:37:47","slug":"curs-2on-nivell-kitesurf","status":"publish","type":"product","link":"https:\/\/deltaturistic.com\/es\/paquets-turistics\/curs-2on-nivell-kitesurf\/","title":{"rendered":"Curso 2o nivel Kitesurf"},"content":{"rendered":"<p>Curso de kitesurf Nivel 2 Body-Drag:<\/p>\n<p>Curso de ejercicios espec\u00edficos dentro del agua, los grupos ser\u00e1n de 2 a 3 personas, es aconsejable grupo de 2 personas para una mayor rapidez en el aprendizaje y evoluci\u00f3n para poder avanzar. Durante el curso seguimos la metodolog\u00eda de la ense\u00f1anza de la FCDV y IKO que explicamos a continuaci\u00f3n.<\/p>\n<p>1: Dentro del agua empezamos a pilotar un kite de 8 metros dependiendo de la intensidad del viento, hacemos ejercicios de posicionamiento del kite los 2 lados de la ventana bajando el kite.<\/p>\n<p>Importante: Siempre elegimos la medida del kite dependiendo de la intensidad del viento, las clases para una mayor seguridad de aprendizaje de los vientos estar\u00e1n sobre 12 a 16 nudos, m\u00e1s intensidad montar\u00edamos un kite m\u00e1s peque\u00f1o.<\/p>\n<p>2: Lanzamiento del kite en el agua, cuando el kite esta en el agua con el borde de ataque tocando el agua, cruzaremos la barra media vuelta y empezar a tirar una l\u00ednea de direcci\u00f3n, puede ser izquierda o derecha, cuando el kite empieza a subir en vertical y ya casi esta casi saliendo del agua a empezar a tirar menos de la l\u00ednea sin dejar de tirar.<\/p>\n<p>Cuando el kite cae al agua con el borde de ataque mirando hacia arriba, tiraremos de las 2 l\u00edneas de potencia fuerte, esto provoca que el kite se gire con el borde de ataque hacia el agua, luego empezaremos a relanzamiento .<\/p>\n<p>3: Recuperaci\u00f3n de la tabla de kitesurf cuando nos caemos en practicar el water-start, posicionaremos el kite en 45 grados para un mayor rango de ce\u00f1ida, posicionando el cuerpo en horizontal, con una mano extendida nos har\u00e1 de tim\u00f3n y tomar un rumbo , con la otra mano tomaremos la barra de la parte del medio y tiraremos de ella para poder coger fuerza y ??arrastre para ir a buscar la mesa. La escuela de kitesurf en el Delta del Ebro realizara las clases de kitesurf en aguas poco profundas y sin oleaje<\/p>\n<p>4: Cuando ya tenemos estos ejercicios con total seguridad, empezamos a buscar potencia con el kite en forma de ochos, de las 12 hacia los lados de la ventana direccionando la barra totalmente en vertical para un mayor giro en la estrella y coger potencia suficiente para poder arrastrar por el agua, estos ejercicios sirven para poder coger potencia cuando nos ponemos la mesa y poder empezar a practicar la salida el water-start, que explicamos al 3 Nivel.<\/p>\n<p>5: Activar el sistema de seguridad de nuestro kite:<\/p>\n<p>1: Cuando nos quedamos alejados o nos hemos quedado sin viento o el viento ha cambiado de sentido activaremos el sistema de seguridad que tenemos en el Chiken-loop, activamos la seguridad del kite, pierde potencia y nos quedamos con la l\u00ednea de potencia que vamos cojidos por correa, damos 4 o 5 vueltas a la l\u00ednea que va cogida por la correa y la aseguramos en la barra. Cuando ya tenemos esta l\u00ednea asegurada ya podemos empezar a recoger las otras l\u00edneas, sino aseguramos primero la l\u00ednea del correa en la barra independientemente de las otras el kite podr\u00eda colocarse con las l\u00edneas en tensi\u00f3n y no podr\u00edamos recoger el kite con seguridad .<\/p>\n<p>Vamos nadando hacia el kite y antes de llegar ya tenemos las l\u00edneas recogidas en la barra y aseguradas, nos soltamos de la barra y nos tomamos el kite, si la direcci\u00f3n del viento es favorable intentamos invertir el kite con el borde de ataque hacia arriba y nos intentamos posicionar encima del centro del kite, una vez encima cogemos los v\u00e9rtices de una de las puntas del kite, esto nos puede servir de velero para poder arrastrar hacia un rumbo hacia la orilla.<\/p>\n<p>Sino tenemos viento suficiente para poder desplazarse con el kite permaneceremos cogidos al kite y intentaremos salir nadando.<\/p>\n<p>Importante: El kite es nuestro salvavidas al ser visible y mantener encima del agua, si la direcci\u00f3n es totalmente de tierra a mar sin disponer de embarcaci\u00f3n de rescate, la mejor opci\u00f3n es activar el sistema de seguridad y activar el correa de nuestro cintur\u00f3n y abandonar nuestro equipo y salir nadando con nuestra mesa.<\/p>\n","protected":false},"excerpt":{"rendered":"<p>Curso de kitesurf Nivel 2 Body-Drag: Curso de ejercicios espec\u00edficos dentro del agua, los grupos ser\u00e1n de 2 a 3 personas, es aconsejable grupo de 2 personas para una mayor rapidez en el aprendizaje y evoluci\u00f3n para poder avanzar. Durante el curso seguimos la metodolog\u00eda de la ense\u00f1anza de la FCDV y IKO que explicamos [&hellip;]<\/p>\n","protected":false},"featured_media":5687,"template":"","meta":[],"product_brand":[],"product_cat":[505],"product_tag":[],"class_list":{"0":"post-5689","1":"product","2":"type-product","3":"status-publish","4":"has-post-thumbnail","6":"product_cat-kite-es","7":"pa_duracio-3-horas","8":"pa_preu-9000e-persona-es","10":"first","11":"instock","12":"shipping-taxable","13":"purchasable","14":"product-type-simple"},"yoast_head":"<!-- This site is optimized with the Yoast SEO plugin v27.1.1 - https:\/\/yoast.com\/product\/yoast-seo-wordpress\/ -->\n<title>Curso 2o nivel Kitesurf - Turismo, excursiones y deportes de aventura en ell delta del Ebro<\/title>\n<meta name=\"robots\" content=\"index, follow, max-snippet:-1, max-image-preview:large, max-video-preview:-1\" \/>\n<link rel=\"canonical\" href=\"https:\/\/deltaturistic.com\/es\/paquets-turistics\/curs-2on-nivell-kitesurf\/\" \/>\n<meta name=\"twitter:label1\" content=\"Tiempo de lectura\" \/>\n\t<meta name=\"twitter:data1\" content=\"3 minutos\" \/>\n<script type=\"application\/ld+json\" class=\"yoast-schema-graph\">{\"@context\":\"https:\/\/schema.org\",\"@graph\":[{\"@type\":\"WebPage\",\"@id\":\"https:\/\/deltaturistic.com\/es\/paquets-turistics\/curs-2on-nivell-kitesurf\/\",\"url\":\"https:\/\/deltaturistic.com\/es\/paquets-turistics\/curs-2on-nivell-kitesurf\/\",\"name\":\"Curso 2o nivel Kitesurf - Turismo, excursiones y deportes de aventura en ell delta del Ebro\",\"isPartOf\":{\"@id\":\"https:\/\/deltaturistic.com\/es\/#website\"},\"primaryImageOfPage\":{\"@id\":\"https:\/\/deltaturistic.com\/es\/paquets-turistics\/curs-2on-nivell-kitesurf\/#primaryimage\"},\"image\":{\"@id\":\"https:\/\/deltaturistic.com\/es\/paquets-turistics\/curs-2on-nivell-kitesurf\/#primaryimage\"},\"thumbnailUrl\":\"https:\/\/deltaturistic.com\/wp-content\/uploads\/2015\/03\/kite.jpg\",\"datePublished\":\"2015-03-30T16:34:49+00:00\",\"dateModified\":\"2015-03-30T16:37:47+00:00\",\"breadcrumb\":{\"@id\":\"https:\/\/deltaturistic.com\/es\/paquets-turistics\/curs-2on-nivell-kitesurf\/#breadcrumb\"},\"inLanguage\":\"es\",\"potentialAction\":[{\"@type\":\"ReadAction\",\"target\":[\"https:\/\/deltaturistic.com\/es\/paquets-turistics\/curs-2on-nivell-kitesurf\/\"]}]},{\"@type\":\"ImageObject\",\"inLanguage\":\"es\",\"@id\":\"https:\/\/deltaturistic.com\/es\/paquets-turistics\/curs-2on-nivell-kitesurf\/#primaryimage\",\"url\":\"https:\/\/deltaturistic.com\/wp-content\/uploads\/2015\/03\/kite.jpg\",\"contentUrl\":\"https:\/\/deltaturistic.com\/wp-content\/uploads\/2015\/03\/kite.jpg\",\"width\":259,\"height\":194},{\"@type\":\"BreadcrumbList\",\"@id\":\"https:\/\/deltaturistic.com\/es\/paquets-turistics\/curs-2on-nivell-kitesurf\/#breadcrumb\",\"itemListElement\":[{\"@type\":\"ListItem\",\"position\":1,\"name\":\"Inici\",\"item\":\"https:\/\/deltaturistic.com\/es\/\"},{\"@type\":\"ListItem\",\"position\":2,\"name\":\"Productes tur\u00edstics\",\"item\":\"https:\/\/deltaturistic.com\/paquets-turistics\/\"},{\"@type\":\"ListItem\",\"position\":3,\"name\":\"Curso 2o nivel Kitesurf\"}]},{\"@type\":\"WebSite\",\"@id\":\"https:\/\/deltaturistic.com\/es\/#website\",\"url\":\"https:\/\/deltaturistic.com\/es\/\",\"name\":\"Turismo, excursiones y deportes de aventura en ell delta del Ebro\",\"description\":\"Turismo, excursiones y deportes de aventura en el delta del Ebro. Agencia de Viages Deltaturistic\",\"potentialAction\":[{\"@type\":\"SearchAction\",\"target\":{\"@type\":\"EntryPoint\",\"urlTemplate\":\"https:\/\/deltaturistic.com\/es\/?s={search_term_string}\"},\"query-input\":{\"@type\":\"PropertyValueSpecification\",\"valueRequired\":true,\"valueName\":\"search_term_string\"}}],\"inLanguage\":\"es\"}]}<\/script>\n<!-- \/ Yoast SEO plugin. -->","yoast_head_json":{"title":"Curso 2o nivel Kitesurf - Turismo, excursiones y deportes de aventura en ell delta del Ebro","robots":{"index":"index","follow":"follow","max-snippet":"max-snippet:-1","max-image-preview":"max-image-preview:large","max-video-preview":"max-video-preview:-1"},"canonical":"https:\/\/deltaturistic.com\/es\/paquets-turistics\/curs-2on-nivell-kitesurf\/","twitter_misc":{"Tiempo de lectura":"3 minutos"},"schema":{"@context":"https:\/\/schema.org","@graph":[{"@type":"WebPage","@id":"https:\/\/deltaturistic.com\/es\/paquets-turistics\/curs-2on-nivell-kitesurf\/","url":"https:\/\/deltaturistic.com\/es\/paquets-turistics\/curs-2on-nivell-kitesurf\/","name":"Curso 2o nivel Kitesurf - Turismo, excursiones y deportes de aventura en ell delta del Ebro","isPartOf":{"@id":"https:\/\/deltaturistic.com\/es\/#website"},"primaryImageOfPage":{"@id":"https:\/\/deltaturistic.com\/es\/paquets-turistics\/curs-2on-nivell-kitesurf\/#primaryimage"},"image":{"@id":"https:\/\/deltaturistic.com\/es\/paquets-turistics\/curs-2on-nivell-kitesurf\/#primaryimage"},"thumbnailUrl":"https:\/\/deltaturistic.com\/wp-content\/uploads\/2015\/03\/kite.jpg","datePublished":"2015-03-30T16:34:49+00:00","dateModified":"2015-03-30T16:37:47+00:00","breadcrumb":{"@id":"https:\/\/deltaturistic.com\/es\/paquets-turistics\/curs-2on-nivell-kitesurf\/#breadcrumb"},"inLanguage":"es","potentialAction":[{"@type":"ReadAction","target":["https:\/\/deltaturistic.com\/es\/paquets-turistics\/curs-2on-nivell-kitesurf\/"]}]},{"@type":"ImageObject","inLanguage":"es","@id":"https:\/\/deltaturistic.com\/es\/paquets-turistics\/curs-2on-nivell-kitesurf\/#primaryimage","url":"https:\/\/deltaturistic.com\/wp-content\/uploads\/2015\/03\/kite.jpg","contentUrl":"https:\/\/deltaturistic.com\/wp-content\/uploads\/2015\/03\/kite.jpg","width":259,"height":194},{"@type":"BreadcrumbList","@id":"https:\/\/deltaturistic.com\/es\/paquets-turistics\/curs-2on-nivell-kitesurf\/#breadcrumb","itemListElement":[{"@type":"ListItem","position":1,"name":"Inici","item":"https:\/\/deltaturistic.com\/es\/"},{"@type":"ListItem","position":2,"name":"Productes tur\u00edstics","item":"https:\/\/deltaturistic.com\/paquets-turistics\/"},{"@type":"ListItem","position":3,"name":"Curso 2o nivel Kitesurf"}]},{"@type":"WebSite","@id":"https:\/\/deltaturistic.com\/es\/#website","url":"https:\/\/deltaturistic.com\/es\/","name":"Turismo, excursiones y deportes de aventura en ell delta del Ebro","description":"Turismo, excursiones y deportes de aventura en el delta del Ebro. Agencia de Viages Deltaturistic","potentialAction":[{"@type":"SearchAction","target":{"@type":"EntryPoint","urlTemplate":"https:\/\/deltaturistic.com\/es\/?s={search_term_string}"},"query-input":{"@type":"PropertyValueSpecification","valueRequired":true,"valueName":"search_term_string"}}],"inLanguage":"es"}]}},"_links":{"self":[{"href":"https:\/\/deltaturistic.com\/es\/wp-json\/wp\/v2\/product\/5689","targetHints":{"allow":["GET"]}}],"collection":[{"href":"https:\/\/deltaturistic.com\/es\/wp-json\/wp\/v2\/product"}],"about":[{"href":"https:\/\/deltaturistic.com\/es\/wp-json\/wp\/v2\/types\/product"}],"wp:featuredmedia":[{"embeddable":true,"href":"https:\/\/deltaturistic.com\/es\/wp-json\/wp\/v2\/media\/5687"}],"wp:attachment":[{"href":"https:\/\/deltaturistic.com\/es\/wp-json\/wp\/v2\/media?parent=5689"}],"wp:term":[{"taxonomy":"product_brand","embeddable":true,"href":"https:\/\/deltaturistic.com\/es\/wp-json\/wp\/v2\/product_brand?post=5689"},{"taxonomy":"product_cat","embeddable":true,"href":"https:\/\/deltaturistic.com\/es\/wp-json\/wp\/v2\/product_cat?post=5689"},{"taxonomy":"product_tag","embeddable":true,"href":"https:\/\/deltaturistic.com\/es\/wp-json\/wp\/v2\/product_tag?post=5689"}],"curies":[{"name":"wp","href":"https:\/\/api.w.org\/{rel}","templated":true}]}}