{"id":5692,"date":"2015-03-30T17:45:56","date_gmt":"2015-03-30T16:45:56","guid":{"rendered":"http:\/\/www.deltaturistic.com\/paquets-turistics\/curs-3er-nivell-kitesurf-2\/"},"modified":"2024-02-29T09:41:42","modified_gmt":"2024-02-29T08:41:42","slug":"curs-3er-nivell-kitesurf","status":"publish","type":"product","link":"https:\/\/deltaturistic.com\/es\/paquets-turistics\/curs-3er-nivell-kitesurf\/","title":{"rendered":"Curso 3er nivel Kitesurf"},"content":{"rendered":"<p>Curso Kitesurf NIVEL 3 Water-Start<\/p>\n<p>1: Posicionamos el kite a las 12 en punto, controlando el kite con una mano, importante colocar la mano en el centro para no perder estabilidad y que el kite no se nos vaya por los lados, siempre tener un m\u00ednimo de tensi\u00f3n las l\u00edneas .<\/p>\n<p>2: Tomamos la parte del asa de la mesa y nos la ponemos los pies con las piernas totalmente flexionadas.<\/p>\n<p>3: Posicionamos nuestro cuerpo siempre de espaldas al viento, girando un poco la mirada y el cuerpo hacia el lado que queremos salir, las piernas totalmente flexionadas en nuestro cuerpo.<\/p>\n<p>4: Cuando notamos que nuestro cuerpo se levanta del agua, la pierna de atr\u00e1s siempre un poco flexionada y la pierna de delante completamente estirada.<\/p>\n<p>5: Para buscar potencia con el kite por un rumbo hacia la izquierda, realizamos el movimiento del kite en forma de ochos, importante buscar la potencia seg\u00fan la intensidad del viento, menos viento mayor radio de potencia tendremos que tomar, m\u00e1s viento el radio es menor.<\/p>\n<p>6: Cuando tenemos un rumbo ya posicionados encima de la mesa, posicionamos el kite a 45\u00ba para una mayor ce\u00f1ida y direcci\u00f3n de nuestro rumbo y empezamos a navegar.<\/p>\n<p>7: Activar el sistema de seguridad de nuestro kite:<\/p>\n<p>Cuando nos quedamos alejados o nos hemos quedado sin viento o el viento ha cambiado de sentido activaremos el sistema de seguridad que tenemos en el Chiken-loop, activamos la seguridad del kite, pierde potencia y nos quedamos con la l\u00ednea de potencia que vamos cogidos por el correa, damos 4 o 5 vueltas a la l\u00ednea que va cogida por correa y la seguramos la barra.Cuando ya tenemos esta l\u00ednea asegurada ya podemos empezar a recoger las otras l\u00edneas, sino aseguramos primero la l\u00ednea del correa en la barra independientemente de las otras el kite podr\u00eda colocarse con las l\u00edneas en tensi\u00f3n y no podr\u00edamos recoger el kite con seguridad.<\/p>\n<p>Vamos nadando hacia el kite y antes de llegar ya tenemos las l\u00edneas recogidas en la barra y aseguradas, nos soltamos de la barra y nos tomamos el kite, si la direcci\u00f3n del viento es favorable intentamos invertir el kite con el borde de ataque hacia arriba y nos intentamos posicionar encima del centro del kite, una vez encima cogemos los v\u00e9rtices de una de las puntas del kite, esto nos puede servir de velero para poder arrastrar hacia un rumbo hacia la orilla.<\/p>\n<p>Sino tenemos viento suficiente para poder desplazarse con el kite permaneceremos cogidos al kite y intentaremos salir nadando.<\/p>\n","protected":false},"excerpt":{"rendered":"<p>Curso Kitesurf NIVEL 3 Water-Start 1: Posicionamos el kite a las 12 en punto, controlando el kite con una mano, importante colocar la mano en el centro para no perder estabilidad y que el kite no se nos vaya por los lados, siempre tener un m\u00ednimo de tensi\u00f3n las l\u00edneas . 2: Tomamos la parte [&hellip;]<\/p>\n","protected":false},"featured_media":5675,"template":"","meta":[],"product_brand":[],"product_cat":[505],"product_tag":[],"class_list":{"0":"post-5692","1":"product","2":"type-product","3":"status-publish","4":"has-post-thumbnail","6":"product_cat-kite-es","7":"pa_duracio-3-horas","8":"pa_preu-9000e-persona-es","10":"first","11":"instock","12":"shipping-taxable","13":"purchasable","14":"product-type-simple"},"yoast_head":"<!-- This site is optimized with the Yoast SEO plugin v27.1.1 - https:\/\/yoast.com\/product\/yoast-seo-wordpress\/ -->\n<title>Curso 3er nivel Kitesurf - Turismo, excursiones y deportes de aventura en ell delta del Ebro<\/title>\n<meta name=\"robots\" content=\"index, follow, max-snippet:-1, max-image-preview:large, max-video-preview:-1\" \/>\n<link rel=\"canonical\" href=\"https:\/\/deltaturistic.com\/es\/paquets-turistics\/curs-3er-nivell-kitesurf\/\" \/>\n<meta name=\"twitter:label1\" content=\"Tiempo de lectura\" \/>\n\t<meta name=\"twitter:data1\" content=\"2 minutos\" \/>\n<script type=\"application\/ld+json\" class=\"yoast-schema-graph\">{\"@context\":\"https:\/\/schema.org\",\"@graph\":[{\"@type\":\"WebPage\",\"@id\":\"https:\/\/deltaturistic.com\/es\/paquets-turistics\/curs-3er-nivell-kitesurf\/\",\"url\":\"https:\/\/deltaturistic.com\/es\/paquets-turistics\/curs-3er-nivell-kitesurf\/\",\"name\":\"Curso 3er nivel Kitesurf - Turismo, excursiones y deportes de aventura en ell delta del Ebro\",\"isPartOf\":{\"@id\":\"https:\/\/deltaturistic.com\/es\/#website\"},\"primaryImageOfPage\":{\"@id\":\"https:\/\/deltaturistic.com\/es\/paquets-turistics\/curs-3er-nivell-kitesurf\/#primaryimage\"},\"image\":{\"@id\":\"https:\/\/deltaturistic.com\/es\/paquets-turistics\/curs-3er-nivell-kitesurf\/#primaryimage\"},\"thumbnailUrl\":\"https:\/\/deltaturistic.com\/wp-content\/uploads\/2015\/03\/kite2.jpg\",\"datePublished\":\"2015-03-30T16:45:56+00:00\",\"dateModified\":\"2024-02-29T08:41:42+00:00\",\"breadcrumb\":{\"@id\":\"https:\/\/deltaturistic.com\/es\/paquets-turistics\/curs-3er-nivell-kitesurf\/#breadcrumb\"},\"inLanguage\":\"es\",\"potentialAction\":[{\"@type\":\"ReadAction\",\"target\":[\"https:\/\/deltaturistic.com\/es\/paquets-turistics\/curs-3er-nivell-kitesurf\/\"]}]},{\"@type\":\"ImageObject\",\"inLanguage\":\"es\",\"@id\":\"https:\/\/deltaturistic.com\/es\/paquets-turistics\/curs-3er-nivell-kitesurf\/#primaryimage\",\"url\":\"https:\/\/deltaturistic.com\/wp-content\/uploads\/2015\/03\/kite2.jpg\",\"contentUrl\":\"https:\/\/deltaturistic.com\/wp-content\/uploads\/2015\/03\/kite2.jpg\",\"width\":265,\"height\":190},{\"@type\":\"BreadcrumbList\",\"@id\":\"https:\/\/deltaturistic.com\/es\/paquets-turistics\/curs-3er-nivell-kitesurf\/#breadcrumb\",\"itemListElement\":[{\"@type\":\"ListItem\",\"position\":1,\"name\":\"Inici\",\"item\":\"https:\/\/deltaturistic.com\/es\/\"},{\"@type\":\"ListItem\",\"position\":2,\"name\":\"Productes tur\u00edstics\",\"item\":\"https:\/\/deltaturistic.com\/paquets-turistics\/\"},{\"@type\":\"ListItem\",\"position\":3,\"name\":\"Curso 3er nivel Kitesurf\"}]},{\"@type\":\"WebSite\",\"@id\":\"https:\/\/deltaturistic.com\/es\/#website\",\"url\":\"https:\/\/deltaturistic.com\/es\/\",\"name\":\"Turismo, excursiones y deportes de aventura en ell delta del Ebro\",\"description\":\"Turismo, excursiones y deportes de aventura en el delta del Ebro. Agencia de Viages Deltaturistic\",\"potentialAction\":[{\"@type\":\"SearchAction\",\"target\":{\"@type\":\"EntryPoint\",\"urlTemplate\":\"https:\/\/deltaturistic.com\/es\/?s={search_term_string}\"},\"query-input\":{\"@type\":\"PropertyValueSpecification\",\"valueRequired\":true,\"valueName\":\"search_term_string\"}}],\"inLanguage\":\"es\"}]}<\/script>\n<!-- \/ Yoast SEO plugin. -->","yoast_head_json":{"title":"Curso 3er nivel Kitesurf - Turismo, excursiones y deportes de aventura en ell delta del Ebro","robots":{"index":"index","follow":"follow","max-snippet":"max-snippet:-1","max-image-preview":"max-image-preview:large","max-video-preview":"max-video-preview:-1"},"canonical":"https:\/\/deltaturistic.com\/es\/paquets-turistics\/curs-3er-nivell-kitesurf\/","twitter_misc":{"Tiempo de lectura":"2 minutos"},"schema":{"@context":"https:\/\/schema.org","@graph":[{"@type":"WebPage","@id":"https:\/\/deltaturistic.com\/es\/paquets-turistics\/curs-3er-nivell-kitesurf\/","url":"https:\/\/deltaturistic.com\/es\/paquets-turistics\/curs-3er-nivell-kitesurf\/","name":"Curso 3er nivel Kitesurf - Turismo, excursiones y deportes de aventura en ell delta del Ebro","isPartOf":{"@id":"https:\/\/deltaturistic.com\/es\/#website"},"primaryImageOfPage":{"@id":"https:\/\/deltaturistic.com\/es\/paquets-turistics\/curs-3er-nivell-kitesurf\/#primaryimage"},"image":{"@id":"https:\/\/deltaturistic.com\/es\/paquets-turistics\/curs-3er-nivell-kitesurf\/#primaryimage"},"thumbnailUrl":"https:\/\/deltaturistic.com\/wp-content\/uploads\/2015\/03\/kite2.jpg","datePublished":"2015-03-30T16:45:56+00:00","dateModified":"2024-02-29T08:41:42+00:00","breadcrumb":{"@id":"https:\/\/deltaturistic.com\/es\/paquets-turistics\/curs-3er-nivell-kitesurf\/#breadcrumb"},"inLanguage":"es","potentialAction":[{"@type":"ReadAction","target":["https:\/\/deltaturistic.com\/es\/paquets-turistics\/curs-3er-nivell-kitesurf\/"]}]},{"@type":"ImageObject","inLanguage":"es","@id":"https:\/\/deltaturistic.com\/es\/paquets-turistics\/curs-3er-nivell-kitesurf\/#primaryimage","url":"https:\/\/deltaturistic.com\/wp-content\/uploads\/2015\/03\/kite2.jpg","contentUrl":"https:\/\/deltaturistic.com\/wp-content\/uploads\/2015\/03\/kite2.jpg","width":265,"height":190},{"@type":"BreadcrumbList","@id":"https:\/\/deltaturistic.com\/es\/paquets-turistics\/curs-3er-nivell-kitesurf\/#breadcrumb","itemListElement":[{"@type":"ListItem","position":1,"name":"Inici","item":"https:\/\/deltaturistic.com\/es\/"},{"@type":"ListItem","position":2,"name":"Productes tur\u00edstics","item":"https:\/\/deltaturistic.com\/paquets-turistics\/"},{"@type":"ListItem","position":3,"name":"Curso 3er nivel Kitesurf"}]},{"@type":"WebSite","@id":"https:\/\/deltaturistic.com\/es\/#website","url":"https:\/\/deltaturistic.com\/es\/","name":"Turismo, excursiones y deportes de aventura en ell delta del Ebro","description":"Turismo, excursiones y deportes de aventura en el delta del Ebro. Agencia de Viages Deltaturistic","potentialAction":[{"@type":"SearchAction","target":{"@type":"EntryPoint","urlTemplate":"https:\/\/deltaturistic.com\/es\/?s={search_term_string}"},"query-input":{"@type":"PropertyValueSpecification","valueRequired":true,"valueName":"search_term_string"}}],"inLanguage":"es"}]}},"_links":{"self":[{"href":"https:\/\/deltaturistic.com\/es\/wp-json\/wp\/v2\/product\/5692","targetHints":{"allow":["GET"]}}],"collection":[{"href":"https:\/\/deltaturistic.com\/es\/wp-json\/wp\/v2\/product"}],"about":[{"href":"https:\/\/deltaturistic.com\/es\/wp-json\/wp\/v2\/types\/product"}],"wp:featuredmedia":[{"embeddable":true,"href":"https:\/\/deltaturistic.com\/es\/wp-json\/wp\/v2\/media\/5675"}],"wp:attachment":[{"href":"https:\/\/deltaturistic.com\/es\/wp-json\/wp\/v2\/media?parent=5692"}],"wp:term":[{"taxonomy":"product_brand","embeddable":true,"href":"https:\/\/deltaturistic.com\/es\/wp-json\/wp\/v2\/product_brand?post=5692"},{"taxonomy":"product_cat","embeddable":true,"href":"https:\/\/deltaturistic.com\/es\/wp-json\/wp\/v2\/product_cat?post=5692"},{"taxonomy":"product_tag","embeddable":true,"href":"https:\/\/deltaturistic.com\/es\/wp-json\/wp\/v2\/product_tag?post=5692"}],"curies":[{"name":"wp","href":"https:\/\/api.w.org\/{rel}","templated":true}]}}