{"id":5706,"date":"2015-04-04T17:16:47","date_gmt":"2015-04-04T16:16:47","guid":{"rendered":"http:\/\/www.deltaturistic.com\/paquets-turistics\/cultura-i-tradicions-del-delta-de-lebre-2\/"},"modified":"2015-04-04T17:20:01","modified_gmt":"2015-04-04T16:20:01","slug":"cultura-i-tradicions-del-delta-de-lebre","status":"publish","type":"product","link":"https:\/\/deltaturistic.com\/es\/paquets-turistics\/cultura-i-tradicions-del-delta-de-lebre\/","title":{"rendered":"Cultura y tradiciones del Delta del Ebro"},"content":{"rendered":"<p>Conoce la historia y tradici\u00f3n del Delta.<br \/>Salida hacia Deltebre, para visitar uno de los museos m\u00e1s interesantes y educativos del Parque Natural de Delta del Ebro, el Ecomuseo, donde podremos ver los diferentes ambientes del Delta, sus ra\u00edces culturales, hist\u00f3ricas, y tradiciones. A su vez veremos diferentes instrumentos de pesca tradicional, herramientas antiguas del cultivo del arroz y para finalizar el Acuarium, donde albergan muchas de las especies que habitan los r\u00edos, canales, lagunas y bah\u00edas de Parque Natural, algunas de ellas casi en extinci\u00f3n. Para nuestra siguiente visita, nos dirigiremos a un peculiar molino de arroz tradicional, para conocer el proceso de manipulaci\u00f3n del arroz. Este antiguo molino de arroz, es muy peculiar, por ser el \u00fanico en madera en Catalu\u00f1a. Finalmente visitaremos la Agro Tienda de la Cooperativa del Bajo Ebro para poder adquirir las diferentes variedades de productos que nos interesen, tambi\u00e9n podremos ver un video educativo sobre el arroz. Regreso a destino.<br \/>Regreso a origen.<\/p>\n<p>\u00a0<\/p>\n<p>INCLUYE: Gu\u00eda acompa\u00f1ante, transporte, visitas y explicaciones, tickets y entradas, seguro, e Iva.<br \/>RECOMENDAMOS: crema solar, calzado deportivo, c\u00e1mara de fotos y prism\u00e1ticos.<br \/>OBSERVACIONES: La organizaci\u00f3n pondr\u00e1 a disposici\u00f3n de los clientes bebidas tipo refresco de forma opcional.<\/p>\n","protected":false},"excerpt":{"rendered":"<p>Conoce la historia y tradici\u00f3n del Delta.Salida hacia Deltebre, para visitar uno de los museos m\u00e1s interesantes y educativos del Parque Natural de Delta del Ebro, el Ecomuseo, donde podremos ver los diferentes ambientes del Delta, sus ra\u00edces culturales, hist\u00f3ricas, y tradiciones. A su vez veremos diferentes instrumentos de pesca tradicional, herramientas antiguas del cultivo [&hellip;]<\/p>\n","protected":false},"featured_media":5704,"template":"","meta":[],"product_brand":[],"product_cat":[525],"product_tag":[],"class_list":{"0":"post-5706","1":"product","2":"type-product","3":"status-publish","4":"has-post-thumbnail","6":"product_cat-culturales","7":"pa_duracio-4-hores-es","8":"pa_preu-adult-3300e-persona-es","9":"pa_preu-nen-2750e-nena-es","11":"first","12":"instock","13":"shipping-taxable","14":"purchasable","15":"product-type-simple"},"yoast_head":"<!-- This site is optimized with the Yoast SEO plugin v27.1.1 - https:\/\/yoast.com\/product\/yoast-seo-wordpress\/ -->\n<title>Cultura y tradiciones del Delta del Ebro - Turismo, excursiones y deportes de aventura en ell delta del Ebro<\/title>\n<meta name=\"robots\" content=\"index, follow, max-snippet:-1, max-image-preview:large, max-video-preview:-1\" \/>\n<link rel=\"canonical\" href=\"https:\/\/deltaturistic.com\/es\/paquets-turistics\/cultura-i-tradicions-del-delta-de-lebre\/\" \/>\n<meta name=\"twitter:label1\" content=\"Tiempo de lectura\" \/>\n\t<meta name=\"twitter:data1\" content=\"1 minuto\" \/>\n<script type=\"application\/ld+json\" class=\"yoast-schema-graph\">{\"@context\":\"https:\/\/schema.org\",\"@graph\":[{\"@type\":\"WebPage\",\"@id\":\"https:\/\/deltaturistic.com\/es\/paquets-turistics\/cultura-i-tradicions-del-delta-de-lebre\/\",\"url\":\"https:\/\/deltaturistic.com\/es\/paquets-turistics\/cultura-i-tradicions-del-delta-de-lebre\/\",\"name\":\"Cultura y tradiciones del Delta del Ebro - Turismo, excursiones y deportes de aventura en ell delta del Ebro\",\"isPartOf\":{\"@id\":\"https:\/\/deltaturistic.com\/es\/#website\"},\"primaryImageOfPage\":{\"@id\":\"https:\/\/deltaturistic.com\/es\/paquets-turistics\/cultura-i-tradicions-del-delta-de-lebre\/#primaryimage\"},\"image\":{\"@id\":\"https:\/\/deltaturistic.com\/es\/paquets-turistics\/cultura-i-tradicions-del-delta-de-lebre\/#primaryimage\"},\"thumbnailUrl\":\"https:\/\/deltaturistic.com\/wp-content\/uploads\/2015\/04\/casafusta.jpg\",\"datePublished\":\"2015-04-04T16:16:47+00:00\",\"dateModified\":\"2015-04-04T16:20:01+00:00\",\"breadcrumb\":{\"@id\":\"https:\/\/deltaturistic.com\/es\/paquets-turistics\/cultura-i-tradicions-del-delta-de-lebre\/#breadcrumb\"},\"inLanguage\":\"es\",\"potentialAction\":[{\"@type\":\"ReadAction\",\"target\":[\"https:\/\/deltaturistic.com\/es\/paquets-turistics\/cultura-i-tradicions-del-delta-de-lebre\/\"]}]},{\"@type\":\"ImageObject\",\"inLanguage\":\"es\",\"@id\":\"https:\/\/deltaturistic.com\/es\/paquets-turistics\/cultura-i-tradicions-del-delta-de-lebre\/#primaryimage\",\"url\":\"https:\/\/deltaturistic.com\/wp-content\/uploads\/2015\/04\/casafusta.jpg\",\"contentUrl\":\"https:\/\/deltaturistic.com\/wp-content\/uploads\/2015\/04\/casafusta.jpg\",\"width\":120,\"height\":90},{\"@type\":\"BreadcrumbList\",\"@id\":\"https:\/\/deltaturistic.com\/es\/paquets-turistics\/cultura-i-tradicions-del-delta-de-lebre\/#breadcrumb\",\"itemListElement\":[{\"@type\":\"ListItem\",\"position\":1,\"name\":\"Inici\",\"item\":\"https:\/\/deltaturistic.com\/es\/\"},{\"@type\":\"ListItem\",\"position\":2,\"name\":\"Productes tur\u00edstics\",\"item\":\"https:\/\/deltaturistic.com\/paquets-turistics\/\"},{\"@type\":\"ListItem\",\"position\":3,\"name\":\"Cultura y tradiciones del Delta del Ebro\"}]},{\"@type\":\"WebSite\",\"@id\":\"https:\/\/deltaturistic.com\/es\/#website\",\"url\":\"https:\/\/deltaturistic.com\/es\/\",\"name\":\"Turismo, excursiones y deportes de aventura en ell delta del Ebro\",\"description\":\"Turismo, excursiones y deportes de aventura en el delta del Ebro. Agencia de Viages Deltaturistic\",\"potentialAction\":[{\"@type\":\"SearchAction\",\"target\":{\"@type\":\"EntryPoint\",\"urlTemplate\":\"https:\/\/deltaturistic.com\/es\/?s={search_term_string}\"},\"query-input\":{\"@type\":\"PropertyValueSpecification\",\"valueRequired\":true,\"valueName\":\"search_term_string\"}}],\"inLanguage\":\"es\"}]}<\/script>\n<!-- \/ Yoast SEO plugin. -->","yoast_head_json":{"title":"Cultura y tradiciones del Delta del Ebro - Turismo, excursiones y deportes de aventura en ell delta del Ebro","robots":{"index":"index","follow":"follow","max-snippet":"max-snippet:-1","max-image-preview":"max-image-preview:large","max-video-preview":"max-video-preview:-1"},"canonical":"https:\/\/deltaturistic.com\/es\/paquets-turistics\/cultura-i-tradicions-del-delta-de-lebre\/","twitter_misc":{"Tiempo de lectura":"1 minuto"},"schema":{"@context":"https:\/\/schema.org","@graph":[{"@type":"WebPage","@id":"https:\/\/deltaturistic.com\/es\/paquets-turistics\/cultura-i-tradicions-del-delta-de-lebre\/","url":"https:\/\/deltaturistic.com\/es\/paquets-turistics\/cultura-i-tradicions-del-delta-de-lebre\/","name":"Cultura y tradiciones del Delta del Ebro - Turismo, excursiones y deportes de aventura en ell delta del Ebro","isPartOf":{"@id":"https:\/\/deltaturistic.com\/es\/#website"},"primaryImageOfPage":{"@id":"https:\/\/deltaturistic.com\/es\/paquets-turistics\/cultura-i-tradicions-del-delta-de-lebre\/#primaryimage"},"image":{"@id":"https:\/\/deltaturistic.com\/es\/paquets-turistics\/cultura-i-tradicions-del-delta-de-lebre\/#primaryimage"},"thumbnailUrl":"https:\/\/deltaturistic.com\/wp-content\/uploads\/2015\/04\/casafusta.jpg","datePublished":"2015-04-04T16:16:47+00:00","dateModified":"2015-04-04T16:20:01+00:00","breadcrumb":{"@id":"https:\/\/deltaturistic.com\/es\/paquets-turistics\/cultura-i-tradicions-del-delta-de-lebre\/#breadcrumb"},"inLanguage":"es","potentialAction":[{"@type":"ReadAction","target":["https:\/\/deltaturistic.com\/es\/paquets-turistics\/cultura-i-tradicions-del-delta-de-lebre\/"]}]},{"@type":"ImageObject","inLanguage":"es","@id":"https:\/\/deltaturistic.com\/es\/paquets-turistics\/cultura-i-tradicions-del-delta-de-lebre\/#primaryimage","url":"https:\/\/deltaturistic.com\/wp-content\/uploads\/2015\/04\/casafusta.jpg","contentUrl":"https:\/\/deltaturistic.com\/wp-content\/uploads\/2015\/04\/casafusta.jpg","width":120,"height":90},{"@type":"BreadcrumbList","@id":"https:\/\/deltaturistic.com\/es\/paquets-turistics\/cultura-i-tradicions-del-delta-de-lebre\/#breadcrumb","itemListElement":[{"@type":"ListItem","position":1,"name":"Inici","item":"https:\/\/deltaturistic.com\/es\/"},{"@type":"ListItem","position":2,"name":"Productes tur\u00edstics","item":"https:\/\/deltaturistic.com\/paquets-turistics\/"},{"@type":"ListItem","position":3,"name":"Cultura y tradiciones del Delta del Ebro"}]},{"@type":"WebSite","@id":"https:\/\/deltaturistic.com\/es\/#website","url":"https:\/\/deltaturistic.com\/es\/","name":"Turismo, excursiones y deportes de aventura en ell delta del Ebro","description":"Turismo, excursiones y deportes de aventura en el delta del Ebro. Agencia de Viages Deltaturistic","potentialAction":[{"@type":"SearchAction","target":{"@type":"EntryPoint","urlTemplate":"https:\/\/deltaturistic.com\/es\/?s={search_term_string}"},"query-input":{"@type":"PropertyValueSpecification","valueRequired":true,"valueName":"search_term_string"}}],"inLanguage":"es"}]}},"_links":{"self":[{"href":"https:\/\/deltaturistic.com\/es\/wp-json\/wp\/v2\/product\/5706","targetHints":{"allow":["GET"]}}],"collection":[{"href":"https:\/\/deltaturistic.com\/es\/wp-json\/wp\/v2\/product"}],"about":[{"href":"https:\/\/deltaturistic.com\/es\/wp-json\/wp\/v2\/types\/product"}],"wp:featuredmedia":[{"embeddable":true,"href":"https:\/\/deltaturistic.com\/es\/wp-json\/wp\/v2\/media\/5704"}],"wp:attachment":[{"href":"https:\/\/deltaturistic.com\/es\/wp-json\/wp\/v2\/media?parent=5706"}],"wp:term":[{"taxonomy":"product_brand","embeddable":true,"href":"https:\/\/deltaturistic.com\/es\/wp-json\/wp\/v2\/product_brand?post=5706"},{"taxonomy":"product_cat","embeddable":true,"href":"https:\/\/deltaturistic.com\/es\/wp-json\/wp\/v2\/product_cat?post=5706"},{"taxonomy":"product_tag","embeddable":true,"href":"https:\/\/deltaturistic.com\/es\/wp-json\/wp\/v2\/product_tag?post=5706"}],"curies":[{"name":"wp","href":"https:\/\/api.w.org\/{rel}","templated":true}]}}