{"id":5715,"date":"2015-04-04T18:01:48","date_gmt":"2015-04-04T17:01:48","guid":{"rendered":"http:\/\/www.deltaturistic.com\/paquets-turistics\/tortosa-cultural-ciutat-a-lebre-2\/"},"modified":"2024-03-12T00:28:47","modified_gmt":"2024-03-11T23:28:47","slug":"tortosa-cultural-ciutat-a-lebre","status":"publish","type":"product","link":"https:\/\/deltaturistic.com\/es\/paquets-turistics\/tortosa-cultural-ciutat-a-lebre\/","title":{"rendered":"Tortosa cultural &#8211; Ciudad del Ebro"},"content":{"rendered":"<p>Recorrido hist\u00f3rico por la capital del Baix Ebre:<br \/>Salida hacia Tortosa, capital del Baix Ebre y ciudad que el r\u00edo Ebro atraviesa a su paso hasta la desembocadura. Ciudad romana, \u00e1rabe, medieval, &#8230; donde encontraremos infinidad de muestras arquitect\u00f3nicas para visitar. Efectuaremos un recorrido a pie por diferentes puntos de inter\u00e9s de esta ciudad, donde nuestro gu\u00eda nos dar\u00e1 el m\u00e1s amplio detalle de cada \u00e9poca, como son: El famoso Castillo de la Suda (\u00e1rabe), los reales colegios (Renacentistas ), el barrio Jud\u00edo y la Catedral de Santa Mar\u00eda (la obra comenz\u00f3 en 1347).<br \/>Regreso a origen.<\/p>\n<p>INCLUYE: Gu\u00eda acompa\u00f1ante, transporte, visitas y explicaciones, tickets y entradas, seguro e Iva.<br \/>RECOMENDAMOS: crema solar, calzado deportivo, c\u00e1mara de fotos y prism\u00e1ticos.<br \/>OBSERVACIONES: La organizaci\u00f3n pondr\u00e1 a disposici\u00f3n de los clientes bebidas tipo refresco de forma opcional.<\/p>\n","protected":false},"excerpt":{"rendered":"<p>Recorrido hist\u00f3rico por la capital del Baix Ebre:Salida hacia Tortosa, capital del Baix Ebre y ciudad que el r\u00edo Ebro atraviesa a su paso hasta la desembocadura. Ciudad romana, \u00e1rabe, medieval, &#8230; donde encontraremos infinidad de muestras arquitect\u00f3nicas para visitar. Efectuaremos un recorrido a pie por diferentes puntos de inter\u00e9s de esta ciudad, donde nuestro [&hellip;]<\/p>\n","protected":false},"featured_media":5713,"template":"","meta":[],"product_brand":[],"product_cat":[525],"product_tag":[],"class_list":{"0":"post-5715","1":"product","2":"type-product","3":"status-publish","4":"has-post-thumbnail","6":"product_cat-culturales","7":"pa_duracio-4-hores-es","8":"pa_preu-adult-4400e-es","9":"pa_preu-nen-3900e-es","11":"first","12":"instock","13":"shipping-taxable","14":"purchasable","15":"product-type-simple"},"yoast_head":"<!-- This site is optimized with the Yoast SEO plugin v27.1.1 - https:\/\/yoast.com\/product\/yoast-seo-wordpress\/ -->\n<title>Tortosa cultural - Ciudad del Ebro - Turismo, excursiones y deportes de aventura en ell delta del Ebro<\/title>\n<meta name=\"robots\" content=\"index, follow, max-snippet:-1, max-image-preview:large, max-video-preview:-1\" \/>\n<link rel=\"canonical\" href=\"https:\/\/deltaturistic.com\/es\/paquets-turistics\/tortosa-cultural-ciutat-a-lebre\/\" \/>\n<meta name=\"twitter:label1\" content=\"Tiempo de lectura\" \/>\n\t<meta name=\"twitter:data1\" content=\"1 minuto\" \/>\n<script type=\"application\/ld+json\" class=\"yoast-schema-graph\">{\"@context\":\"https:\/\/schema.org\",\"@graph\":[{\"@type\":\"WebPage\",\"@id\":\"https:\/\/deltaturistic.com\/es\/paquets-turistics\/tortosa-cultural-ciutat-a-lebre\/\",\"url\":\"https:\/\/deltaturistic.com\/es\/paquets-turistics\/tortosa-cultural-ciutat-a-lebre\/\",\"name\":\"Tortosa cultural - Ciudad del Ebro - Turismo, excursiones y deportes de aventura en ell delta del Ebro\",\"isPartOf\":{\"@id\":\"https:\/\/deltaturistic.com\/es\/#website\"},\"primaryImageOfPage\":{\"@id\":\"https:\/\/deltaturistic.com\/es\/paquets-turistics\/tortosa-cultural-ciutat-a-lebre\/#primaryimage\"},\"image\":{\"@id\":\"https:\/\/deltaturistic.com\/es\/paquets-turistics\/tortosa-cultural-ciutat-a-lebre\/#primaryimage\"},\"thumbnailUrl\":\"https:\/\/deltaturistic.com\/wp-content\/uploads\/2015\/04\/tortosa1.jpg\",\"datePublished\":\"2015-04-04T17:01:48+00:00\",\"dateModified\":\"2024-03-11T23:28:47+00:00\",\"breadcrumb\":{\"@id\":\"https:\/\/deltaturistic.com\/es\/paquets-turistics\/tortosa-cultural-ciutat-a-lebre\/#breadcrumb\"},\"inLanguage\":\"es\",\"potentialAction\":[{\"@type\":\"ReadAction\",\"target\":[\"https:\/\/deltaturistic.com\/es\/paquets-turistics\/tortosa-cultural-ciutat-a-lebre\/\"]}]},{\"@type\":\"ImageObject\",\"inLanguage\":\"es\",\"@id\":\"https:\/\/deltaturistic.com\/es\/paquets-turistics\/tortosa-cultural-ciutat-a-lebre\/#primaryimage\",\"url\":\"https:\/\/deltaturistic.com\/wp-content\/uploads\/2015\/04\/tortosa1.jpg\",\"contentUrl\":\"https:\/\/deltaturistic.com\/wp-content\/uploads\/2015\/04\/tortosa1.jpg\",\"width\":500,\"height\":333},{\"@type\":\"BreadcrumbList\",\"@id\":\"https:\/\/deltaturistic.com\/es\/paquets-turistics\/tortosa-cultural-ciutat-a-lebre\/#breadcrumb\",\"itemListElement\":[{\"@type\":\"ListItem\",\"position\":1,\"name\":\"Inici\",\"item\":\"https:\/\/deltaturistic.com\/es\/\"},{\"@type\":\"ListItem\",\"position\":2,\"name\":\"Productes tur\u00edstics\",\"item\":\"https:\/\/deltaturistic.com\/paquets-turistics\/\"},{\"@type\":\"ListItem\",\"position\":3,\"name\":\"Tortosa cultural &#8211; Ciudad del Ebro\"}]},{\"@type\":\"WebSite\",\"@id\":\"https:\/\/deltaturistic.com\/es\/#website\",\"url\":\"https:\/\/deltaturistic.com\/es\/\",\"name\":\"Turismo, excursiones y deportes de aventura en ell delta del Ebro\",\"description\":\"Turismo, excursiones y deportes de aventura en el delta del Ebro. Agencia de Viages Deltaturistic\",\"potentialAction\":[{\"@type\":\"SearchAction\",\"target\":{\"@type\":\"EntryPoint\",\"urlTemplate\":\"https:\/\/deltaturistic.com\/es\/?s={search_term_string}\"},\"query-input\":{\"@type\":\"PropertyValueSpecification\",\"valueRequired\":true,\"valueName\":\"search_term_string\"}}],\"inLanguage\":\"es\"}]}<\/script>\n<!-- \/ Yoast SEO plugin. -->","yoast_head_json":{"title":"Tortosa cultural - Ciudad del Ebro - Turismo, excursiones y deportes de aventura en ell delta del Ebro","robots":{"index":"index","follow":"follow","max-snippet":"max-snippet:-1","max-image-preview":"max-image-preview:large","max-video-preview":"max-video-preview:-1"},"canonical":"https:\/\/deltaturistic.com\/es\/paquets-turistics\/tortosa-cultural-ciutat-a-lebre\/","twitter_misc":{"Tiempo de lectura":"1 minuto"},"schema":{"@context":"https:\/\/schema.org","@graph":[{"@type":"WebPage","@id":"https:\/\/deltaturistic.com\/es\/paquets-turistics\/tortosa-cultural-ciutat-a-lebre\/","url":"https:\/\/deltaturistic.com\/es\/paquets-turistics\/tortosa-cultural-ciutat-a-lebre\/","name":"Tortosa cultural - Ciudad del Ebro - Turismo, excursiones y deportes de aventura en ell delta del Ebro","isPartOf":{"@id":"https:\/\/deltaturistic.com\/es\/#website"},"primaryImageOfPage":{"@id":"https:\/\/deltaturistic.com\/es\/paquets-turistics\/tortosa-cultural-ciutat-a-lebre\/#primaryimage"},"image":{"@id":"https:\/\/deltaturistic.com\/es\/paquets-turistics\/tortosa-cultural-ciutat-a-lebre\/#primaryimage"},"thumbnailUrl":"https:\/\/deltaturistic.com\/wp-content\/uploads\/2015\/04\/tortosa1.jpg","datePublished":"2015-04-04T17:01:48+00:00","dateModified":"2024-03-11T23:28:47+00:00","breadcrumb":{"@id":"https:\/\/deltaturistic.com\/es\/paquets-turistics\/tortosa-cultural-ciutat-a-lebre\/#breadcrumb"},"inLanguage":"es","potentialAction":[{"@type":"ReadAction","target":["https:\/\/deltaturistic.com\/es\/paquets-turistics\/tortosa-cultural-ciutat-a-lebre\/"]}]},{"@type":"ImageObject","inLanguage":"es","@id":"https:\/\/deltaturistic.com\/es\/paquets-turistics\/tortosa-cultural-ciutat-a-lebre\/#primaryimage","url":"https:\/\/deltaturistic.com\/wp-content\/uploads\/2015\/04\/tortosa1.jpg","contentUrl":"https:\/\/deltaturistic.com\/wp-content\/uploads\/2015\/04\/tortosa1.jpg","width":500,"height":333},{"@type":"BreadcrumbList","@id":"https:\/\/deltaturistic.com\/es\/paquets-turistics\/tortosa-cultural-ciutat-a-lebre\/#breadcrumb","itemListElement":[{"@type":"ListItem","position":1,"name":"Inici","item":"https:\/\/deltaturistic.com\/es\/"},{"@type":"ListItem","position":2,"name":"Productes tur\u00edstics","item":"https:\/\/deltaturistic.com\/paquets-turistics\/"},{"@type":"ListItem","position":3,"name":"Tortosa cultural &#8211; Ciudad del Ebro"}]},{"@type":"WebSite","@id":"https:\/\/deltaturistic.com\/es\/#website","url":"https:\/\/deltaturistic.com\/es\/","name":"Turismo, excursiones y deportes de aventura en ell delta del Ebro","description":"Turismo, excursiones y deportes de aventura en el delta del Ebro. Agencia de Viages Deltaturistic","potentialAction":[{"@type":"SearchAction","target":{"@type":"EntryPoint","urlTemplate":"https:\/\/deltaturistic.com\/es\/?s={search_term_string}"},"query-input":{"@type":"PropertyValueSpecification","valueRequired":true,"valueName":"search_term_string"}}],"inLanguage":"es"}]}},"_links":{"self":[{"href":"https:\/\/deltaturistic.com\/es\/wp-json\/wp\/v2\/product\/5715","targetHints":{"allow":["GET"]}}],"collection":[{"href":"https:\/\/deltaturistic.com\/es\/wp-json\/wp\/v2\/product"}],"about":[{"href":"https:\/\/deltaturistic.com\/es\/wp-json\/wp\/v2\/types\/product"}],"wp:featuredmedia":[{"embeddable":true,"href":"https:\/\/deltaturistic.com\/es\/wp-json\/wp\/v2\/media\/5713"}],"wp:attachment":[{"href":"https:\/\/deltaturistic.com\/es\/wp-json\/wp\/v2\/media?parent=5715"}],"wp:term":[{"taxonomy":"product_brand","embeddable":true,"href":"https:\/\/deltaturistic.com\/es\/wp-json\/wp\/v2\/product_brand?post=5715"},{"taxonomy":"product_cat","embeddable":true,"href":"https:\/\/deltaturistic.com\/es\/wp-json\/wp\/v2\/product_cat?post=5715"},{"taxonomy":"product_tag","embeddable":true,"href":"https:\/\/deltaturistic.com\/es\/wp-json\/wp\/v2\/product_tag?post=5715"}],"curies":[{"name":"wp","href":"https:\/\/api.w.org\/{rel}","templated":true}]}}