{"id":5727,"date":"2015-04-04T18:43:47","date_gmt":"2015-04-04T17:43:47","guid":{"rendered":"http:\/\/www.deltaturistic.com\/paquets-turistics\/castell-de-miravet-i-ceramistes-2\/"},"modified":"2024-03-12T02:09:13","modified_gmt":"2024-03-12T01:09:13","slug":"castell-de-miravet-i-ceramistes","status":"publish","type":"product","link":"https:\/\/deltaturistic.com\/es\/paquets-turistics\/castell-de-miravet-i-ceramistes\/","title":{"rendered":"Castillo de Miravet y Ceramistas"},"content":{"rendered":"<p>La ruta de los Templarios:<br \/>Efectuaremos un recorrido por diferentes pueblos de monta\u00f1a de las tierras del Ebro, en direcci\u00f3n a Rasquera, pueblo cercano al r\u00edo, con restos del paleol\u00edtico, del romano y de los sarracenos, conocido tambi\u00e9n por su artesan\u00eda de la palma y la madera y sobre todo por sus pastelitos (de cabello de \u00e1ngel), seguidamente nos dirigiremos en Miravet (Mur\u00e0bit) situado al sur de la ribera ya la derecha del Ebro, lo que hace pensar que era un asentamiento ib\u00e9rico, cruzaremos el r\u00edo y seg\u00fan el transporte por m\u00e1s viejo de los transbordadores (el cual todav\u00eda es de madera y usa la corriente del r\u00edo para desplazarse) o por el pueblo de Mora de Ebro. En Miravet veremos la elaboraci\u00f3n de cer\u00e1mica y alfarer\u00eda ya que este es el pueblo el que provee a todos los pueblos de ribera desde la desembocadura hasta Zaragoza. Seguimos nuestra ruta visitando esta vez y sin movernos de Miravet su magn\u00edfico castillo el que nos descubre que tambi\u00e9n podr\u00eda ser un asentamiento, ib\u00e9rico y romano, datado de 1153 y regalado a los templarios por Ramon Berenguer IV.<br \/>Regreso a origen.<\/p>\n<p>INCLUYE: Gu\u00eda acompa\u00f1ante, transporte, visitas y explicaciones, tickets y entradas, seguro, e Iva.<br \/>RECOMENDAMOS: crema solar, calzado deportivo, c\u00e1mara de fotos y prism\u00e1ticos.<br \/>OBSERVACIONES: La organizaci\u00f3n pondr\u00e1 a disposici\u00f3n de los clientes bebidas tipo refresco de forma opcional.<\/p>\n","protected":false},"excerpt":{"rendered":"<p>La ruta de los Templarios:Efectuaremos un recorrido por diferentes pueblos de monta\u00f1a de las tierras del Ebro, en direcci\u00f3n a Rasquera, pueblo cercano al r\u00edo, con restos del paleol\u00edtico, del romano y de los sarracenos, conocido tambi\u00e9n por su artesan\u00eda de la palma y la madera y sobre todo por sus pastelitos (de cabello de [&hellip;]<\/p>\n","protected":false},"featured_media":2084,"template":"","meta":[],"product_brand":[],"product_cat":[525],"product_tag":[],"class_list":{"0":"post-5727","1":"product","2":"type-product","3":"status-publish","4":"has-post-thumbnail","6":"product_cat-culturales","7":"pa_duracio-4-hores-es","8":"pa_preu-adult-3700e-es","9":"pa_preu-nen-2750e-es","11":"first","12":"instock","13":"shipping-taxable","14":"purchasable","15":"product-type-simple"},"yoast_head":"<!-- This site is optimized with the Yoast SEO plugin v27.1.1 - https:\/\/yoast.com\/product\/yoast-seo-wordpress\/ -->\n<title>Castillo de Miravet y Ceramistas - Turismo, excursiones y deportes de aventura en ell delta del Ebro<\/title>\n<meta name=\"robots\" content=\"index, follow, max-snippet:-1, max-image-preview:large, max-video-preview:-1\" \/>\n<link rel=\"canonical\" href=\"https:\/\/deltaturistic.com\/es\/paquets-turistics\/castell-de-miravet-i-ceramistes\/\" \/>\n<meta name=\"twitter:label1\" content=\"Tiempo de lectura\" \/>\n\t<meta name=\"twitter:data1\" content=\"1 minuto\" \/>\n<script type=\"application\/ld+json\" class=\"yoast-schema-graph\">{\"@context\":\"https:\/\/schema.org\",\"@graph\":[{\"@type\":\"WebPage\",\"@id\":\"https:\/\/deltaturistic.com\/es\/paquets-turistics\/castell-de-miravet-i-ceramistes\/\",\"url\":\"https:\/\/deltaturistic.com\/es\/paquets-turistics\/castell-de-miravet-i-ceramistes\/\",\"name\":\"Castillo de Miravet y Ceramistas - Turismo, excursiones y deportes de aventura en ell delta del Ebro\",\"isPartOf\":{\"@id\":\"https:\/\/deltaturistic.com\/es\/#website\"},\"primaryImageOfPage\":{\"@id\":\"https:\/\/deltaturistic.com\/es\/paquets-turistics\/castell-de-miravet-i-ceramistes\/#primaryimage\"},\"image\":{\"@id\":\"https:\/\/deltaturistic.com\/es\/paquets-turistics\/castell-de-miravet-i-ceramistes\/#primaryimage\"},\"thumbnailUrl\":\"https:\/\/deltaturistic.com\/wp-content\/uploads\/2014\/09\/miravet.jpg\",\"datePublished\":\"2015-04-04T17:43:47+00:00\",\"dateModified\":\"2024-03-12T01:09:13+00:00\",\"breadcrumb\":{\"@id\":\"https:\/\/deltaturistic.com\/es\/paquets-turistics\/castell-de-miravet-i-ceramistes\/#breadcrumb\"},\"inLanguage\":\"es\",\"potentialAction\":[{\"@type\":\"ReadAction\",\"target\":[\"https:\/\/deltaturistic.com\/es\/paquets-turistics\/castell-de-miravet-i-ceramistes\/\"]}]},{\"@type\":\"ImageObject\",\"inLanguage\":\"es\",\"@id\":\"https:\/\/deltaturistic.com\/es\/paquets-turistics\/castell-de-miravet-i-ceramistes\/#primaryimage\",\"url\":\"https:\/\/deltaturistic.com\/wp-content\/uploads\/2014\/09\/miravet.jpg\",\"contentUrl\":\"https:\/\/deltaturistic.com\/wp-content\/uploads\/2014\/09\/miravet.jpg\",\"width\":177,\"height\":134},{\"@type\":\"BreadcrumbList\",\"@id\":\"https:\/\/deltaturistic.com\/es\/paquets-turistics\/castell-de-miravet-i-ceramistes\/#breadcrumb\",\"itemListElement\":[{\"@type\":\"ListItem\",\"position\":1,\"name\":\"Inici\",\"item\":\"https:\/\/deltaturistic.com\/es\/\"},{\"@type\":\"ListItem\",\"position\":2,\"name\":\"Productes tur\u00edstics\",\"item\":\"https:\/\/deltaturistic.com\/paquets-turistics\/\"},{\"@type\":\"ListItem\",\"position\":3,\"name\":\"Castillo de Miravet y Ceramistas\"}]},{\"@type\":\"WebSite\",\"@id\":\"https:\/\/deltaturistic.com\/es\/#website\",\"url\":\"https:\/\/deltaturistic.com\/es\/\",\"name\":\"Turismo, excursiones y deportes de aventura en ell delta del Ebro\",\"description\":\"Turismo, excursiones y deportes de aventura en el delta del Ebro. Agencia de Viages Deltaturistic\",\"potentialAction\":[{\"@type\":\"SearchAction\",\"target\":{\"@type\":\"EntryPoint\",\"urlTemplate\":\"https:\/\/deltaturistic.com\/es\/?s={search_term_string}\"},\"query-input\":{\"@type\":\"PropertyValueSpecification\",\"valueRequired\":true,\"valueName\":\"search_term_string\"}}],\"inLanguage\":\"es\"}]}<\/script>\n<!-- \/ Yoast SEO plugin. -->","yoast_head_json":{"title":"Castillo de Miravet y Ceramistas - Turismo, excursiones y deportes de aventura en ell delta del Ebro","robots":{"index":"index","follow":"follow","max-snippet":"max-snippet:-1","max-image-preview":"max-image-preview:large","max-video-preview":"max-video-preview:-1"},"canonical":"https:\/\/deltaturistic.com\/es\/paquets-turistics\/castell-de-miravet-i-ceramistes\/","twitter_misc":{"Tiempo de lectura":"1 minuto"},"schema":{"@context":"https:\/\/schema.org","@graph":[{"@type":"WebPage","@id":"https:\/\/deltaturistic.com\/es\/paquets-turistics\/castell-de-miravet-i-ceramistes\/","url":"https:\/\/deltaturistic.com\/es\/paquets-turistics\/castell-de-miravet-i-ceramistes\/","name":"Castillo de Miravet y Ceramistas - Turismo, excursiones y deportes de aventura en ell delta del Ebro","isPartOf":{"@id":"https:\/\/deltaturistic.com\/es\/#website"},"primaryImageOfPage":{"@id":"https:\/\/deltaturistic.com\/es\/paquets-turistics\/castell-de-miravet-i-ceramistes\/#primaryimage"},"image":{"@id":"https:\/\/deltaturistic.com\/es\/paquets-turistics\/castell-de-miravet-i-ceramistes\/#primaryimage"},"thumbnailUrl":"https:\/\/deltaturistic.com\/wp-content\/uploads\/2014\/09\/miravet.jpg","datePublished":"2015-04-04T17:43:47+00:00","dateModified":"2024-03-12T01:09:13+00:00","breadcrumb":{"@id":"https:\/\/deltaturistic.com\/es\/paquets-turistics\/castell-de-miravet-i-ceramistes\/#breadcrumb"},"inLanguage":"es","potentialAction":[{"@type":"ReadAction","target":["https:\/\/deltaturistic.com\/es\/paquets-turistics\/castell-de-miravet-i-ceramistes\/"]}]},{"@type":"ImageObject","inLanguage":"es","@id":"https:\/\/deltaturistic.com\/es\/paquets-turistics\/castell-de-miravet-i-ceramistes\/#primaryimage","url":"https:\/\/deltaturistic.com\/wp-content\/uploads\/2014\/09\/miravet.jpg","contentUrl":"https:\/\/deltaturistic.com\/wp-content\/uploads\/2014\/09\/miravet.jpg","width":177,"height":134},{"@type":"BreadcrumbList","@id":"https:\/\/deltaturistic.com\/es\/paquets-turistics\/castell-de-miravet-i-ceramistes\/#breadcrumb","itemListElement":[{"@type":"ListItem","position":1,"name":"Inici","item":"https:\/\/deltaturistic.com\/es\/"},{"@type":"ListItem","position":2,"name":"Productes tur\u00edstics","item":"https:\/\/deltaturistic.com\/paquets-turistics\/"},{"@type":"ListItem","position":3,"name":"Castillo de Miravet y Ceramistas"}]},{"@type":"WebSite","@id":"https:\/\/deltaturistic.com\/es\/#website","url":"https:\/\/deltaturistic.com\/es\/","name":"Turismo, excursiones y deportes de aventura en ell delta del Ebro","description":"Turismo, excursiones y deportes de aventura en el delta del Ebro. Agencia de Viages Deltaturistic","potentialAction":[{"@type":"SearchAction","target":{"@type":"EntryPoint","urlTemplate":"https:\/\/deltaturistic.com\/es\/?s={search_term_string}"},"query-input":{"@type":"PropertyValueSpecification","valueRequired":true,"valueName":"search_term_string"}}],"inLanguage":"es"}]}},"_links":{"self":[{"href":"https:\/\/deltaturistic.com\/es\/wp-json\/wp\/v2\/product\/5727","targetHints":{"allow":["GET"]}}],"collection":[{"href":"https:\/\/deltaturistic.com\/es\/wp-json\/wp\/v2\/product"}],"about":[{"href":"https:\/\/deltaturistic.com\/es\/wp-json\/wp\/v2\/types\/product"}],"wp:featuredmedia":[{"embeddable":true,"href":"https:\/\/deltaturistic.com\/es\/wp-json\/wp\/v2\/media\/2084"}],"wp:attachment":[{"href":"https:\/\/deltaturistic.com\/es\/wp-json\/wp\/v2\/media?parent=5727"}],"wp:term":[{"taxonomy":"product_brand","embeddable":true,"href":"https:\/\/deltaturistic.com\/es\/wp-json\/wp\/v2\/product_brand?post=5727"},{"taxonomy":"product_cat","embeddable":true,"href":"https:\/\/deltaturistic.com\/es\/wp-json\/wp\/v2\/product_cat?post=5727"},{"taxonomy":"product_tag","embeddable":true,"href":"https:\/\/deltaturistic.com\/es\/wp-json\/wp\/v2\/product_tag?post=5727"}],"curies":[{"name":"wp","href":"https:\/\/api.w.org\/{rel}","templated":true}]}}