{"id":5737,"date":"2015-04-11T09:50:41","date_gmt":"2015-04-11T08:50:41","guid":{"rendered":"http:\/\/www.deltaturistic.com\/paquets-turistics\/team-building-2\/"},"modified":"2015-04-11T09:52:41","modified_gmt":"2015-04-11T08:52:41","slug":"team-building","status":"publish","type":"product","link":"https:\/\/deltaturistic.com\/es\/paquets-turistics\/team-building\/","title":{"rendered":"Team Building"},"content":{"rendered":"<p>Una serie de innovadores programas de desarrollo y formaci\u00f3n desvinculados en torno al trabajo habitual, unas actividades a medida dise\u00f1adas para la integraci\u00f3n de grupos, el desarrollo de habilidades y como refuerzo del sentimiento de pertenecer a un grupo.<\/p>\n<p>La propuesta que hacemos no es s\u00f3lo el encuentro un d\u00eda y realizaci\u00f3n de las pruebas, sino que actuamos seg\u00fan nuestra idea de trabajo:<\/p>\n<p>\u00a0<\/p>\n<p>&#8211; Reuni\u00f3n con el departamento de recursos humanos o el equipo responsable:<\/p>\n<p>De esta manera tendremos un primer contacto que ser\u00e1 fundamental para saber que es lo que necesita la empressa, cu\u00e1ntos participantes y estar\u00e1n presentes, qu\u00e9 fechas tienen pensado asistir y de qu\u00e9 presupuesto estamos hablando.<\/p>\n<p>&#8211; Creaci\u00f3n de la actividad:<\/p>\n<p>Nuestro equipo se re\u00fane para encontrar la mejor soluci\u00f3n a las necesidades surgidas y de esta manera crear las actividades adecuadas. Pensamos d\u00f3nde y c\u00f3mo<\/p>\n<p>&#8211; Propuesta:<\/p>\n<p>Despu\u00e9s de solucionar todas las necesidades, proponemos el lugar donde se realizar\u00e1 la actividad, las fechas, el tipo de actividad y el presupuesto. Nuestra propuesta ser\u00e1 la adien para su aprobaci\u00f3n.<\/p>\n<p>&#8211; Actividad:<\/p>\n<p>Nos encargamos de todos los preparativos para la realizaci\u00f3n de la actividad, de esta forma el cliente s\u00f3lo tiene que preocuparse por asistir.<\/p>\n<p>&#8211; Reuni\u00f3n posterior con los departamentos responsables:<\/p>\n<p>Nuestro trabajo finaliza unos meses despu\u00e9s del encuentro, donde nos volvemos a reunir para valorar la positividad de la actuaci\u00f3n del grupo. Tambi\u00e9n damos una serie de pautas para seguir con el progreso de la empresa para los meses posteriores.<\/p>\n","protected":false},"excerpt":{"rendered":"<p>Una serie de innovadores programas de desarrollo y formaci\u00f3n desvinculados en torno al trabajo habitual, unas actividades a medida dise\u00f1adas para la integraci\u00f3n de grupos, el desarrollo de habilidades y como refuerzo del sentimiento de pertenecer a un grupo. La propuesta que hacemos no es s\u00f3lo el encuentro un d\u00eda y realizaci\u00f3n de las pruebas, [&hellip;]<\/p>\n","protected":false},"featured_media":2262,"template":"","meta":[],"product_brand":[],"product_cat":[464],"product_tag":[],"class_list":{"0":"post-5737","1":"product","2":"type-product","3":"status-publish","4":"has-post-thumbnail","6":"product_cat-especial-empresas","7":"pa_adicional-possibilitat-de-desplacament-amb-els-nostres-vehicles-es","8":"pa_duracio-un-o-varis-dies-es","10":"first","11":"instock","12":"shipping-taxable","13":"product-type-simple"},"yoast_head":"<!-- This site is optimized with the Yoast SEO plugin v27.1.1 - https:\/\/yoast.com\/product\/yoast-seo-wordpress\/ -->\n<title>Team Building - Turismo, excursiones y deportes de aventura en ell delta del Ebro<\/title>\n<meta name=\"robots\" content=\"index, follow, max-snippet:-1, max-image-preview:large, max-video-preview:-1\" \/>\n<link rel=\"canonical\" href=\"https:\/\/deltaturistic.com\/es\/paquets-turistics\/team-building\/\" \/>\n<meta name=\"twitter:label1\" content=\"Tiempo de lectura\" \/>\n\t<meta name=\"twitter:data1\" content=\"1 minuto\" \/>\n<script type=\"application\/ld+json\" class=\"yoast-schema-graph\">{\"@context\":\"https:\/\/schema.org\",\"@graph\":[{\"@type\":\"WebPage\",\"@id\":\"https:\/\/deltaturistic.com\/es\/paquets-turistics\/team-building\/\",\"url\":\"https:\/\/deltaturistic.com\/es\/paquets-turistics\/team-building\/\",\"name\":\"Team Building - Turismo, excursiones y deportes de aventura en ell delta del Ebro\",\"isPartOf\":{\"@id\":\"https:\/\/deltaturistic.com\/es\/#website\"},\"primaryImageOfPage\":{\"@id\":\"https:\/\/deltaturistic.com\/es\/paquets-turistics\/team-building\/#primaryimage\"},\"image\":{\"@id\":\"https:\/\/deltaturistic.com\/es\/paquets-turistics\/team-building\/#primaryimage\"},\"thumbnailUrl\":\"https:\/\/deltaturistic.com\/wp-content\/uploads\/2014\/09\/aquapaintball.jpg\",\"datePublished\":\"2015-04-11T08:50:41+00:00\",\"dateModified\":\"2015-04-11T08:52:41+00:00\",\"breadcrumb\":{\"@id\":\"https:\/\/deltaturistic.com\/es\/paquets-turistics\/team-building\/#breadcrumb\"},\"inLanguage\":\"es\",\"potentialAction\":[{\"@type\":\"ReadAction\",\"target\":[\"https:\/\/deltaturistic.com\/es\/paquets-turistics\/team-building\/\"]}]},{\"@type\":\"ImageObject\",\"inLanguage\":\"es\",\"@id\":\"https:\/\/deltaturistic.com\/es\/paquets-turistics\/team-building\/#primaryimage\",\"url\":\"https:\/\/deltaturistic.com\/wp-content\/uploads\/2014\/09\/aquapaintball.jpg\",\"contentUrl\":\"https:\/\/deltaturistic.com\/wp-content\/uploads\/2014\/09\/aquapaintball.jpg\",\"width\":300,\"height\":275},{\"@type\":\"BreadcrumbList\",\"@id\":\"https:\/\/deltaturistic.com\/es\/paquets-turistics\/team-building\/#breadcrumb\",\"itemListElement\":[{\"@type\":\"ListItem\",\"position\":1,\"name\":\"Inici\",\"item\":\"https:\/\/deltaturistic.com\/es\/\"},{\"@type\":\"ListItem\",\"position\":2,\"name\":\"Productes tur\u00edstics\",\"item\":\"https:\/\/deltaturistic.com\/paquets-turistics\/\"},{\"@type\":\"ListItem\",\"position\":3,\"name\":\"Team Building\"}]},{\"@type\":\"WebSite\",\"@id\":\"https:\/\/deltaturistic.com\/es\/#website\",\"url\":\"https:\/\/deltaturistic.com\/es\/\",\"name\":\"Turismo, excursiones y deportes de aventura en ell delta del Ebro\",\"description\":\"Turismo, excursiones y deportes de aventura en el delta del Ebro. Agencia de Viages Deltaturistic\",\"potentialAction\":[{\"@type\":\"SearchAction\",\"target\":{\"@type\":\"EntryPoint\",\"urlTemplate\":\"https:\/\/deltaturistic.com\/es\/?s={search_term_string}\"},\"query-input\":{\"@type\":\"PropertyValueSpecification\",\"valueRequired\":true,\"valueName\":\"search_term_string\"}}],\"inLanguage\":\"es\"}]}<\/script>\n<!-- \/ Yoast SEO plugin. -->","yoast_head_json":{"title":"Team Building - Turismo, excursiones y deportes de aventura en ell delta del Ebro","robots":{"index":"index","follow":"follow","max-snippet":"max-snippet:-1","max-image-preview":"max-image-preview:large","max-video-preview":"max-video-preview:-1"},"canonical":"https:\/\/deltaturistic.com\/es\/paquets-turistics\/team-building\/","twitter_misc":{"Tiempo de lectura":"1 minuto"},"schema":{"@context":"https:\/\/schema.org","@graph":[{"@type":"WebPage","@id":"https:\/\/deltaturistic.com\/es\/paquets-turistics\/team-building\/","url":"https:\/\/deltaturistic.com\/es\/paquets-turistics\/team-building\/","name":"Team Building - Turismo, excursiones y deportes de aventura en ell delta del Ebro","isPartOf":{"@id":"https:\/\/deltaturistic.com\/es\/#website"},"primaryImageOfPage":{"@id":"https:\/\/deltaturistic.com\/es\/paquets-turistics\/team-building\/#primaryimage"},"image":{"@id":"https:\/\/deltaturistic.com\/es\/paquets-turistics\/team-building\/#primaryimage"},"thumbnailUrl":"https:\/\/deltaturistic.com\/wp-content\/uploads\/2014\/09\/aquapaintball.jpg","datePublished":"2015-04-11T08:50:41+00:00","dateModified":"2015-04-11T08:52:41+00:00","breadcrumb":{"@id":"https:\/\/deltaturistic.com\/es\/paquets-turistics\/team-building\/#breadcrumb"},"inLanguage":"es","potentialAction":[{"@type":"ReadAction","target":["https:\/\/deltaturistic.com\/es\/paquets-turistics\/team-building\/"]}]},{"@type":"ImageObject","inLanguage":"es","@id":"https:\/\/deltaturistic.com\/es\/paquets-turistics\/team-building\/#primaryimage","url":"https:\/\/deltaturistic.com\/wp-content\/uploads\/2014\/09\/aquapaintball.jpg","contentUrl":"https:\/\/deltaturistic.com\/wp-content\/uploads\/2014\/09\/aquapaintball.jpg","width":300,"height":275},{"@type":"BreadcrumbList","@id":"https:\/\/deltaturistic.com\/es\/paquets-turistics\/team-building\/#breadcrumb","itemListElement":[{"@type":"ListItem","position":1,"name":"Inici","item":"https:\/\/deltaturistic.com\/es\/"},{"@type":"ListItem","position":2,"name":"Productes tur\u00edstics","item":"https:\/\/deltaturistic.com\/paquets-turistics\/"},{"@type":"ListItem","position":3,"name":"Team Building"}]},{"@type":"WebSite","@id":"https:\/\/deltaturistic.com\/es\/#website","url":"https:\/\/deltaturistic.com\/es\/","name":"Turismo, excursiones y deportes de aventura en ell delta del Ebro","description":"Turismo, excursiones y deportes de aventura en el delta del Ebro. Agencia de Viages Deltaturistic","potentialAction":[{"@type":"SearchAction","target":{"@type":"EntryPoint","urlTemplate":"https:\/\/deltaturistic.com\/es\/?s={search_term_string}"},"query-input":{"@type":"PropertyValueSpecification","valueRequired":true,"valueName":"search_term_string"}}],"inLanguage":"es"}]}},"_links":{"self":[{"href":"https:\/\/deltaturistic.com\/es\/wp-json\/wp\/v2\/product\/5737","targetHints":{"allow":["GET"]}}],"collection":[{"href":"https:\/\/deltaturistic.com\/es\/wp-json\/wp\/v2\/product"}],"about":[{"href":"https:\/\/deltaturistic.com\/es\/wp-json\/wp\/v2\/types\/product"}],"wp:featuredmedia":[{"embeddable":true,"href":"https:\/\/deltaturistic.com\/es\/wp-json\/wp\/v2\/media\/2262"}],"wp:attachment":[{"href":"https:\/\/deltaturistic.com\/es\/wp-json\/wp\/v2\/media?parent=5737"}],"wp:term":[{"taxonomy":"product_brand","embeddable":true,"href":"https:\/\/deltaturistic.com\/es\/wp-json\/wp\/v2\/product_brand?post=5737"},{"taxonomy":"product_cat","embeddable":true,"href":"https:\/\/deltaturistic.com\/es\/wp-json\/wp\/v2\/product_cat?post=5737"},{"taxonomy":"product_tag","embeddable":true,"href":"https:\/\/deltaturistic.com\/es\/wp-json\/wp\/v2\/product_tag?post=5737"}],"curies":[{"name":"wp","href":"https:\/\/api.w.org\/{rel}","templated":true}]}}