{"id":5767,"date":"2015-04-11T11:56:44","date_gmt":"2015-04-11T10:56:44","guid":{"rendered":"http:\/\/www.deltaturistic.com\/paquets-turistics\/especial-families-4-dies-3-nits-2\/"},"modified":"2021-06-28T10:15:15","modified_gmt":"2021-06-28T09:15:15","slug":"especial-families-4-dies-3-nits","status":"publish","type":"product","link":"https:\/\/deltaturistic.com\/es\/paquets-turistics\/especial-families-4-dies-3-nits\/","title":{"rendered":"Especial Familias 4 d\u00edas 3 noches"},"content":{"rendered":"<p>\u00bfQuieres disfrutar de unas vacaciones en familia en el Delta del Ebro? \u00bfQu\u00e9 lugar mejor que el Delta para poder pasar con tus los mejores momentos de tranquilidad y esparcimiento.<\/p>\n<p>Disponemos de una serie paquetes para irte de fin de semana o para tus vacaciones.<\/p>\n<p>Hemos seleccionado detalladamente todas las actividades para ofrecer un producto de calidad y un servicio adaptado a la necesidad de los que viajan con ni\u00f1os.<\/p>\n<p>Ofrecemos actividades para adultos, pero a Deltaturistic cuidamos especialmente a los peque\u00f1os de la casa. Tenemos definidos programas en los que la diversi\u00f3n y el aprendizaje est\u00e1n garantizados, permitiendo disfrutar a padres e hijos de una experiencia \u00fanica que recordar\u00e1n.<\/p>\n<p>Confiar en Deltaturistic es sin\u00f3nimo de no tener dolores de cabeza, ya que nosotros nos ocuparemos de todo el referentes a sus vacaciones familiares, le reservaremos un alojamiento de confianza, os prepararemos las salidas o actividades pertinentes y velaremos para que no os falte de re.<\/p>\n<p>\u00a0<\/p>\n<p>1er d\u00eda:<br \/>Llegada y entrada al alojamiento<br \/>Cena y descanso<\/p>\n<p>2\u00ba d\u00eda:<br \/>Desayuno<br \/>Iniciaci\u00f3n al Mundo del Caballo<br \/>Comida<br \/>Regreso al hotel<br \/>Cena y descanso<\/p>\n<p>3er d\u00eda:<br \/>Desayuno<br \/>Pack Aventura<br \/>Regreso al hotel<br \/>Cena y descanso<\/p>\n<p>4\u00ba d\u00eda:<br \/>Desayuno<br \/>Panor\u00e1mica Delta<br \/>Comida opcional<br \/>Despido con el gu\u00eda.<\/p>\n","protected":false},"excerpt":{"rendered":"<p>\u00bfQuieres disfrutar de unas vacaciones en familia en el Delta del Ebro? \u00bfQu\u00e9 lugar mejor que el Delta para poder pasar con tus los mejores momentos de tranquilidad y esparcimiento. Disponemos de una serie paquetes para irte de fin de semana o para tus vacaciones. Hemos seleccionado detalladamente todas las actividades para ofrecer un producto [&hellip;]<\/p>\n","protected":false},"featured_media":5765,"template":"","meta":[],"product_brand":[],"product_cat":[152],"product_tag":[],"class_list":{"0":"post-5767","1":"product","2":"type-product","3":"status-publish","4":"has-post-thumbnail","6":"product_cat-especial-familias","7":"pa_duracio-4-dias-3-noches","9":"first","10":"instock","11":"shipping-taxable","12":"product-type-simple"},"yoast_head":"<!-- This site is optimized with the Yoast SEO plugin v27.1.1 - https:\/\/yoast.com\/product\/yoast-seo-wordpress\/ -->\n<title>Especial Familias 4 d\u00edas 3 noches - Turismo, excursiones y deportes de aventura en ell delta del Ebro<\/title>\n<meta name=\"robots\" content=\"index, follow, max-snippet:-1, max-image-preview:large, max-video-preview:-1\" \/>\n<link rel=\"canonical\" href=\"https:\/\/deltaturistic.com\/es\/paquets-turistics\/especial-families-4-dies-3-nits\/\" \/>\n<meta name=\"twitter:label1\" content=\"Tiempo de lectura\" \/>\n\t<meta name=\"twitter:data1\" content=\"1 minuto\" \/>\n<script type=\"application\/ld+json\" class=\"yoast-schema-graph\">{\"@context\":\"https:\/\/schema.org\",\"@graph\":[{\"@type\":\"WebPage\",\"@id\":\"https:\/\/deltaturistic.com\/es\/paquets-turistics\/especial-families-4-dies-3-nits\/\",\"url\":\"https:\/\/deltaturistic.com\/es\/paquets-turistics\/especial-families-4-dies-3-nits\/\",\"name\":\"Especial Familias 4 d\u00edas 3 noches - Turismo, excursiones y deportes de aventura en ell delta del Ebro\",\"isPartOf\":{\"@id\":\"https:\/\/deltaturistic.com\/es\/#website\"},\"primaryImageOfPage\":{\"@id\":\"https:\/\/deltaturistic.com\/es\/paquets-turistics\/especial-families-4-dies-3-nits\/#primaryimage\"},\"image\":{\"@id\":\"https:\/\/deltaturistic.com\/es\/paquets-turistics\/especial-families-4-dies-3-nits\/#primaryimage\"},\"thumbnailUrl\":\"https:\/\/deltaturistic.com\/wp-content\/uploads\/2015\/04\/bellezas2.jpg\",\"datePublished\":\"2015-04-11T10:56:44+00:00\",\"dateModified\":\"2021-06-28T09:15:15+00:00\",\"breadcrumb\":{\"@id\":\"https:\/\/deltaturistic.com\/es\/paquets-turistics\/especial-families-4-dies-3-nits\/#breadcrumb\"},\"inLanguage\":\"es\",\"potentialAction\":[{\"@type\":\"ReadAction\",\"target\":[\"https:\/\/deltaturistic.com\/es\/paquets-turistics\/especial-families-4-dies-3-nits\/\"]}]},{\"@type\":\"ImageObject\",\"inLanguage\":\"es\",\"@id\":\"https:\/\/deltaturistic.com\/es\/paquets-turistics\/especial-families-4-dies-3-nits\/#primaryimage\",\"url\":\"https:\/\/deltaturistic.com\/wp-content\/uploads\/2015\/04\/bellezas2.jpg\",\"contentUrl\":\"https:\/\/deltaturistic.com\/wp-content\/uploads\/2015\/04\/bellezas2.jpg\",\"width\":259,\"height\":194},{\"@type\":\"BreadcrumbList\",\"@id\":\"https:\/\/deltaturistic.com\/es\/paquets-turistics\/especial-families-4-dies-3-nits\/#breadcrumb\",\"itemListElement\":[{\"@type\":\"ListItem\",\"position\":1,\"name\":\"Inici\",\"item\":\"https:\/\/deltaturistic.com\/es\/\"},{\"@type\":\"ListItem\",\"position\":2,\"name\":\"Productes tur\u00edstics\",\"item\":\"https:\/\/deltaturistic.com\/paquets-turistics\/\"},{\"@type\":\"ListItem\",\"position\":3,\"name\":\"Especial Familias 4 d\u00edas 3 noches\"}]},{\"@type\":\"WebSite\",\"@id\":\"https:\/\/deltaturistic.com\/es\/#website\",\"url\":\"https:\/\/deltaturistic.com\/es\/\",\"name\":\"Turismo, excursiones y deportes de aventura en ell delta del Ebro\",\"description\":\"Turismo, excursiones y deportes de aventura en el delta del Ebro. Agencia de Viages Deltaturistic\",\"potentialAction\":[{\"@type\":\"SearchAction\",\"target\":{\"@type\":\"EntryPoint\",\"urlTemplate\":\"https:\/\/deltaturistic.com\/es\/?s={search_term_string}\"},\"query-input\":{\"@type\":\"PropertyValueSpecification\",\"valueRequired\":true,\"valueName\":\"search_term_string\"}}],\"inLanguage\":\"es\"}]}<\/script>\n<!-- \/ Yoast SEO plugin. -->","yoast_head_json":{"title":"Especial Familias 4 d\u00edas 3 noches - Turismo, excursiones y deportes de aventura en ell delta del Ebro","robots":{"index":"index","follow":"follow","max-snippet":"max-snippet:-1","max-image-preview":"max-image-preview:large","max-video-preview":"max-video-preview:-1"},"canonical":"https:\/\/deltaturistic.com\/es\/paquets-turistics\/especial-families-4-dies-3-nits\/","twitter_misc":{"Tiempo de lectura":"1 minuto"},"schema":{"@context":"https:\/\/schema.org","@graph":[{"@type":"WebPage","@id":"https:\/\/deltaturistic.com\/es\/paquets-turistics\/especial-families-4-dies-3-nits\/","url":"https:\/\/deltaturistic.com\/es\/paquets-turistics\/especial-families-4-dies-3-nits\/","name":"Especial Familias 4 d\u00edas 3 noches - Turismo, excursiones y deportes de aventura en ell delta del Ebro","isPartOf":{"@id":"https:\/\/deltaturistic.com\/es\/#website"},"primaryImageOfPage":{"@id":"https:\/\/deltaturistic.com\/es\/paquets-turistics\/especial-families-4-dies-3-nits\/#primaryimage"},"image":{"@id":"https:\/\/deltaturistic.com\/es\/paquets-turistics\/especial-families-4-dies-3-nits\/#primaryimage"},"thumbnailUrl":"https:\/\/deltaturistic.com\/wp-content\/uploads\/2015\/04\/bellezas2.jpg","datePublished":"2015-04-11T10:56:44+00:00","dateModified":"2021-06-28T09:15:15+00:00","breadcrumb":{"@id":"https:\/\/deltaturistic.com\/es\/paquets-turistics\/especial-families-4-dies-3-nits\/#breadcrumb"},"inLanguage":"es","potentialAction":[{"@type":"ReadAction","target":["https:\/\/deltaturistic.com\/es\/paquets-turistics\/especial-families-4-dies-3-nits\/"]}]},{"@type":"ImageObject","inLanguage":"es","@id":"https:\/\/deltaturistic.com\/es\/paquets-turistics\/especial-families-4-dies-3-nits\/#primaryimage","url":"https:\/\/deltaturistic.com\/wp-content\/uploads\/2015\/04\/bellezas2.jpg","contentUrl":"https:\/\/deltaturistic.com\/wp-content\/uploads\/2015\/04\/bellezas2.jpg","width":259,"height":194},{"@type":"BreadcrumbList","@id":"https:\/\/deltaturistic.com\/es\/paquets-turistics\/especial-families-4-dies-3-nits\/#breadcrumb","itemListElement":[{"@type":"ListItem","position":1,"name":"Inici","item":"https:\/\/deltaturistic.com\/es\/"},{"@type":"ListItem","position":2,"name":"Productes tur\u00edstics","item":"https:\/\/deltaturistic.com\/paquets-turistics\/"},{"@type":"ListItem","position":3,"name":"Especial Familias 4 d\u00edas 3 noches"}]},{"@type":"WebSite","@id":"https:\/\/deltaturistic.com\/es\/#website","url":"https:\/\/deltaturistic.com\/es\/","name":"Turismo, excursiones y deportes de aventura en ell delta del Ebro","description":"Turismo, excursiones y deportes de aventura en el delta del Ebro. Agencia de Viages Deltaturistic","potentialAction":[{"@type":"SearchAction","target":{"@type":"EntryPoint","urlTemplate":"https:\/\/deltaturistic.com\/es\/?s={search_term_string}"},"query-input":{"@type":"PropertyValueSpecification","valueRequired":true,"valueName":"search_term_string"}}],"inLanguage":"es"}]}},"_links":{"self":[{"href":"https:\/\/deltaturistic.com\/es\/wp-json\/wp\/v2\/product\/5767","targetHints":{"allow":["GET"]}}],"collection":[{"href":"https:\/\/deltaturistic.com\/es\/wp-json\/wp\/v2\/product"}],"about":[{"href":"https:\/\/deltaturistic.com\/es\/wp-json\/wp\/v2\/types\/product"}],"wp:featuredmedia":[{"embeddable":true,"href":"https:\/\/deltaturistic.com\/es\/wp-json\/wp\/v2\/media\/5765"}],"wp:attachment":[{"href":"https:\/\/deltaturistic.com\/es\/wp-json\/wp\/v2\/media?parent=5767"}],"wp:term":[{"taxonomy":"product_brand","embeddable":true,"href":"https:\/\/deltaturistic.com\/es\/wp-json\/wp\/v2\/product_brand?post=5767"},{"taxonomy":"product_cat","embeddable":true,"href":"https:\/\/deltaturistic.com\/es\/wp-json\/wp\/v2\/product_cat?post=5767"},{"taxonomy":"product_tag","embeddable":true,"href":"https:\/\/deltaturistic.com\/es\/wp-json\/wp\/v2\/product_tag?post=5767"}],"curies":[{"name":"wp","href":"https:\/\/api.w.org\/{rel}","templated":true}]}}