{"id":5786,"date":"2015-04-13T16:08:00","date_gmt":"2015-04-13T15:08:00","guid":{"rendered":"http:\/\/www.deltaturistic.com\/paquets-turistics\/nordic-walking-ruta-1-2\/"},"modified":"2015-04-13T17:58:42","modified_gmt":"2015-04-13T16:58:42","slug":"nordic-walking-ruta-1","status":"publish","type":"product","link":"https:\/\/deltaturistic.com\/es\/paquets-turistics\/nordic-walking-ruta-1\/","title":{"rendered":"N\u00f2rdic Walking ruta 1."},"content":{"rendered":"<p>El GR 92 es uno de los grandes senderos del pa\u00eds, ya que atraviesa Catalu\u00f1a de norte a sur por la vertiente mediterr\u00e1nea, tan cerca del mar como es posible. A lo largo de sus 583 kil\u00f3metros de recorrido principal y de los casi 150 kil\u00f3metros de variantes, recorre todas las costas catalanas, con paisajes que van desde las largas playas hasta los acantilados, adem\u00e1s de calas, pueblos tur\u00edsticos y de pescadores.<\/p>\n<p>Desde el inicio en Portbou y hasta el fin en Ulldecona, el sendero se adentra en espacios naturales como los parques naturales del Cap de Creus, los Aiguamolls del Empord\u00e0, del Montnegre-Corredor, de Collserola o del Garraf, adem\u00e1s de bordear el Parque Natural del Delta del Ebro. Tambi\u00e9n visita importantes vestigios arquitect\u00f3nicos y culturales y permite hacerse una muy buena idea de la realidad de Catalu\u00f1a. El GR 92 forma parte del sendero europeo E-10 (mar B\u00e1ltico-Mediterr\u00e1neo), y enlaza al norte con Francia y al sur con la Comunidad Valenciana.<\/p>\n<p>\u00a0<\/p>\n<p>Presentaci\u00f3n: Continuaci\u00f3n de este tramo de m\u00e1ximo inter\u00e9s, con caracter\u00edsticas similares a la parte final de la etapa anterior. El GR92 se hace plenamente \u00abMediterr\u00e1neo\u00bb, en su itinerario por calas y acantilados, con desniveles suaves, siempre en primera l\u00ednea de costa y utilizando el camino de ronda, siempre que es posible. Se trata de una etapa obligatoria para todos los amantes del GR92, y recomendable tambi\u00e9n para todos como una etapa \u00abmuestra\u00bb de lo que quiere ser este sendero.<br \/>Duraci\u00f3n: 4: 25h<br \/>Distancia: 16,550km<br \/>Comarcas: Baix Ebre<br \/>Puntos principales del itinerario: L&#8217;Ametlla de Mar, puerto del Lago, roca del Islote, playa de Cap Roig y L&#8217;Ampolla.<\/p>\n","protected":false},"excerpt":{"rendered":"<p>El GR 92 es uno de los grandes senderos del pa\u00eds, ya que atraviesa Catalu\u00f1a de norte a sur por la vertiente mediterr\u00e1nea, tan cerca del mar como es posible. A lo largo de sus 583 kil\u00f3metros de recorrido principal y de los casi 150 kil\u00f3metros de variantes, recorre todas las costas catalanas, con paisajes [&hellip;]<\/p>\n","protected":false},"featured_media":5778,"template":"","meta":[],"product_brand":[],"product_cat":[533],"product_tag":[],"class_list":{"0":"post-5786","1":"product","2":"type-product","3":"status-publish","4":"has-post-thumbnail","6":"product_cat-nordic-walking-es","7":"pa_adicional-per-a-grups-de-10-persones-es","8":"pa_duracio-mediodia","10":"first","11":"instock","12":"shipping-taxable","13":"product-type-simple"},"yoast_head":"<!-- This site is optimized with the Yoast SEO plugin v27.1.1 - https:\/\/yoast.com\/product\/yoast-seo-wordpress\/ -->\n<title>N\u00f2rdic Walking ruta 1. - Turismo, excursiones y deportes de aventura en ell delta del Ebro<\/title>\n<meta name=\"robots\" content=\"index, follow, max-snippet:-1, max-image-preview:large, max-video-preview:-1\" \/>\n<link rel=\"canonical\" href=\"https:\/\/deltaturistic.com\/es\/paquets-turistics\/nordic-walking-ruta-1\/\" \/>\n<meta name=\"twitter:label1\" content=\"Tiempo de lectura\" \/>\n\t<meta name=\"twitter:data1\" content=\"1 minuto\" \/>\n<script type=\"application\/ld+json\" class=\"yoast-schema-graph\">{\"@context\":\"https:\/\/schema.org\",\"@graph\":[{\"@type\":\"WebPage\",\"@id\":\"https:\/\/deltaturistic.com\/es\/paquets-turistics\/nordic-walking-ruta-1\/\",\"url\":\"https:\/\/deltaturistic.com\/es\/paquets-turistics\/nordic-walking-ruta-1\/\",\"name\":\"N\u00f2rdic Walking ruta 1. - Turismo, excursiones y deportes de aventura en ell delta del Ebro\",\"isPartOf\":{\"@id\":\"https:\/\/deltaturistic.com\/es\/#website\"},\"primaryImageOfPage\":{\"@id\":\"https:\/\/deltaturistic.com\/es\/paquets-turistics\/nordic-walking-ruta-1\/#primaryimage\"},\"image\":{\"@id\":\"https:\/\/deltaturistic.com\/es\/paquets-turistics\/nordic-walking-ruta-1\/#primaryimage\"},\"thumbnailUrl\":\"https:\/\/deltaturistic.com\/wp-content\/uploads\/2015\/04\/nordic-walking.jpg\",\"datePublished\":\"2015-04-13T15:08:00+00:00\",\"dateModified\":\"2015-04-13T16:58:42+00:00\",\"breadcrumb\":{\"@id\":\"https:\/\/deltaturistic.com\/es\/paquets-turistics\/nordic-walking-ruta-1\/#breadcrumb\"},\"inLanguage\":\"es\",\"potentialAction\":[{\"@type\":\"ReadAction\",\"target\":[\"https:\/\/deltaturistic.com\/es\/paquets-turistics\/nordic-walking-ruta-1\/\"]}]},{\"@type\":\"ImageObject\",\"inLanguage\":\"es\",\"@id\":\"https:\/\/deltaturistic.com\/es\/paquets-turistics\/nordic-walking-ruta-1\/#primaryimage\",\"url\":\"https:\/\/deltaturistic.com\/wp-content\/uploads\/2015\/04\/nordic-walking.jpg\",\"contentUrl\":\"https:\/\/deltaturistic.com\/wp-content\/uploads\/2015\/04\/nordic-walking.jpg\",\"width\":705,\"height\":400},{\"@type\":\"BreadcrumbList\",\"@id\":\"https:\/\/deltaturistic.com\/es\/paquets-turistics\/nordic-walking-ruta-1\/#breadcrumb\",\"itemListElement\":[{\"@type\":\"ListItem\",\"position\":1,\"name\":\"Inici\",\"item\":\"https:\/\/deltaturistic.com\/es\/\"},{\"@type\":\"ListItem\",\"position\":2,\"name\":\"Productes tur\u00edstics\",\"item\":\"https:\/\/deltaturistic.com\/paquets-turistics\/\"},{\"@type\":\"ListItem\",\"position\":3,\"name\":\"N\u00f2rdic Walking ruta 1.\"}]},{\"@type\":\"WebSite\",\"@id\":\"https:\/\/deltaturistic.com\/es\/#website\",\"url\":\"https:\/\/deltaturistic.com\/es\/\",\"name\":\"Turismo, excursiones y deportes de aventura en ell delta del Ebro\",\"description\":\"Turismo, excursiones y deportes de aventura en el delta del Ebro. Agencia de Viages Deltaturistic\",\"potentialAction\":[{\"@type\":\"SearchAction\",\"target\":{\"@type\":\"EntryPoint\",\"urlTemplate\":\"https:\/\/deltaturistic.com\/es\/?s={search_term_string}\"},\"query-input\":{\"@type\":\"PropertyValueSpecification\",\"valueRequired\":true,\"valueName\":\"search_term_string\"}}],\"inLanguage\":\"es\"}]}<\/script>\n<!-- \/ Yoast SEO plugin. -->","yoast_head_json":{"title":"N\u00f2rdic Walking ruta 1. - Turismo, excursiones y deportes de aventura en ell delta del Ebro","robots":{"index":"index","follow":"follow","max-snippet":"max-snippet:-1","max-image-preview":"max-image-preview:large","max-video-preview":"max-video-preview:-1"},"canonical":"https:\/\/deltaturistic.com\/es\/paquets-turistics\/nordic-walking-ruta-1\/","twitter_misc":{"Tiempo de lectura":"1 minuto"},"schema":{"@context":"https:\/\/schema.org","@graph":[{"@type":"WebPage","@id":"https:\/\/deltaturistic.com\/es\/paquets-turistics\/nordic-walking-ruta-1\/","url":"https:\/\/deltaturistic.com\/es\/paquets-turistics\/nordic-walking-ruta-1\/","name":"N\u00f2rdic Walking ruta 1. - Turismo, excursiones y deportes de aventura en ell delta del Ebro","isPartOf":{"@id":"https:\/\/deltaturistic.com\/es\/#website"},"primaryImageOfPage":{"@id":"https:\/\/deltaturistic.com\/es\/paquets-turistics\/nordic-walking-ruta-1\/#primaryimage"},"image":{"@id":"https:\/\/deltaturistic.com\/es\/paquets-turistics\/nordic-walking-ruta-1\/#primaryimage"},"thumbnailUrl":"https:\/\/deltaturistic.com\/wp-content\/uploads\/2015\/04\/nordic-walking.jpg","datePublished":"2015-04-13T15:08:00+00:00","dateModified":"2015-04-13T16:58:42+00:00","breadcrumb":{"@id":"https:\/\/deltaturistic.com\/es\/paquets-turistics\/nordic-walking-ruta-1\/#breadcrumb"},"inLanguage":"es","potentialAction":[{"@type":"ReadAction","target":["https:\/\/deltaturistic.com\/es\/paquets-turistics\/nordic-walking-ruta-1\/"]}]},{"@type":"ImageObject","inLanguage":"es","@id":"https:\/\/deltaturistic.com\/es\/paquets-turistics\/nordic-walking-ruta-1\/#primaryimage","url":"https:\/\/deltaturistic.com\/wp-content\/uploads\/2015\/04\/nordic-walking.jpg","contentUrl":"https:\/\/deltaturistic.com\/wp-content\/uploads\/2015\/04\/nordic-walking.jpg","width":705,"height":400},{"@type":"BreadcrumbList","@id":"https:\/\/deltaturistic.com\/es\/paquets-turistics\/nordic-walking-ruta-1\/#breadcrumb","itemListElement":[{"@type":"ListItem","position":1,"name":"Inici","item":"https:\/\/deltaturistic.com\/es\/"},{"@type":"ListItem","position":2,"name":"Productes tur\u00edstics","item":"https:\/\/deltaturistic.com\/paquets-turistics\/"},{"@type":"ListItem","position":3,"name":"N\u00f2rdic Walking ruta 1."}]},{"@type":"WebSite","@id":"https:\/\/deltaturistic.com\/es\/#website","url":"https:\/\/deltaturistic.com\/es\/","name":"Turismo, excursiones y deportes de aventura en ell delta del Ebro","description":"Turismo, excursiones y deportes de aventura en el delta del Ebro. Agencia de Viages Deltaturistic","potentialAction":[{"@type":"SearchAction","target":{"@type":"EntryPoint","urlTemplate":"https:\/\/deltaturistic.com\/es\/?s={search_term_string}"},"query-input":{"@type":"PropertyValueSpecification","valueRequired":true,"valueName":"search_term_string"}}],"inLanguage":"es"}]}},"_links":{"self":[{"href":"https:\/\/deltaturistic.com\/es\/wp-json\/wp\/v2\/product\/5786","targetHints":{"allow":["GET"]}}],"collection":[{"href":"https:\/\/deltaturistic.com\/es\/wp-json\/wp\/v2\/product"}],"about":[{"href":"https:\/\/deltaturistic.com\/es\/wp-json\/wp\/v2\/types\/product"}],"wp:featuredmedia":[{"embeddable":true,"href":"https:\/\/deltaturistic.com\/es\/wp-json\/wp\/v2\/media\/5778"}],"wp:attachment":[{"href":"https:\/\/deltaturistic.com\/es\/wp-json\/wp\/v2\/media?parent=5786"}],"wp:term":[{"taxonomy":"product_brand","embeddable":true,"href":"https:\/\/deltaturistic.com\/es\/wp-json\/wp\/v2\/product_brand?post=5786"},{"taxonomy":"product_cat","embeddable":true,"href":"https:\/\/deltaturistic.com\/es\/wp-json\/wp\/v2\/product_cat?post=5786"},{"taxonomy":"product_tag","embeddable":true,"href":"https:\/\/deltaturistic.com\/es\/wp-json\/wp\/v2\/product_tag?post=5786"}],"curies":[{"name":"wp","href":"https:\/\/api.w.org\/{rel}","templated":true}]}}