{"id":5795,"date":"2015-04-15T10:47:22","date_gmt":"2015-04-15T09:47:22","guid":{"rendered":"http:\/\/www.deltaturistic.com\/paquets-turistics\/nordic-walking-ruta-2-2\/"},"modified":"2015-04-15T10:50:50","modified_gmt":"2015-04-15T09:50:50","slug":"nordic-walking-ruta-2","status":"publish","type":"product","link":"https:\/\/deltaturistic.com\/es\/paquets-turistics\/nordic-walking-ruta-2\/","title":{"rendered":"N\u00f2rdic Walking ruta 2."},"content":{"rendered":"<p>Camino de Sirga del Delta<\/p>\n<p>Este itinerario se enmarca en el proyecto \u00abRestauraci\u00f3n integral del bosque de ribera en el tramo del r\u00edo Ebro entre Tortosa y la desembocadura\u00bb, desarrollado por el Ministerio de Agricultura, Alimentaci\u00f3n y Medio Ambiente.<\/p>\n<p>La actuaci\u00f3n ha recuperado el bosque de ribera de la margen derecha del Ebro y el antiguo camino de Sirga deltaico. Este camino estaba situado en la orilla del r\u00edo y vinculado estrechamente con los la\u00fades, embarcaciones que navegaban por el Ebro transportando principalmente arroz aguas arriba y materias escasas en el Delta (piedras, madera, etc ..) aguas abajo.<\/p>\n<p>El la\u00fad era arrastrado, aguas arriba, desde la ribera para animales, los machos o por personas, los sirgadors. Aguas abajo, aprovechaba la corriente y pod\u00eda usar una vela latina para aprovechar el viento.<\/p>\n<p>A mitad del siglo XX, con la mejora de la comunicaci\u00f3n rodada por ferrocarril y carretera y la construcci\u00f3n de los embalses de Ribaroja, Flix y Mequinenza, Ebro perdi\u00f3 definitivamente su papel de v\u00eda de comunicaci\u00f3n y en consecuencia, signific\u00f3 la p\u00e9rdida de la navegaci\u00f3n fluvial y los la\u00fades.<\/p>\n<p>FICHA T\u00c9CNICA<\/p>\n<p>Distancia: 21,6 km<\/p>\n<p>Localizaci\u00f3n: Amposta, Balada, San Jaume d&#8217;Enveja, Migjorn<\/p>\n<p>Duraci\u00f3n: 3 horas<\/p>\n<p>Desnivel: inexistente. Completamente plano<\/p>\n<p>Dificultad: media<\/p>\n<p>Usuarios: a pie, en bicicleta.<\/p>\n<p>Tipo de firme: tierra<\/p>\n<p>\u00c9poca recomendada: todo el a\u00f1o<\/p>\n","protected":false},"excerpt":{"rendered":"<p>Camino de Sirga del Delta Este itinerario se enmarca en el proyecto \u00abRestauraci\u00f3n integral del bosque de ribera en el tramo del r\u00edo Ebro entre Tortosa y la desembocadura\u00bb, desarrollado por el Ministerio de Agricultura, Alimentaci\u00f3n y Medio Ambiente. La actuaci\u00f3n ha recuperado el bosque de ribera de la margen derecha del Ebro y el [&hellip;]<\/p>\n","protected":false},"featured_media":5776,"template":"","meta":[],"product_brand":[],"product_cat":[533],"product_tag":[],"class_list":{"0":"post-5795","1":"product","2":"type-product","3":"status-publish","4":"has-post-thumbnail","6":"product_cat-nordic-walking-es","7":"pa_adicional-per-a-grups-minim-de-10-persones-es","8":"pa_duracio-3-hores-aprox-es","10":"first","11":"instock","12":"shipping-taxable","13":"product-type-simple"},"yoast_head":"<!-- This site is optimized with the Yoast SEO plugin v27.1.1 - https:\/\/yoast.com\/product\/yoast-seo-wordpress\/ -->\n<title>N\u00f2rdic Walking ruta 2. - Turismo, excursiones y deportes de aventura en ell delta del Ebro<\/title>\n<meta name=\"robots\" content=\"index, follow, max-snippet:-1, max-image-preview:large, max-video-preview:-1\" \/>\n<link rel=\"canonical\" href=\"https:\/\/deltaturistic.com\/es\/paquets-turistics\/nordic-walking-ruta-2\/\" \/>\n<meta name=\"twitter:label1\" content=\"Tiempo de lectura\" \/>\n\t<meta name=\"twitter:data1\" content=\"1 minuto\" \/>\n<script type=\"application\/ld+json\" class=\"yoast-schema-graph\">{\"@context\":\"https:\/\/schema.org\",\"@graph\":[{\"@type\":\"WebPage\",\"@id\":\"https:\/\/deltaturistic.com\/es\/paquets-turistics\/nordic-walking-ruta-2\/\",\"url\":\"https:\/\/deltaturistic.com\/es\/paquets-turistics\/nordic-walking-ruta-2\/\",\"name\":\"N\u00f2rdic Walking ruta 2. - Turismo, excursiones y deportes de aventura en ell delta del Ebro\",\"isPartOf\":{\"@id\":\"https:\/\/deltaturistic.com\/es\/#website\"},\"primaryImageOfPage\":{\"@id\":\"https:\/\/deltaturistic.com\/es\/paquets-turistics\/nordic-walking-ruta-2\/#primaryimage\"},\"image\":{\"@id\":\"https:\/\/deltaturistic.com\/es\/paquets-turistics\/nordic-walking-ruta-2\/#primaryimage\"},\"thumbnailUrl\":\"https:\/\/deltaturistic.com\/wp-content\/uploads\/2015\/04\/nordic-walking.jpg\",\"datePublished\":\"2015-04-15T09:47:22+00:00\",\"dateModified\":\"2015-04-15T09:50:50+00:00\",\"breadcrumb\":{\"@id\":\"https:\/\/deltaturistic.com\/es\/paquets-turistics\/nordic-walking-ruta-2\/#breadcrumb\"},\"inLanguage\":\"es\",\"potentialAction\":[{\"@type\":\"ReadAction\",\"target\":[\"https:\/\/deltaturistic.com\/es\/paquets-turistics\/nordic-walking-ruta-2\/\"]}]},{\"@type\":\"ImageObject\",\"inLanguage\":\"es\",\"@id\":\"https:\/\/deltaturistic.com\/es\/paquets-turistics\/nordic-walking-ruta-2\/#primaryimage\",\"url\":\"https:\/\/deltaturistic.com\/wp-content\/uploads\/2015\/04\/nordic-walking.jpg\",\"contentUrl\":\"https:\/\/deltaturistic.com\/wp-content\/uploads\/2015\/04\/nordic-walking.jpg\",\"width\":705,\"height\":400},{\"@type\":\"BreadcrumbList\",\"@id\":\"https:\/\/deltaturistic.com\/es\/paquets-turistics\/nordic-walking-ruta-2\/#breadcrumb\",\"itemListElement\":[{\"@type\":\"ListItem\",\"position\":1,\"name\":\"Inici\",\"item\":\"https:\/\/deltaturistic.com\/es\/\"},{\"@type\":\"ListItem\",\"position\":2,\"name\":\"Productes tur\u00edstics\",\"item\":\"https:\/\/deltaturistic.com\/paquets-turistics\/\"},{\"@type\":\"ListItem\",\"position\":3,\"name\":\"N\u00f2rdic Walking ruta 2.\"}]},{\"@type\":\"WebSite\",\"@id\":\"https:\/\/deltaturistic.com\/es\/#website\",\"url\":\"https:\/\/deltaturistic.com\/es\/\",\"name\":\"Turismo, excursiones y deportes de aventura en ell delta del Ebro\",\"description\":\"Turismo, excursiones y deportes de aventura en el delta del Ebro. Agencia de Viages Deltaturistic\",\"potentialAction\":[{\"@type\":\"SearchAction\",\"target\":{\"@type\":\"EntryPoint\",\"urlTemplate\":\"https:\/\/deltaturistic.com\/es\/?s={search_term_string}\"},\"query-input\":{\"@type\":\"PropertyValueSpecification\",\"valueRequired\":true,\"valueName\":\"search_term_string\"}}],\"inLanguage\":\"es\"}]}<\/script>\n<!-- \/ Yoast SEO plugin. -->","yoast_head_json":{"title":"N\u00f2rdic Walking ruta 2. - Turismo, excursiones y deportes de aventura en ell delta del Ebro","robots":{"index":"index","follow":"follow","max-snippet":"max-snippet:-1","max-image-preview":"max-image-preview:large","max-video-preview":"max-video-preview:-1"},"canonical":"https:\/\/deltaturistic.com\/es\/paquets-turistics\/nordic-walking-ruta-2\/","twitter_misc":{"Tiempo de lectura":"1 minuto"},"schema":{"@context":"https:\/\/schema.org","@graph":[{"@type":"WebPage","@id":"https:\/\/deltaturistic.com\/es\/paquets-turistics\/nordic-walking-ruta-2\/","url":"https:\/\/deltaturistic.com\/es\/paquets-turistics\/nordic-walking-ruta-2\/","name":"N\u00f2rdic Walking ruta 2. - Turismo, excursiones y deportes de aventura en ell delta del Ebro","isPartOf":{"@id":"https:\/\/deltaturistic.com\/es\/#website"},"primaryImageOfPage":{"@id":"https:\/\/deltaturistic.com\/es\/paquets-turistics\/nordic-walking-ruta-2\/#primaryimage"},"image":{"@id":"https:\/\/deltaturistic.com\/es\/paquets-turistics\/nordic-walking-ruta-2\/#primaryimage"},"thumbnailUrl":"https:\/\/deltaturistic.com\/wp-content\/uploads\/2015\/04\/nordic-walking.jpg","datePublished":"2015-04-15T09:47:22+00:00","dateModified":"2015-04-15T09:50:50+00:00","breadcrumb":{"@id":"https:\/\/deltaturistic.com\/es\/paquets-turistics\/nordic-walking-ruta-2\/#breadcrumb"},"inLanguage":"es","potentialAction":[{"@type":"ReadAction","target":["https:\/\/deltaturistic.com\/es\/paquets-turistics\/nordic-walking-ruta-2\/"]}]},{"@type":"ImageObject","inLanguage":"es","@id":"https:\/\/deltaturistic.com\/es\/paquets-turistics\/nordic-walking-ruta-2\/#primaryimage","url":"https:\/\/deltaturistic.com\/wp-content\/uploads\/2015\/04\/nordic-walking.jpg","contentUrl":"https:\/\/deltaturistic.com\/wp-content\/uploads\/2015\/04\/nordic-walking.jpg","width":705,"height":400},{"@type":"BreadcrumbList","@id":"https:\/\/deltaturistic.com\/es\/paquets-turistics\/nordic-walking-ruta-2\/#breadcrumb","itemListElement":[{"@type":"ListItem","position":1,"name":"Inici","item":"https:\/\/deltaturistic.com\/es\/"},{"@type":"ListItem","position":2,"name":"Productes tur\u00edstics","item":"https:\/\/deltaturistic.com\/paquets-turistics\/"},{"@type":"ListItem","position":3,"name":"N\u00f2rdic Walking ruta 2."}]},{"@type":"WebSite","@id":"https:\/\/deltaturistic.com\/es\/#website","url":"https:\/\/deltaturistic.com\/es\/","name":"Turismo, excursiones y deportes de aventura en ell delta del Ebro","description":"Turismo, excursiones y deportes de aventura en el delta del Ebro. Agencia de Viages Deltaturistic","potentialAction":[{"@type":"SearchAction","target":{"@type":"EntryPoint","urlTemplate":"https:\/\/deltaturistic.com\/es\/?s={search_term_string}"},"query-input":{"@type":"PropertyValueSpecification","valueRequired":true,"valueName":"search_term_string"}}],"inLanguage":"es"}]}},"_links":{"self":[{"href":"https:\/\/deltaturistic.com\/es\/wp-json\/wp\/v2\/product\/5795","targetHints":{"allow":["GET"]}}],"collection":[{"href":"https:\/\/deltaturistic.com\/es\/wp-json\/wp\/v2\/product"}],"about":[{"href":"https:\/\/deltaturistic.com\/es\/wp-json\/wp\/v2\/types\/product"}],"wp:featuredmedia":[{"embeddable":true,"href":"https:\/\/deltaturistic.com\/es\/wp-json\/wp\/v2\/media\/5776"}],"wp:attachment":[{"href":"https:\/\/deltaturistic.com\/es\/wp-json\/wp\/v2\/media?parent=5795"}],"wp:term":[{"taxonomy":"product_brand","embeddable":true,"href":"https:\/\/deltaturistic.com\/es\/wp-json\/wp\/v2\/product_brand?post=5795"},{"taxonomy":"product_cat","embeddable":true,"href":"https:\/\/deltaturistic.com\/es\/wp-json\/wp\/v2\/product_cat?post=5795"},{"taxonomy":"product_tag","embeddable":true,"href":"https:\/\/deltaturistic.com\/es\/wp-json\/wp\/v2\/product_tag?post=5795"}],"curies":[{"name":"wp","href":"https:\/\/api.w.org\/{rel}","templated":true}]}}