{"id":6671,"date":"2015-12-24T12:18:59","date_gmt":"2015-12-24T11:18:59","guid":{"rendered":"http:\/\/www.deltaturistic.com\/?post_type=product&#038;p=6671"},"modified":"2024-03-12T04:59:43","modified_gmt":"2024-03-12T03:59:43","slug":"arros-ecologic","status":"publish","type":"product","link":"https:\/\/deltaturistic.com\/es\/paquets-turistics\/arros-ecologic\/","title":{"rendered":"arr\u00f2s ecol\u00f2gic Bayo"},"content":{"rendered":"<p>L\u2019 arr\u00f2s ecol\u00f2gic Bayo es cultiva amb m\u00e8todes naturals, sense pesticides, ni abonaments qu\u00edmics ni additius. El seu proc\u00e9s de m\u00f2lta es realitza amb extremes mesures d\u2019anticontaminaci\u00f3. Per aix\u00f2 gaudeix del segell del Consell Catal\u00e0 de la Producci\u00f3 Agr\u00e0ria Ecol\u00f2gica. D\u2019aspecte de tipus jap\u00f2nic rod\u00f3, el seu sabor \u00e9s ideal per a tot tipus de plats. Presentaci\u00f3: capsa d\u20191 kg amb dossificador obre-f\u00e0cil<\/p>\n","protected":false},"excerpt":{"rendered":"<p>Aquest arr\u00f2s ecol\u00f2gic es realitza amb extremes mesures d\u2019anticontaminaci\u00f3<\/p>\n","protected":false},"featured_media":6443,"template":"","meta":[],"product_brand":[],"product_cat":[635],"product_tag":[],"class_list":{"0":"post-6671","1":"product","2":"type-product","3":"status-publish","4":"has-post-thumbnail","6":"product_cat-menjar-tipic-delta-ebre","8":"first","9":"instock","10":"shipping-taxable","11":"purchasable","12":"product-type-simple"},"yoast_head":"<!-- This site is optimized with the Yoast SEO plugin v27.1.1 - https:\/\/yoast.com\/product\/yoast-seo-wordpress\/ -->\n<title>arr\u00f2s ecol\u00f2gic Bayo - Turismo, excursiones y deportes de aventura en ell delta del Ebro<\/title>\n<meta name=\"description\" content=\"L\u2019 arr\u00f2s ecol\u00f2gic Bayo gaudeix del segell del consell Catal\u00e0 de la Producci\u00f3 Agr\u00e0ria Ecol\u00f2gica perqu\u00e8 es cultiva sense pesticides, ni abonaments qu\u00edmics ni additius.\" \/>\n<meta name=\"robots\" content=\"index, follow, max-snippet:-1, max-image-preview:large, max-video-preview:-1\" \/>\n<link rel=\"canonical\" href=\"https:\/\/deltaturistic.com\/es\/paquets-turistics\/arros-ecologic\/\" \/>\n<script type=\"application\/ld+json\" class=\"yoast-schema-graph\">{\"@context\":\"https:\/\/schema.org\",\"@graph\":[{\"@type\":\"WebPage\",\"@id\":\"https:\/\/deltaturistic.com\/es\/paquets-turistics\/arros-ecologic\/\",\"url\":\"https:\/\/deltaturistic.com\/es\/paquets-turistics\/arros-ecologic\/\",\"name\":\"arr\u00f2s ecol\u00f2gic Bayo - Turismo, excursiones y deportes de aventura en ell delta del Ebro\",\"isPartOf\":{\"@id\":\"https:\/\/deltaturistic.com\/es\/#website\"},\"primaryImageOfPage\":{\"@id\":\"https:\/\/deltaturistic.com\/es\/paquets-turistics\/arros-ecologic\/#primaryimage\"},\"image\":{\"@id\":\"https:\/\/deltaturistic.com\/es\/paquets-turistics\/arros-ecologic\/#primaryimage\"},\"thumbnailUrl\":\"https:\/\/deltaturistic.com\/wp-content\/uploads\/2015\/12\/CAM002481.jpg\",\"datePublished\":\"2015-12-24T11:18:59+00:00\",\"dateModified\":\"2024-03-12T03:59:43+00:00\",\"description\":\"L\u2019 arr\u00f2s ecol\u00f2gic Bayo gaudeix del segell del consell Catal\u00e0 de la Producci\u00f3 Agr\u00e0ria Ecol\u00f2gica perqu\u00e8 es cultiva sense pesticides, ni abonaments qu\u00edmics ni additius.\",\"breadcrumb\":{\"@id\":\"https:\/\/deltaturistic.com\/es\/paquets-turistics\/arros-ecologic\/#breadcrumb\"},\"inLanguage\":\"es\",\"potentialAction\":[{\"@type\":\"ReadAction\",\"target\":[\"https:\/\/deltaturistic.com\/es\/paquets-turistics\/arros-ecologic\/\"]}]},{\"@type\":\"ImageObject\",\"inLanguage\":\"es\",\"@id\":\"https:\/\/deltaturistic.com\/es\/paquets-turistics\/arros-ecologic\/#primaryimage\",\"url\":\"https:\/\/deltaturistic.com\/wp-content\/uploads\/2015\/12\/CAM002481.jpg\",\"contentUrl\":\"https:\/\/deltaturistic.com\/wp-content\/uploads\/2015\/12\/CAM002481.jpg\",\"width\":1536,\"height\":2048},{\"@type\":\"BreadcrumbList\",\"@id\":\"https:\/\/deltaturistic.com\/es\/paquets-turistics\/arros-ecologic\/#breadcrumb\",\"itemListElement\":[{\"@type\":\"ListItem\",\"position\":1,\"name\":\"Inici\",\"item\":\"https:\/\/deltaturistic.com\/es\/\"},{\"@type\":\"ListItem\",\"position\":2,\"name\":\"Productes tur\u00edstics\",\"item\":\"https:\/\/deltaturistic.com\/paquets-turistics\/\"},{\"@type\":\"ListItem\",\"position\":3,\"name\":\"arr\u00f2s ecol\u00f2gic Bayo\"}]},{\"@type\":\"WebSite\",\"@id\":\"https:\/\/deltaturistic.com\/es\/#website\",\"url\":\"https:\/\/deltaturistic.com\/es\/\",\"name\":\"Turismo, excursiones y deportes de aventura en ell delta del Ebro\",\"description\":\"Turismo, excursiones y deportes de aventura en el delta del Ebro. Agencia de Viages Deltaturistic\",\"potentialAction\":[{\"@type\":\"SearchAction\",\"target\":{\"@type\":\"EntryPoint\",\"urlTemplate\":\"https:\/\/deltaturistic.com\/es\/?s={search_term_string}\"},\"query-input\":{\"@type\":\"PropertyValueSpecification\",\"valueRequired\":true,\"valueName\":\"search_term_string\"}}],\"inLanguage\":\"es\"}]}<\/script>\n<!-- \/ Yoast SEO plugin. -->","yoast_head_json":{"title":"arr\u00f2s ecol\u00f2gic Bayo - Turismo, excursiones y deportes de aventura en ell delta del Ebro","description":"L\u2019 arr\u00f2s ecol\u00f2gic Bayo gaudeix del segell del consell Catal\u00e0 de la Producci\u00f3 Agr\u00e0ria Ecol\u00f2gica perqu\u00e8 es cultiva sense pesticides, ni abonaments qu\u00edmics ni additius.","robots":{"index":"index","follow":"follow","max-snippet":"max-snippet:-1","max-image-preview":"max-image-preview:large","max-video-preview":"max-video-preview:-1"},"canonical":"https:\/\/deltaturistic.com\/es\/paquets-turistics\/arros-ecologic\/","schema":{"@context":"https:\/\/schema.org","@graph":[{"@type":"WebPage","@id":"https:\/\/deltaturistic.com\/es\/paquets-turistics\/arros-ecologic\/","url":"https:\/\/deltaturistic.com\/es\/paquets-turistics\/arros-ecologic\/","name":"arr\u00f2s ecol\u00f2gic Bayo - Turismo, excursiones y deportes de aventura en ell delta del Ebro","isPartOf":{"@id":"https:\/\/deltaturistic.com\/es\/#website"},"primaryImageOfPage":{"@id":"https:\/\/deltaturistic.com\/es\/paquets-turistics\/arros-ecologic\/#primaryimage"},"image":{"@id":"https:\/\/deltaturistic.com\/es\/paquets-turistics\/arros-ecologic\/#primaryimage"},"thumbnailUrl":"https:\/\/deltaturistic.com\/wp-content\/uploads\/2015\/12\/CAM002481.jpg","datePublished":"2015-12-24T11:18:59+00:00","dateModified":"2024-03-12T03:59:43+00:00","description":"L\u2019 arr\u00f2s ecol\u00f2gic Bayo gaudeix del segell del consell Catal\u00e0 de la Producci\u00f3 Agr\u00e0ria Ecol\u00f2gica perqu\u00e8 es cultiva sense pesticides, ni abonaments qu\u00edmics ni additius.","breadcrumb":{"@id":"https:\/\/deltaturistic.com\/es\/paquets-turistics\/arros-ecologic\/#breadcrumb"},"inLanguage":"es","potentialAction":[{"@type":"ReadAction","target":["https:\/\/deltaturistic.com\/es\/paquets-turistics\/arros-ecologic\/"]}]},{"@type":"ImageObject","inLanguage":"es","@id":"https:\/\/deltaturistic.com\/es\/paquets-turistics\/arros-ecologic\/#primaryimage","url":"https:\/\/deltaturistic.com\/wp-content\/uploads\/2015\/12\/CAM002481.jpg","contentUrl":"https:\/\/deltaturistic.com\/wp-content\/uploads\/2015\/12\/CAM002481.jpg","width":1536,"height":2048},{"@type":"BreadcrumbList","@id":"https:\/\/deltaturistic.com\/es\/paquets-turistics\/arros-ecologic\/#breadcrumb","itemListElement":[{"@type":"ListItem","position":1,"name":"Inici","item":"https:\/\/deltaturistic.com\/es\/"},{"@type":"ListItem","position":2,"name":"Productes tur\u00edstics","item":"https:\/\/deltaturistic.com\/paquets-turistics\/"},{"@type":"ListItem","position":3,"name":"arr\u00f2s ecol\u00f2gic Bayo"}]},{"@type":"WebSite","@id":"https:\/\/deltaturistic.com\/es\/#website","url":"https:\/\/deltaturistic.com\/es\/","name":"Turismo, excursiones y deportes de aventura en ell delta del Ebro","description":"Turismo, excursiones y deportes de aventura en el delta del Ebro. Agencia de Viages Deltaturistic","potentialAction":[{"@type":"SearchAction","target":{"@type":"EntryPoint","urlTemplate":"https:\/\/deltaturistic.com\/es\/?s={search_term_string}"},"query-input":{"@type":"PropertyValueSpecification","valueRequired":true,"valueName":"search_term_string"}}],"inLanguage":"es"}]}},"_links":{"self":[{"href":"https:\/\/deltaturistic.com\/es\/wp-json\/wp\/v2\/product\/6671","targetHints":{"allow":["GET"]}}],"collection":[{"href":"https:\/\/deltaturistic.com\/es\/wp-json\/wp\/v2\/product"}],"about":[{"href":"https:\/\/deltaturistic.com\/es\/wp-json\/wp\/v2\/types\/product"}],"wp:featuredmedia":[{"embeddable":true,"href":"https:\/\/deltaturistic.com\/es\/wp-json\/wp\/v2\/media\/6443"}],"wp:attachment":[{"href":"https:\/\/deltaturistic.com\/es\/wp-json\/wp\/v2\/media?parent=6671"}],"wp:term":[{"taxonomy":"product_brand","embeddable":true,"href":"https:\/\/deltaturistic.com\/es\/wp-json\/wp\/v2\/product_brand?post=6671"},{"taxonomy":"product_cat","embeddable":true,"href":"https:\/\/deltaturistic.com\/es\/wp-json\/wp\/v2\/product_cat?post=6671"},{"taxonomy":"product_tag","embeddable":true,"href":"https:\/\/deltaturistic.com\/es\/wp-json\/wp\/v2\/product_tag?post=6671"}],"curies":[{"name":"wp","href":"https:\/\/api.w.org\/{rel}","templated":true}]}}