{"id":6721,"date":"2016-01-18T19:13:59","date_gmt":"2016-01-18T18:13:59","guid":{"rendered":"http:\/\/www.deltaturistic.com\/?post_type=product&#038;p=6721"},"modified":"2016-01-18T19:13:59","modified_gmt":"2016-01-18T18:13:59","slug":"sabo-de-mans-calendula","status":"publish","type":"product","link":"https:\/\/deltaturistic.com\/es\/paquets-turistics\/sabo-de-mans-calendula\/","title":{"rendered":"sab\u00f3 de mans cal\u00e8ndula"},"content":{"rendered":"<p>sab\u00f3 de mans artes\u00e0, 100% oli de coco\u00a0natural. \u00a0 4.5 gr<\/p>\n<p>CAL\u00c8NDULA : antiinflamatori i cicatritzant, per a pells normals i delicades<\/p>\n<p>&nbsp;<\/p>\n","protected":false},"excerpt":{"rendered":"<p>sab\u00f3 de mans perfumat<\/p>\n","protected":false},"featured_media":6515,"template":"","meta":[],"product_brand":[],"product_cat":[646],"product_tag":[],"class_list":{"0":"post-6721","1":"product","2":"type-product","3":"status-publish","4":"has-post-thumbnail","6":"product_cat-cosmetica-natural-ecologica","8":"first","9":"instock","10":"shipping-taxable","11":"purchasable","12":"product-type-simple"},"yoast_head":"<!-- This site is optimized with the Yoast SEO plugin v27.1.1 - https:\/\/yoast.com\/product\/yoast-seo-wordpress\/ -->\n<title>sab\u00f3 de mans cal\u00e8ndula - Turismo, excursiones y deportes de aventura en ell delta del Ebro<\/title>\n<meta name=\"description\" content=\"sab\u00f3 de mans artes\u00e0 natural 100% oli de coco. El de cal\u00e8ndula t\u00e9 propietats antiinflamat\u00f2ries\" \/>\n<meta name=\"robots\" content=\"index, follow, max-snippet:-1, max-image-preview:large, max-video-preview:-1\" \/>\n<link rel=\"canonical\" href=\"https:\/\/deltaturistic.com\/es\/paquets-turistics\/sabo-de-mans-calendula\/\" \/>\n<script type=\"application\/ld+json\" class=\"yoast-schema-graph\">{\"@context\":\"https:\/\/schema.org\",\"@graph\":[{\"@type\":\"WebPage\",\"@id\":\"https:\/\/deltaturistic.com\/es\/paquets-turistics\/sabo-de-mans-calendula\/\",\"url\":\"https:\/\/deltaturistic.com\/es\/paquets-turistics\/sabo-de-mans-calendula\/\",\"name\":\"sab\u00f3 de mans cal\u00e8ndula - Turismo, excursiones y deportes de aventura en ell delta del Ebro\",\"isPartOf\":{\"@id\":\"https:\/\/deltaturistic.com\/es\/#website\"},\"primaryImageOfPage\":{\"@id\":\"https:\/\/deltaturistic.com\/es\/paquets-turistics\/sabo-de-mans-calendula\/#primaryimage\"},\"image\":{\"@id\":\"https:\/\/deltaturistic.com\/es\/paquets-turistics\/sabo-de-mans-calendula\/#primaryimage\"},\"thumbnailUrl\":\"https:\/\/deltaturistic.com\/wp-content\/uploads\/2015\/12\/CAM002721.jpg\",\"datePublished\":\"2016-01-18T18:13:59+00:00\",\"description\":\"sab\u00f3 de mans artes\u00e0 natural 100% oli de coco. El de cal\u00e8ndula t\u00e9 propietats antiinflamat\u00f2ries\",\"breadcrumb\":{\"@id\":\"https:\/\/deltaturistic.com\/es\/paquets-turistics\/sabo-de-mans-calendula\/#breadcrumb\"},\"inLanguage\":\"es\",\"potentialAction\":[{\"@type\":\"ReadAction\",\"target\":[\"https:\/\/deltaturistic.com\/es\/paquets-turistics\/sabo-de-mans-calendula\/\"]}]},{\"@type\":\"ImageObject\",\"inLanguage\":\"es\",\"@id\":\"https:\/\/deltaturistic.com\/es\/paquets-turistics\/sabo-de-mans-calendula\/#primaryimage\",\"url\":\"https:\/\/deltaturistic.com\/wp-content\/uploads\/2015\/12\/CAM002721.jpg\",\"contentUrl\":\"https:\/\/deltaturistic.com\/wp-content\/uploads\/2015\/12\/CAM002721.jpg\",\"width\":2048,\"height\":1536},{\"@type\":\"BreadcrumbList\",\"@id\":\"https:\/\/deltaturistic.com\/es\/paquets-turistics\/sabo-de-mans-calendula\/#breadcrumb\",\"itemListElement\":[{\"@type\":\"ListItem\",\"position\":1,\"name\":\"Inici\",\"item\":\"https:\/\/deltaturistic.com\/es\/\"},{\"@type\":\"ListItem\",\"position\":2,\"name\":\"Productes tur\u00edstics\",\"item\":\"https:\/\/deltaturistic.com\/paquets-turistics\/\"},{\"@type\":\"ListItem\",\"position\":3,\"name\":\"sab\u00f3 de mans cal\u00e8ndula\"}]},{\"@type\":\"WebSite\",\"@id\":\"https:\/\/deltaturistic.com\/es\/#website\",\"url\":\"https:\/\/deltaturistic.com\/es\/\",\"name\":\"Turismo, excursiones y deportes de aventura en ell delta del Ebro\",\"description\":\"Turismo, excursiones y deportes de aventura en el delta del Ebro. Agencia de Viages Deltaturistic\",\"potentialAction\":[{\"@type\":\"SearchAction\",\"target\":{\"@type\":\"EntryPoint\",\"urlTemplate\":\"https:\/\/deltaturistic.com\/es\/?s={search_term_string}\"},\"query-input\":{\"@type\":\"PropertyValueSpecification\",\"valueRequired\":true,\"valueName\":\"search_term_string\"}}],\"inLanguage\":\"es\"}]}<\/script>\n<!-- \/ Yoast SEO plugin. -->","yoast_head_json":{"title":"sab\u00f3 de mans cal\u00e8ndula - Turismo, excursiones y deportes de aventura en ell delta del Ebro","description":"sab\u00f3 de mans artes\u00e0 natural 100% oli de coco. El de cal\u00e8ndula t\u00e9 propietats antiinflamat\u00f2ries","robots":{"index":"index","follow":"follow","max-snippet":"max-snippet:-1","max-image-preview":"max-image-preview:large","max-video-preview":"max-video-preview:-1"},"canonical":"https:\/\/deltaturistic.com\/es\/paquets-turistics\/sabo-de-mans-calendula\/","schema":{"@context":"https:\/\/schema.org","@graph":[{"@type":"WebPage","@id":"https:\/\/deltaturistic.com\/es\/paquets-turistics\/sabo-de-mans-calendula\/","url":"https:\/\/deltaturistic.com\/es\/paquets-turistics\/sabo-de-mans-calendula\/","name":"sab\u00f3 de mans cal\u00e8ndula - Turismo, excursiones y deportes de aventura en ell delta del Ebro","isPartOf":{"@id":"https:\/\/deltaturistic.com\/es\/#website"},"primaryImageOfPage":{"@id":"https:\/\/deltaturistic.com\/es\/paquets-turistics\/sabo-de-mans-calendula\/#primaryimage"},"image":{"@id":"https:\/\/deltaturistic.com\/es\/paquets-turistics\/sabo-de-mans-calendula\/#primaryimage"},"thumbnailUrl":"https:\/\/deltaturistic.com\/wp-content\/uploads\/2015\/12\/CAM002721.jpg","datePublished":"2016-01-18T18:13:59+00:00","description":"sab\u00f3 de mans artes\u00e0 natural 100% oli de coco. El de cal\u00e8ndula t\u00e9 propietats antiinflamat\u00f2ries","breadcrumb":{"@id":"https:\/\/deltaturistic.com\/es\/paquets-turistics\/sabo-de-mans-calendula\/#breadcrumb"},"inLanguage":"es","potentialAction":[{"@type":"ReadAction","target":["https:\/\/deltaturistic.com\/es\/paquets-turistics\/sabo-de-mans-calendula\/"]}]},{"@type":"ImageObject","inLanguage":"es","@id":"https:\/\/deltaturistic.com\/es\/paquets-turistics\/sabo-de-mans-calendula\/#primaryimage","url":"https:\/\/deltaturistic.com\/wp-content\/uploads\/2015\/12\/CAM002721.jpg","contentUrl":"https:\/\/deltaturistic.com\/wp-content\/uploads\/2015\/12\/CAM002721.jpg","width":2048,"height":1536},{"@type":"BreadcrumbList","@id":"https:\/\/deltaturistic.com\/es\/paquets-turistics\/sabo-de-mans-calendula\/#breadcrumb","itemListElement":[{"@type":"ListItem","position":1,"name":"Inici","item":"https:\/\/deltaturistic.com\/es\/"},{"@type":"ListItem","position":2,"name":"Productes tur\u00edstics","item":"https:\/\/deltaturistic.com\/paquets-turistics\/"},{"@type":"ListItem","position":3,"name":"sab\u00f3 de mans cal\u00e8ndula"}]},{"@type":"WebSite","@id":"https:\/\/deltaturistic.com\/es\/#website","url":"https:\/\/deltaturistic.com\/es\/","name":"Turismo, excursiones y deportes de aventura en ell delta del Ebro","description":"Turismo, excursiones y deportes de aventura en el delta del Ebro. Agencia de Viages Deltaturistic","potentialAction":[{"@type":"SearchAction","target":{"@type":"EntryPoint","urlTemplate":"https:\/\/deltaturistic.com\/es\/?s={search_term_string}"},"query-input":{"@type":"PropertyValueSpecification","valueRequired":true,"valueName":"search_term_string"}}],"inLanguage":"es"}]}},"_links":{"self":[{"href":"https:\/\/deltaturistic.com\/es\/wp-json\/wp\/v2\/product\/6721","targetHints":{"allow":["GET"]}}],"collection":[{"href":"https:\/\/deltaturistic.com\/es\/wp-json\/wp\/v2\/product"}],"about":[{"href":"https:\/\/deltaturistic.com\/es\/wp-json\/wp\/v2\/types\/product"}],"wp:featuredmedia":[{"embeddable":true,"href":"https:\/\/deltaturistic.com\/es\/wp-json\/wp\/v2\/media\/6515"}],"wp:attachment":[{"href":"https:\/\/deltaturistic.com\/es\/wp-json\/wp\/v2\/media?parent=6721"}],"wp:term":[{"taxonomy":"product_brand","embeddable":true,"href":"https:\/\/deltaturistic.com\/es\/wp-json\/wp\/v2\/product_brand?post=6721"},{"taxonomy":"product_cat","embeddable":true,"href":"https:\/\/deltaturistic.com\/es\/wp-json\/wp\/v2\/product_cat?post=6721"},{"taxonomy":"product_tag","embeddable":true,"href":"https:\/\/deltaturistic.com\/es\/wp-json\/wp\/v2\/product_tag?post=6721"}],"curies":[{"name":"wp","href":"https:\/\/api.w.org\/{rel}","templated":true}]}}