{"id":6732,"date":"2016-01-19T18:43:18","date_gmt":"2016-01-19T17:43:18","guid":{"rendered":"http:\/\/www.deltaturistic.com\/?post_type=product&#038;p=6732"},"modified":"2024-03-12T02:19:20","modified_gmt":"2024-03-12T01:19:20","slug":"arros-extra-segadors-del-delta","status":"publish","type":"product","link":"https:\/\/deltaturistic.com\/es\/paquets-turistics\/arros-extra-segadors-del-delta\/","title":{"rendered":"arr\u00f2s extra Segadors del Delta"},"content":{"rendered":"<p>L&#8217;arr\u00f2s extra en un entorn inigualable, el Parc Natural del Delta de l\u2019Ebre, sota un clima humit i temperat, idoni per fer-ne la sembra i el cultiu mitjan\u00e7ant m\u00e8todes tradicionals i respectuosos amb el medi ambient. Format capsa amb dossificador obre-f\u00e0cil 1 kg.<\/p>\n","protected":false},"excerpt":{"rendered":"<p>un dels millor arrossos del Delta de l&#8217;Ebre<\/p>\n","protected":false},"featured_media":6359,"template":"","meta":[],"product_brand":[],"product_cat":[635],"product_tag":[],"class_list":{"0":"post-6732","1":"product","2":"type-product","3":"status-publish","4":"has-post-thumbnail","6":"product_cat-menjar-tipic-delta-ebre","8":"first","9":"instock","10":"shipping-taxable","11":"purchasable","12":"product-type-simple"},"yoast_head":"<!-- This site is optimized with the Yoast SEO plugin v27.1.1 - https:\/\/yoast.com\/product\/yoast-seo-wordpress\/ -->\n<title>arr\u00f2s extra Segadors del Delta - Turismo, excursiones y deportes de aventura en ell delta del Ebro<\/title>\n<meta name=\"description\" content=\"l&#039;arr\u00f2s extra \u00e9s un arr\u00f2s de qualitat que creix en un entorn privilegiat com \u00e9s el Delta de l&#039;Ebre\" \/>\n<meta name=\"robots\" content=\"index, follow, max-snippet:-1, max-image-preview:large, max-video-preview:-1\" \/>\n<link rel=\"canonical\" href=\"https:\/\/deltaturistic.com\/es\/paquets-turistics\/arros-extra-segadors-del-delta\/\" \/>\n<script type=\"application\/ld+json\" class=\"yoast-schema-graph\">{\"@context\":\"https:\/\/schema.org\",\"@graph\":[{\"@type\":\"WebPage\",\"@id\":\"https:\/\/deltaturistic.com\/es\/paquets-turistics\/arros-extra-segadors-del-delta\/\",\"url\":\"https:\/\/deltaturistic.com\/es\/paquets-turistics\/arros-extra-segadors-del-delta\/\",\"name\":\"arr\u00f2s extra Segadors del Delta - Turismo, excursiones y deportes de aventura en ell delta del Ebro\",\"isPartOf\":{\"@id\":\"https:\/\/deltaturistic.com\/es\/#website\"},\"primaryImageOfPage\":{\"@id\":\"https:\/\/deltaturistic.com\/es\/paquets-turistics\/arros-extra-segadors-del-delta\/#primaryimage\"},\"image\":{\"@id\":\"https:\/\/deltaturistic.com\/es\/paquets-turistics\/arros-extra-segadors-del-delta\/#primaryimage\"},\"thumbnailUrl\":\"https:\/\/deltaturistic.com\/wp-content\/uploads\/2015\/12\/CAM002191.jpg\",\"datePublished\":\"2016-01-19T17:43:18+00:00\",\"dateModified\":\"2024-03-12T01:19:20+00:00\",\"description\":\"l'arr\u00f2s extra \u00e9s un arr\u00f2s de qualitat que creix en un entorn privilegiat com \u00e9s el Delta de l'Ebre\",\"breadcrumb\":{\"@id\":\"https:\/\/deltaturistic.com\/es\/paquets-turistics\/arros-extra-segadors-del-delta\/#breadcrumb\"},\"inLanguage\":\"es\",\"potentialAction\":[{\"@type\":\"ReadAction\",\"target\":[\"https:\/\/deltaturistic.com\/es\/paquets-turistics\/arros-extra-segadors-del-delta\/\"]}]},{\"@type\":\"ImageObject\",\"inLanguage\":\"es\",\"@id\":\"https:\/\/deltaturistic.com\/es\/paquets-turistics\/arros-extra-segadors-del-delta\/#primaryimage\",\"url\":\"https:\/\/deltaturistic.com\/wp-content\/uploads\/2015\/12\/CAM002191.jpg\",\"contentUrl\":\"https:\/\/deltaturistic.com\/wp-content\/uploads\/2015\/12\/CAM002191.jpg\",\"width\":1536,\"height\":2048},{\"@type\":\"BreadcrumbList\",\"@id\":\"https:\/\/deltaturistic.com\/es\/paquets-turistics\/arros-extra-segadors-del-delta\/#breadcrumb\",\"itemListElement\":[{\"@type\":\"ListItem\",\"position\":1,\"name\":\"Inici\",\"item\":\"https:\/\/deltaturistic.com\/es\/\"},{\"@type\":\"ListItem\",\"position\":2,\"name\":\"Productes tur\u00edstics\",\"item\":\"https:\/\/deltaturistic.com\/paquets-turistics\/\"},{\"@type\":\"ListItem\",\"position\":3,\"name\":\"arr\u00f2s extra Segadors del Delta\"}]},{\"@type\":\"WebSite\",\"@id\":\"https:\/\/deltaturistic.com\/es\/#website\",\"url\":\"https:\/\/deltaturistic.com\/es\/\",\"name\":\"Turismo, excursiones y deportes de aventura en ell delta del Ebro\",\"description\":\"Turismo, excursiones y deportes de aventura en el delta del Ebro. Agencia de Viages Deltaturistic\",\"potentialAction\":[{\"@type\":\"SearchAction\",\"target\":{\"@type\":\"EntryPoint\",\"urlTemplate\":\"https:\/\/deltaturistic.com\/es\/?s={search_term_string}\"},\"query-input\":{\"@type\":\"PropertyValueSpecification\",\"valueRequired\":true,\"valueName\":\"search_term_string\"}}],\"inLanguage\":\"es\"}]}<\/script>\n<!-- \/ Yoast SEO plugin. -->","yoast_head_json":{"title":"arr\u00f2s extra Segadors del Delta - Turismo, excursiones y deportes de aventura en ell delta del Ebro","description":"l'arr\u00f2s extra \u00e9s un arr\u00f2s de qualitat que creix en un entorn privilegiat com \u00e9s el Delta de l'Ebre","robots":{"index":"index","follow":"follow","max-snippet":"max-snippet:-1","max-image-preview":"max-image-preview:large","max-video-preview":"max-video-preview:-1"},"canonical":"https:\/\/deltaturistic.com\/es\/paquets-turistics\/arros-extra-segadors-del-delta\/","schema":{"@context":"https:\/\/schema.org","@graph":[{"@type":"WebPage","@id":"https:\/\/deltaturistic.com\/es\/paquets-turistics\/arros-extra-segadors-del-delta\/","url":"https:\/\/deltaturistic.com\/es\/paquets-turistics\/arros-extra-segadors-del-delta\/","name":"arr\u00f2s extra Segadors del Delta - Turismo, excursiones y deportes de aventura en ell delta del Ebro","isPartOf":{"@id":"https:\/\/deltaturistic.com\/es\/#website"},"primaryImageOfPage":{"@id":"https:\/\/deltaturistic.com\/es\/paquets-turistics\/arros-extra-segadors-del-delta\/#primaryimage"},"image":{"@id":"https:\/\/deltaturistic.com\/es\/paquets-turistics\/arros-extra-segadors-del-delta\/#primaryimage"},"thumbnailUrl":"https:\/\/deltaturistic.com\/wp-content\/uploads\/2015\/12\/CAM002191.jpg","datePublished":"2016-01-19T17:43:18+00:00","dateModified":"2024-03-12T01:19:20+00:00","description":"l'arr\u00f2s extra \u00e9s un arr\u00f2s de qualitat que creix en un entorn privilegiat com \u00e9s el Delta de l'Ebre","breadcrumb":{"@id":"https:\/\/deltaturistic.com\/es\/paquets-turistics\/arros-extra-segadors-del-delta\/#breadcrumb"},"inLanguage":"es","potentialAction":[{"@type":"ReadAction","target":["https:\/\/deltaturistic.com\/es\/paquets-turistics\/arros-extra-segadors-del-delta\/"]}]},{"@type":"ImageObject","inLanguage":"es","@id":"https:\/\/deltaturistic.com\/es\/paquets-turistics\/arros-extra-segadors-del-delta\/#primaryimage","url":"https:\/\/deltaturistic.com\/wp-content\/uploads\/2015\/12\/CAM002191.jpg","contentUrl":"https:\/\/deltaturistic.com\/wp-content\/uploads\/2015\/12\/CAM002191.jpg","width":1536,"height":2048},{"@type":"BreadcrumbList","@id":"https:\/\/deltaturistic.com\/es\/paquets-turistics\/arros-extra-segadors-del-delta\/#breadcrumb","itemListElement":[{"@type":"ListItem","position":1,"name":"Inici","item":"https:\/\/deltaturistic.com\/es\/"},{"@type":"ListItem","position":2,"name":"Productes tur\u00edstics","item":"https:\/\/deltaturistic.com\/paquets-turistics\/"},{"@type":"ListItem","position":3,"name":"arr\u00f2s extra Segadors del Delta"}]},{"@type":"WebSite","@id":"https:\/\/deltaturistic.com\/es\/#website","url":"https:\/\/deltaturistic.com\/es\/","name":"Turismo, excursiones y deportes de aventura en ell delta del Ebro","description":"Turismo, excursiones y deportes de aventura en el delta del Ebro. Agencia de Viages Deltaturistic","potentialAction":[{"@type":"SearchAction","target":{"@type":"EntryPoint","urlTemplate":"https:\/\/deltaturistic.com\/es\/?s={search_term_string}"},"query-input":{"@type":"PropertyValueSpecification","valueRequired":true,"valueName":"search_term_string"}}],"inLanguage":"es"}]}},"_links":{"self":[{"href":"https:\/\/deltaturistic.com\/es\/wp-json\/wp\/v2\/product\/6732","targetHints":{"allow":["GET"]}}],"collection":[{"href":"https:\/\/deltaturistic.com\/es\/wp-json\/wp\/v2\/product"}],"about":[{"href":"https:\/\/deltaturistic.com\/es\/wp-json\/wp\/v2\/types\/product"}],"wp:featuredmedia":[{"embeddable":true,"href":"https:\/\/deltaturistic.com\/es\/wp-json\/wp\/v2\/media\/6359"}],"wp:attachment":[{"href":"https:\/\/deltaturistic.com\/es\/wp-json\/wp\/v2\/media?parent=6732"}],"wp:term":[{"taxonomy":"product_brand","embeddable":true,"href":"https:\/\/deltaturistic.com\/es\/wp-json\/wp\/v2\/product_brand?post=6732"},{"taxonomy":"product_cat","embeddable":true,"href":"https:\/\/deltaturistic.com\/es\/wp-json\/wp\/v2\/product_cat?post=6732"},{"taxonomy":"product_tag","embeddable":true,"href":"https:\/\/deltaturistic.com\/es\/wp-json\/wp\/v2\/product_tag?post=6732"}],"curies":[{"name":"wp","href":"https:\/\/api.w.org\/{rel}","templated":true}]}}