{"id":6794,"date":"2016-02-04T11:57:30","date_gmt":"2016-02-04T10:57:30","guid":{"rendered":"http:\/\/www.deltaturistic.com\/?post_type=product&#038;p=6794"},"modified":"2023-11-28T01:15:24","modified_gmt":"2023-11-28T00:15:24","slug":"mel-de-romer-artmuria","status":"publish","type":"product","link":"https:\/\/deltaturistic.com\/es\/paquets-turistics\/mel-de-romer-artmuria\/","title":{"rendered":"artMuria mel de romer"},"content":{"rendered":"<p>artMuria \u00e9s una mel de luxe amb un alt contingut en pol.len i una concentraci\u00f3 m\u00e0xima d&#8217;aromes i propietats per a les taules i els paladars m\u00e9s exigents. Est\u00e0 disponible per al client sibarita que valora els productes gourmet, els quals es poden degustar als hotels i restaurants d&#8217;alt nivell, aix\u00ed com a les botigues m\u00e9s selectes de les principals ciutats del m\u00f3n.<\/p>\n<p>Pot de vidre de 170 gr. de <strong>romer\u00a0<\/strong><\/p>\n","protected":false},"excerpt":{"rendered":"<p>artMuria \u00e9s una mel de luxe amb un alt contingut en pol.len i una concentraci\u00f3 m\u00e0xima d&#8217;aromes i propietats per a les taules i els paladars m\u00e9s exigents. Est\u00e0 disponible per al client sibarita que valora els productes gourmet, els quals es poden degustar als hotels i restaurants d&#8217;alt nivell, aix\u00ed com a les botigues [&hellip;]<\/p>\n","protected":false},"featured_media":6587,"template":"","meta":[],"product_brand":[],"product_cat":[635],"product_tag":[],"class_list":{"0":"post-6794","1":"product","2":"type-product","3":"status-publish","4":"has-post-thumbnail","6":"product_cat-menjar-tipic-delta-ebre","8":"first","9":"instock","10":"shipping-taxable","11":"purchasable","12":"product-type-simple"},"yoast_head":"<!-- This site is optimized with the Yoast SEO plugin v27.1.1 - https:\/\/yoast.com\/product\/yoast-seo-wordpress\/ -->\n<title>artMuria mel de romer - Turismo, excursiones y deportes de aventura en ell delta del Ebro<\/title>\n<meta name=\"description\" content=\"artMuria \u00e9s un producte gourmet amb propietats i sabor \u00fanics, mel de luxe que se serveix a les taules m\u00e9s exigents i sibarites\" \/>\n<meta name=\"robots\" content=\"index, follow, max-snippet:-1, max-image-preview:large, max-video-preview:-1\" \/>\n<link rel=\"canonical\" href=\"https:\/\/deltaturistic.com\/es\/paquets-turistics\/mel-de-romer-artmuria\/\" \/>\n<script type=\"application\/ld+json\" class=\"yoast-schema-graph\">{\"@context\":\"https:\/\/schema.org\",\"@graph\":[{\"@type\":\"WebPage\",\"@id\":\"https:\/\/deltaturistic.com\/es\/paquets-turistics\/mel-de-romer-artmuria\/\",\"url\":\"https:\/\/deltaturistic.com\/es\/paquets-turistics\/mel-de-romer-artmuria\/\",\"name\":\"artMuria mel de romer - Turismo, excursiones y deportes de aventura en ell delta del Ebro\",\"isPartOf\":{\"@id\":\"https:\/\/deltaturistic.com\/es\/#website\"},\"primaryImageOfPage\":{\"@id\":\"https:\/\/deltaturistic.com\/es\/paquets-turistics\/mel-de-romer-artmuria\/#primaryimage\"},\"image\":{\"@id\":\"https:\/\/deltaturistic.com\/es\/paquets-turistics\/mel-de-romer-artmuria\/#primaryimage\"},\"thumbnailUrl\":\"https:\/\/deltaturistic.com\/wp-content\/uploads\/2015\/12\/CAM002961.jpg\",\"datePublished\":\"2016-02-04T10:57:30+00:00\",\"dateModified\":\"2023-11-28T00:15:24+00:00\",\"description\":\"artMuria \u00e9s un producte gourmet amb propietats i sabor \u00fanics, mel de luxe que se serveix a les taules m\u00e9s exigents i sibarites\",\"breadcrumb\":{\"@id\":\"https:\/\/deltaturistic.com\/es\/paquets-turistics\/mel-de-romer-artmuria\/#breadcrumb\"},\"inLanguage\":\"es\",\"potentialAction\":[{\"@type\":\"ReadAction\",\"target\":[\"https:\/\/deltaturistic.com\/es\/paquets-turistics\/mel-de-romer-artmuria\/\"]}]},{\"@type\":\"ImageObject\",\"inLanguage\":\"es\",\"@id\":\"https:\/\/deltaturistic.com\/es\/paquets-turistics\/mel-de-romer-artmuria\/#primaryimage\",\"url\":\"https:\/\/deltaturistic.com\/wp-content\/uploads\/2015\/12\/CAM002961.jpg\",\"contentUrl\":\"https:\/\/deltaturistic.com\/wp-content\/uploads\/2015\/12\/CAM002961.jpg\",\"width\":2048,\"height\":1536},{\"@type\":\"BreadcrumbList\",\"@id\":\"https:\/\/deltaturistic.com\/es\/paquets-turistics\/mel-de-romer-artmuria\/#breadcrumb\",\"itemListElement\":[{\"@type\":\"ListItem\",\"position\":1,\"name\":\"Inici\",\"item\":\"https:\/\/deltaturistic.com\/es\/\"},{\"@type\":\"ListItem\",\"position\":2,\"name\":\"Productes tur\u00edstics\",\"item\":\"https:\/\/deltaturistic.com\/paquets-turistics\/\"},{\"@type\":\"ListItem\",\"position\":3,\"name\":\"artMuria mel de romer\"}]},{\"@type\":\"WebSite\",\"@id\":\"https:\/\/deltaturistic.com\/es\/#website\",\"url\":\"https:\/\/deltaturistic.com\/es\/\",\"name\":\"Turismo, excursiones y deportes de aventura en ell delta del Ebro\",\"description\":\"Turismo, excursiones y deportes de aventura en el delta del Ebro. Agencia de Viages Deltaturistic\",\"potentialAction\":[{\"@type\":\"SearchAction\",\"target\":{\"@type\":\"EntryPoint\",\"urlTemplate\":\"https:\/\/deltaturistic.com\/es\/?s={search_term_string}\"},\"query-input\":{\"@type\":\"PropertyValueSpecification\",\"valueRequired\":true,\"valueName\":\"search_term_string\"}}],\"inLanguage\":\"es\"}]}<\/script>\n<!-- \/ Yoast SEO plugin. -->","yoast_head_json":{"title":"artMuria mel de romer - Turismo, excursiones y deportes de aventura en ell delta del Ebro","description":"artMuria \u00e9s un producte gourmet amb propietats i sabor \u00fanics, mel de luxe que se serveix a les taules m\u00e9s exigents i sibarites","robots":{"index":"index","follow":"follow","max-snippet":"max-snippet:-1","max-image-preview":"max-image-preview:large","max-video-preview":"max-video-preview:-1"},"canonical":"https:\/\/deltaturistic.com\/es\/paquets-turistics\/mel-de-romer-artmuria\/","schema":{"@context":"https:\/\/schema.org","@graph":[{"@type":"WebPage","@id":"https:\/\/deltaturistic.com\/es\/paquets-turistics\/mel-de-romer-artmuria\/","url":"https:\/\/deltaturistic.com\/es\/paquets-turistics\/mel-de-romer-artmuria\/","name":"artMuria mel de romer - Turismo, excursiones y deportes de aventura en ell delta del Ebro","isPartOf":{"@id":"https:\/\/deltaturistic.com\/es\/#website"},"primaryImageOfPage":{"@id":"https:\/\/deltaturistic.com\/es\/paquets-turistics\/mel-de-romer-artmuria\/#primaryimage"},"image":{"@id":"https:\/\/deltaturistic.com\/es\/paquets-turistics\/mel-de-romer-artmuria\/#primaryimage"},"thumbnailUrl":"https:\/\/deltaturistic.com\/wp-content\/uploads\/2015\/12\/CAM002961.jpg","datePublished":"2016-02-04T10:57:30+00:00","dateModified":"2023-11-28T00:15:24+00:00","description":"artMuria \u00e9s un producte gourmet amb propietats i sabor \u00fanics, mel de luxe que se serveix a les taules m\u00e9s exigents i sibarites","breadcrumb":{"@id":"https:\/\/deltaturistic.com\/es\/paquets-turistics\/mel-de-romer-artmuria\/#breadcrumb"},"inLanguage":"es","potentialAction":[{"@type":"ReadAction","target":["https:\/\/deltaturistic.com\/es\/paquets-turistics\/mel-de-romer-artmuria\/"]}]},{"@type":"ImageObject","inLanguage":"es","@id":"https:\/\/deltaturistic.com\/es\/paquets-turistics\/mel-de-romer-artmuria\/#primaryimage","url":"https:\/\/deltaturistic.com\/wp-content\/uploads\/2015\/12\/CAM002961.jpg","contentUrl":"https:\/\/deltaturistic.com\/wp-content\/uploads\/2015\/12\/CAM002961.jpg","width":2048,"height":1536},{"@type":"BreadcrumbList","@id":"https:\/\/deltaturistic.com\/es\/paquets-turistics\/mel-de-romer-artmuria\/#breadcrumb","itemListElement":[{"@type":"ListItem","position":1,"name":"Inici","item":"https:\/\/deltaturistic.com\/es\/"},{"@type":"ListItem","position":2,"name":"Productes tur\u00edstics","item":"https:\/\/deltaturistic.com\/paquets-turistics\/"},{"@type":"ListItem","position":3,"name":"artMuria mel de romer"}]},{"@type":"WebSite","@id":"https:\/\/deltaturistic.com\/es\/#website","url":"https:\/\/deltaturistic.com\/es\/","name":"Turismo, excursiones y deportes de aventura en ell delta del Ebro","description":"Turismo, excursiones y deportes de aventura en el delta del Ebro. Agencia de Viages Deltaturistic","potentialAction":[{"@type":"SearchAction","target":{"@type":"EntryPoint","urlTemplate":"https:\/\/deltaturistic.com\/es\/?s={search_term_string}"},"query-input":{"@type":"PropertyValueSpecification","valueRequired":true,"valueName":"search_term_string"}}],"inLanguage":"es"}]}},"_links":{"self":[{"href":"https:\/\/deltaturistic.com\/es\/wp-json\/wp\/v2\/product\/6794","targetHints":{"allow":["GET"]}}],"collection":[{"href":"https:\/\/deltaturistic.com\/es\/wp-json\/wp\/v2\/product"}],"about":[{"href":"https:\/\/deltaturistic.com\/es\/wp-json\/wp\/v2\/types\/product"}],"wp:featuredmedia":[{"embeddable":true,"href":"https:\/\/deltaturistic.com\/es\/wp-json\/wp\/v2\/media\/6587"}],"wp:attachment":[{"href":"https:\/\/deltaturistic.com\/es\/wp-json\/wp\/v2\/media?parent=6794"}],"wp:term":[{"taxonomy":"product_brand","embeddable":true,"href":"https:\/\/deltaturistic.com\/es\/wp-json\/wp\/v2\/product_brand?post=6794"},{"taxonomy":"product_cat","embeddable":true,"href":"https:\/\/deltaturistic.com\/es\/wp-json\/wp\/v2\/product_cat?post=6794"},{"taxonomy":"product_tag","embeddable":true,"href":"https:\/\/deltaturistic.com\/es\/wp-json\/wp\/v2\/product_tag?post=6794"}],"curies":[{"name":"wp","href":"https:\/\/api.w.org\/{rel}","templated":true}]}}