{"id":6825,"date":"2016-02-10T19:49:04","date_gmt":"2016-02-10T18:49:04","guid":{"rendered":"http:\/\/www.deltaturistic.com\/?post_type=product&#038;p=6825"},"modified":"2024-06-12T12:15:23","modified_gmt":"2024-06-12T11:15:23","slug":"licor-darros-amb-herbes","status":"publish","type":"product","link":"https:\/\/deltaturistic.com\/es\/paquets-turistics\/licor-darros-amb-herbes\/","title":{"rendered":"licor d&#8217;arr\u00f2s amb herbes"},"content":{"rendered":"<p>El licor d&#8217;arr\u00f2s amb herbes se sembla a l&#8217;orujo per\u00f2 amb molta m\u00e9s dol\u00e7or i suavitat i un color m\u00e9s transparent, on s&#8217;hi barregen diferents sensacions com la menta o el roman\u00ed. \u00c9s ideal per servir despr\u00e9s de les menjades acompanyat amb fruits secs, o sol amb gla\u00e7ons i dintre una copa de boca ampla, com els altres. \u00a0Provinent de la hidr\u00f2lisi i posterior fermentaci\u00f3 de l&#8217;arr\u00f2s del Delta de l&#8217;Ebre. Graduaci\u00f3\u00a030 %. Ampolla\u00a0vidre 700 ml.<\/p>\n","protected":false},"excerpt":{"rendered":"<p>El licor d&#8217;arr\u00f2s amb herbes se sembla a l&#8217;orujo per\u00f2 amb molta m\u00e9s dol\u00e7or i suavitat i un color m\u00e9s transparent, on s&#8217;hi barregen diferents sensacions com la menta o el roman\u00ed. \u00c9s ideal per servir despr\u00e9s de les menjades acompanyat amb fruits secs, o sol amb gla\u00e7ons i dintre una copa de boca ampla, [&hellip;]<\/p>\n","protected":false},"featured_media":5987,"template":"","meta":[],"product_brand":[],"product_cat":[640],"product_tag":[],"class_list":{"0":"post-6825","1":"product","2":"type-product","3":"status-publish","4":"has-post-thumbnail","6":"product_cat-beure","8":"first","9":"instock","10":"shipping-taxable","11":"purchasable","12":"product-type-simple"},"yoast_head":"<!-- This site is optimized with the Yoast SEO plugin v27.1.1 - https:\/\/yoast.com\/product\/yoast-seo-wordpress\/ -->\n<title>licor d&#039;arr\u00f2s amb herbes - Turismo, excursiones y deportes de aventura en ell delta del Ebro<\/title>\n<meta name=\"description\" content=\"el licor d&#039;arr\u00f2s amb herbes \u00e9s com un orujo per\u00f2 m\u00e9s suau amb tocs de menta i roman\u00ed\" \/>\n<meta name=\"robots\" content=\"index, follow, max-snippet:-1, max-image-preview:large, max-video-preview:-1\" \/>\n<link rel=\"canonical\" href=\"https:\/\/deltaturistic.com\/es\/paquets-turistics\/licor-darros-amb-herbes\/\" \/>\n<script type=\"application\/ld+json\" class=\"yoast-schema-graph\">{\"@context\":\"https:\/\/schema.org\",\"@graph\":[{\"@type\":\"WebPage\",\"@id\":\"https:\/\/deltaturistic.com\/es\/paquets-turistics\/licor-darros-amb-herbes\/\",\"url\":\"https:\/\/deltaturistic.com\/es\/paquets-turistics\/licor-darros-amb-herbes\/\",\"name\":\"licor d'arr\u00f2s amb herbes - Turismo, excursiones y deportes de aventura en ell delta del Ebro\",\"isPartOf\":{\"@id\":\"https:\/\/deltaturistic.com\/es\/#website\"},\"primaryImageOfPage\":{\"@id\":\"https:\/\/deltaturistic.com\/es\/paquets-turistics\/licor-darros-amb-herbes\/#primaryimage\"},\"image\":{\"@id\":\"https:\/\/deltaturistic.com\/es\/paquets-turistics\/licor-darros-amb-herbes\/#primaryimage\"},\"thumbnailUrl\":\"https:\/\/deltaturistic.com\/wp-content\/uploads\/2015\/12\/CAM00179.jpg\",\"datePublished\":\"2016-02-10T18:49:04+00:00\",\"dateModified\":\"2024-06-12T11:15:23+00:00\",\"description\":\"el licor d'arr\u00f2s amb herbes \u00e9s com un orujo per\u00f2 m\u00e9s suau amb tocs de menta i roman\u00ed\",\"breadcrumb\":{\"@id\":\"https:\/\/deltaturistic.com\/es\/paquets-turistics\/licor-darros-amb-herbes\/#breadcrumb\"},\"inLanguage\":\"es\",\"potentialAction\":[{\"@type\":\"ReadAction\",\"target\":[\"https:\/\/deltaturistic.com\/es\/paquets-turistics\/licor-darros-amb-herbes\/\"]}]},{\"@type\":\"ImageObject\",\"inLanguage\":\"es\",\"@id\":\"https:\/\/deltaturistic.com\/es\/paquets-turistics\/licor-darros-amb-herbes\/#primaryimage\",\"url\":\"https:\/\/deltaturistic.com\/wp-content\/uploads\/2015\/12\/CAM00179.jpg\",\"contentUrl\":\"https:\/\/deltaturistic.com\/wp-content\/uploads\/2015\/12\/CAM00179.jpg\",\"width\":1536,\"height\":2048},{\"@type\":\"BreadcrumbList\",\"@id\":\"https:\/\/deltaturistic.com\/es\/paquets-turistics\/licor-darros-amb-herbes\/#breadcrumb\",\"itemListElement\":[{\"@type\":\"ListItem\",\"position\":1,\"name\":\"Inici\",\"item\":\"https:\/\/deltaturistic.com\/es\/\"},{\"@type\":\"ListItem\",\"position\":2,\"name\":\"Productes tur\u00edstics\",\"item\":\"https:\/\/deltaturistic.com\/paquets-turistics\/\"},{\"@type\":\"ListItem\",\"position\":3,\"name\":\"licor d&#8217;arr\u00f2s amb herbes\"}]},{\"@type\":\"WebSite\",\"@id\":\"https:\/\/deltaturistic.com\/es\/#website\",\"url\":\"https:\/\/deltaturistic.com\/es\/\",\"name\":\"Turismo, excursiones y deportes de aventura en ell delta del Ebro\",\"description\":\"Turismo, excursiones y deportes de aventura en el delta del Ebro. Agencia de Viages Deltaturistic\",\"potentialAction\":[{\"@type\":\"SearchAction\",\"target\":{\"@type\":\"EntryPoint\",\"urlTemplate\":\"https:\/\/deltaturistic.com\/es\/?s={search_term_string}\"},\"query-input\":{\"@type\":\"PropertyValueSpecification\",\"valueRequired\":true,\"valueName\":\"search_term_string\"}}],\"inLanguage\":\"es\"}]}<\/script>\n<!-- \/ Yoast SEO plugin. -->","yoast_head_json":{"title":"licor d'arr\u00f2s amb herbes - Turismo, excursiones y deportes de aventura en ell delta del Ebro","description":"el licor d'arr\u00f2s amb herbes \u00e9s com un orujo per\u00f2 m\u00e9s suau amb tocs de menta i roman\u00ed","robots":{"index":"index","follow":"follow","max-snippet":"max-snippet:-1","max-image-preview":"max-image-preview:large","max-video-preview":"max-video-preview:-1"},"canonical":"https:\/\/deltaturistic.com\/es\/paquets-turistics\/licor-darros-amb-herbes\/","schema":{"@context":"https:\/\/schema.org","@graph":[{"@type":"WebPage","@id":"https:\/\/deltaturistic.com\/es\/paquets-turistics\/licor-darros-amb-herbes\/","url":"https:\/\/deltaturistic.com\/es\/paquets-turistics\/licor-darros-amb-herbes\/","name":"licor d'arr\u00f2s amb herbes - Turismo, excursiones y deportes de aventura en ell delta del Ebro","isPartOf":{"@id":"https:\/\/deltaturistic.com\/es\/#website"},"primaryImageOfPage":{"@id":"https:\/\/deltaturistic.com\/es\/paquets-turistics\/licor-darros-amb-herbes\/#primaryimage"},"image":{"@id":"https:\/\/deltaturistic.com\/es\/paquets-turistics\/licor-darros-amb-herbes\/#primaryimage"},"thumbnailUrl":"https:\/\/deltaturistic.com\/wp-content\/uploads\/2015\/12\/CAM00179.jpg","datePublished":"2016-02-10T18:49:04+00:00","dateModified":"2024-06-12T11:15:23+00:00","description":"el licor d'arr\u00f2s amb herbes \u00e9s com un orujo per\u00f2 m\u00e9s suau amb tocs de menta i roman\u00ed","breadcrumb":{"@id":"https:\/\/deltaturistic.com\/es\/paquets-turistics\/licor-darros-amb-herbes\/#breadcrumb"},"inLanguage":"es","potentialAction":[{"@type":"ReadAction","target":["https:\/\/deltaturistic.com\/es\/paquets-turistics\/licor-darros-amb-herbes\/"]}]},{"@type":"ImageObject","inLanguage":"es","@id":"https:\/\/deltaturistic.com\/es\/paquets-turistics\/licor-darros-amb-herbes\/#primaryimage","url":"https:\/\/deltaturistic.com\/wp-content\/uploads\/2015\/12\/CAM00179.jpg","contentUrl":"https:\/\/deltaturistic.com\/wp-content\/uploads\/2015\/12\/CAM00179.jpg","width":1536,"height":2048},{"@type":"BreadcrumbList","@id":"https:\/\/deltaturistic.com\/es\/paquets-turistics\/licor-darros-amb-herbes\/#breadcrumb","itemListElement":[{"@type":"ListItem","position":1,"name":"Inici","item":"https:\/\/deltaturistic.com\/es\/"},{"@type":"ListItem","position":2,"name":"Productes tur\u00edstics","item":"https:\/\/deltaturistic.com\/paquets-turistics\/"},{"@type":"ListItem","position":3,"name":"licor d&#8217;arr\u00f2s amb herbes"}]},{"@type":"WebSite","@id":"https:\/\/deltaturistic.com\/es\/#website","url":"https:\/\/deltaturistic.com\/es\/","name":"Turismo, excursiones y deportes de aventura en ell delta del Ebro","description":"Turismo, excursiones y deportes de aventura en el delta del Ebro. Agencia de Viages Deltaturistic","potentialAction":[{"@type":"SearchAction","target":{"@type":"EntryPoint","urlTemplate":"https:\/\/deltaturistic.com\/es\/?s={search_term_string}"},"query-input":{"@type":"PropertyValueSpecification","valueRequired":true,"valueName":"search_term_string"}}],"inLanguage":"es"}]}},"_links":{"self":[{"href":"https:\/\/deltaturistic.com\/es\/wp-json\/wp\/v2\/product\/6825","targetHints":{"allow":["GET"]}}],"collection":[{"href":"https:\/\/deltaturistic.com\/es\/wp-json\/wp\/v2\/product"}],"about":[{"href":"https:\/\/deltaturistic.com\/es\/wp-json\/wp\/v2\/types\/product"}],"wp:featuredmedia":[{"embeddable":true,"href":"https:\/\/deltaturistic.com\/es\/wp-json\/wp\/v2\/media\/5987"}],"wp:attachment":[{"href":"https:\/\/deltaturistic.com\/es\/wp-json\/wp\/v2\/media?parent=6825"}],"wp:term":[{"taxonomy":"product_brand","embeddable":true,"href":"https:\/\/deltaturistic.com\/es\/wp-json\/wp\/v2\/product_brand?post=6825"},{"taxonomy":"product_cat","embeddable":true,"href":"https:\/\/deltaturistic.com\/es\/wp-json\/wp\/v2\/product_cat?post=6825"},{"taxonomy":"product_tag","embeddable":true,"href":"https:\/\/deltaturistic.com\/es\/wp-json\/wp\/v2\/product_tag?post=6825"}],"curies":[{"name":"wp","href":"https:\/\/api.w.org\/{rel}","templated":true}]}}