{"id":6894,"date":"2016-07-11T11:46:04","date_gmt":"2016-07-11T10:46:04","guid":{"rendered":"http:\/\/www.deltaturistic.com\/es\/paquets-turistics\/gr-92-laliga-lampolla\/"},"modified":"2016-07-11T11:46:04","modified_gmt":"2016-07-11T10:46:04","slug":"gr-92-laliga-lampolla","status":"publish","type":"product","link":"https:\/\/deltaturistic.com\/es\/paquets-turistics\/gr-92-laliga-lampolla\/","title":{"rendered":"GR-92 L&#8217;\u00c0liga-L&#8217;Ampolla"},"content":{"rendered":"<p>GR-92 l&#8217;Ametlla de Mar &#8211; l&#8217;Ampolla.<\/p>\n<p>El recorregut d&#8217;aquesta ruta segueix el litoral catal\u00e0, amb gran diversitat de cales, platges i paisatge t\u00edpic mediterrani.<\/p>\n<p>La ETAPA 29 del GR-92, l&#8217;Ametlla de Mar &#8211; l&#8217;Ampolla.<br \/>\nEn aquest tram, el GR92 es transforma en una imatge t\u00edpica Mediterr\u00e0nia, amb les seves cales i penya-segats, amb el mar i la costa a escassos metres. \u00c9s una ruta obligat\u00f2ria per als amants de la costa, les rutes a peu i el senderisme.<\/p>\n<p>Itinerari: De la Cala de l&#8217;\u00c0liga a l&#8217;Ampolla.<\/p>\n<p>Recorregut: 7,2km<\/p>\n<p>Temps aprox: 2,5 h &#8211; 3 h<\/p>\n<p>L&#8217;itinerari proposat s&#8217;inicia Cala de l&#8217;\u00c0liga en direcci\u00f3 a l&#8217;Ampolla fins a arribar a la mateixa. El recorregut transcorre al costat del mar, recorrent els antics camins de ronda, que fins fa poc transitaven els carabiners per vigilar l&#8217;activitat dels contrabandistes, que aprofitaven la foscor de la nit en un litoral tan abrupte.<\/p>\n<p>Aquesta excursi\u00f3 transcorre per llocs de la costa poc alterats i de gran bellesa. Els trams rocosos s&#8217;intercalen amb petites cales de pedra petita, on s&#8217;amunteguen els c\u00f2dols que arrosseguen els torrents durant les riuades. El cromatisme d&#8217;aquest passeig \u00e9s d&#8217;una intensitat captivadora: des de l&#8217;ocre i el daurat dels marges als tons vermellosos dels penya-segats, tot combinat amb el verd de les pinedes i el blau intens del mar.<\/p>\n<p>Les cales tranquil\u00b7les i solit\u00e0ries s\u00f3n un lloc idoni on podem parar a refrescar els nostres cansats peus o banyar-nos.<\/p>\n<p>Passem per: Platja de l&#8217;\u00c0liga, Cala Moros, Platja de Santa Ll\u00facia, Platja Morro de Gos, Cala la Bona, Platja de Cap Roig, Cala Escaret, Cala Maria, Platja del Bacon\u00e9, Platja dels Capellans, L&#8217;Ampolla.<\/p>\n<p>Altra informaci\u00f3:\u00a0Esfor\u00e7 moderat.<\/p>\n<p>&nbsp;<\/p>\n<p>Recomanacions: cal\u00e7at c\u00f2mode i tancat, gorra, crema solar, aigua.<\/p>\n<p>M\u00ednim 4 persones<\/p>\n","protected":false},"excerpt":{"rendered":"<p>GR-92 l&#8217;Ametlla de Mar &#8211; l&#8217;Ampolla. El recorregut d&#8217;aquesta ruta segueix el litoral catal\u00e0, amb gran diversitat de cales, platges i paisatge t\u00edpic mediterrani. La ETAPA 29 del GR-92, l&#8217;Ametlla de Mar &#8211; l&#8217;Ampolla. En aquest tram, el GR92 es transforma en una imatge t\u00edpica Mediterr\u00e0nia, amb les seves cales i penya-segats, amb el mar [&hellip;]<\/p>\n","protected":false},"featured_media":0,"template":"","meta":[],"product_brand":[],"product_cat":[498,153,685,523,533],"product_tag":[],"class_list":{"0":"post-6894","1":"product","2":"type-product","3":"status-publish","5":"product_cat-actividades","6":"product_cat-deportes-de-aventura","7":"product_cat-excursions-es","8":"product_cat-experiencias","9":"product_cat-nordic-walking-es","11":"first","12":"instock","13":"virtual","14":"product-type-simple"},"yoast_head":"<!-- This site is optimized with the Yoast SEO plugin v27.1.1 - https:\/\/yoast.com\/product\/yoast-seo-wordpress\/ -->\n<title>GR-92 L&#039;\u00c0liga-L&#039;Ampolla - Turismo, excursiones y deportes de aventura en ell delta del Ebro<\/title>\n<meta name=\"robots\" content=\"index, follow, max-snippet:-1, max-image-preview:large, max-video-preview:-1\" \/>\n<link rel=\"canonical\" href=\"https:\/\/deltaturistic.com\/es\/paquets-turistics\/gr-92-laliga-lampolla\/\" \/>\n<meta name=\"twitter:label1\" content=\"Tiempo de lectura\" \/>\n\t<meta name=\"twitter:data1\" content=\"1 minuto\" \/>\n<script type=\"application\/ld+json\" class=\"yoast-schema-graph\">{\"@context\":\"https:\/\/schema.org\",\"@graph\":[{\"@type\":\"WebPage\",\"@id\":\"https:\/\/deltaturistic.com\/es\/paquets-turistics\/gr-92-laliga-lampolla\/\",\"url\":\"https:\/\/deltaturistic.com\/es\/paquets-turistics\/gr-92-laliga-lampolla\/\",\"name\":\"GR-92 L'\u00c0liga-L'Ampolla - Turismo, excursiones y deportes de aventura en ell delta del Ebro\",\"isPartOf\":{\"@id\":\"https:\/\/deltaturistic.com\/es\/#website\"},\"datePublished\":\"2016-07-11T10:46:04+00:00\",\"breadcrumb\":{\"@id\":\"https:\/\/deltaturistic.com\/es\/paquets-turistics\/gr-92-laliga-lampolla\/#breadcrumb\"},\"inLanguage\":\"es\",\"potentialAction\":[{\"@type\":\"ReadAction\",\"target\":[\"https:\/\/deltaturistic.com\/es\/paquets-turistics\/gr-92-laliga-lampolla\/\"]}]},{\"@type\":\"BreadcrumbList\",\"@id\":\"https:\/\/deltaturistic.com\/es\/paquets-turistics\/gr-92-laliga-lampolla\/#breadcrumb\",\"itemListElement\":[{\"@type\":\"ListItem\",\"position\":1,\"name\":\"Inici\",\"item\":\"https:\/\/deltaturistic.com\/es\/\"},{\"@type\":\"ListItem\",\"position\":2,\"name\":\"Productes tur\u00edstics\",\"item\":\"https:\/\/deltaturistic.com\/paquets-turistics\/\"},{\"@type\":\"ListItem\",\"position\":3,\"name\":\"GR-92 L&#8217;\u00c0liga-L&#8217;Ampolla\"}]},{\"@type\":\"WebSite\",\"@id\":\"https:\/\/deltaturistic.com\/es\/#website\",\"url\":\"https:\/\/deltaturistic.com\/es\/\",\"name\":\"Turismo, excursiones y deportes de aventura en ell delta del Ebro\",\"description\":\"Turismo, excursiones y deportes de aventura en el delta del Ebro. Agencia de Viages Deltaturistic\",\"potentialAction\":[{\"@type\":\"SearchAction\",\"target\":{\"@type\":\"EntryPoint\",\"urlTemplate\":\"https:\/\/deltaturistic.com\/es\/?s={search_term_string}\"},\"query-input\":{\"@type\":\"PropertyValueSpecification\",\"valueRequired\":true,\"valueName\":\"search_term_string\"}}],\"inLanguage\":\"es\"}]}<\/script>\n<!-- \/ Yoast SEO plugin. -->","yoast_head_json":{"title":"GR-92 L'\u00c0liga-L'Ampolla - Turismo, excursiones y deportes de aventura en ell delta del Ebro","robots":{"index":"index","follow":"follow","max-snippet":"max-snippet:-1","max-image-preview":"max-image-preview:large","max-video-preview":"max-video-preview:-1"},"canonical":"https:\/\/deltaturistic.com\/es\/paquets-turistics\/gr-92-laliga-lampolla\/","twitter_misc":{"Tiempo de lectura":"1 minuto"},"schema":{"@context":"https:\/\/schema.org","@graph":[{"@type":"WebPage","@id":"https:\/\/deltaturistic.com\/es\/paquets-turistics\/gr-92-laliga-lampolla\/","url":"https:\/\/deltaturistic.com\/es\/paquets-turistics\/gr-92-laliga-lampolla\/","name":"GR-92 L'\u00c0liga-L'Ampolla - Turismo, excursiones y deportes de aventura en ell delta del Ebro","isPartOf":{"@id":"https:\/\/deltaturistic.com\/es\/#website"},"datePublished":"2016-07-11T10:46:04+00:00","breadcrumb":{"@id":"https:\/\/deltaturistic.com\/es\/paquets-turistics\/gr-92-laliga-lampolla\/#breadcrumb"},"inLanguage":"es","potentialAction":[{"@type":"ReadAction","target":["https:\/\/deltaturistic.com\/es\/paquets-turistics\/gr-92-laliga-lampolla\/"]}]},{"@type":"BreadcrumbList","@id":"https:\/\/deltaturistic.com\/es\/paquets-turistics\/gr-92-laliga-lampolla\/#breadcrumb","itemListElement":[{"@type":"ListItem","position":1,"name":"Inici","item":"https:\/\/deltaturistic.com\/es\/"},{"@type":"ListItem","position":2,"name":"Productes tur\u00edstics","item":"https:\/\/deltaturistic.com\/paquets-turistics\/"},{"@type":"ListItem","position":3,"name":"GR-92 L&#8217;\u00c0liga-L&#8217;Ampolla"}]},{"@type":"WebSite","@id":"https:\/\/deltaturistic.com\/es\/#website","url":"https:\/\/deltaturistic.com\/es\/","name":"Turismo, excursiones y deportes de aventura en ell delta del Ebro","description":"Turismo, excursiones y deportes de aventura en el delta del Ebro. Agencia de Viages Deltaturistic","potentialAction":[{"@type":"SearchAction","target":{"@type":"EntryPoint","urlTemplate":"https:\/\/deltaturistic.com\/es\/?s={search_term_string}"},"query-input":{"@type":"PropertyValueSpecification","valueRequired":true,"valueName":"search_term_string"}}],"inLanguage":"es"}]}},"_links":{"self":[{"href":"https:\/\/deltaturistic.com\/es\/wp-json\/wp\/v2\/product\/6894","targetHints":{"allow":["GET"]}}],"collection":[{"href":"https:\/\/deltaturistic.com\/es\/wp-json\/wp\/v2\/product"}],"about":[{"href":"https:\/\/deltaturistic.com\/es\/wp-json\/wp\/v2\/types\/product"}],"wp:attachment":[{"href":"https:\/\/deltaturistic.com\/es\/wp-json\/wp\/v2\/media?parent=6894"}],"wp:term":[{"taxonomy":"product_brand","embeddable":true,"href":"https:\/\/deltaturistic.com\/es\/wp-json\/wp\/v2\/product_brand?post=6894"},{"taxonomy":"product_cat","embeddable":true,"href":"https:\/\/deltaturistic.com\/es\/wp-json\/wp\/v2\/product_cat?post=6894"},{"taxonomy":"product_tag","embeddable":true,"href":"https:\/\/deltaturistic.com\/es\/wp-json\/wp\/v2\/product_tag?post=6894"}],"curies":[{"name":"wp","href":"https:\/\/api.w.org\/{rel}","templated":true}]}}